{"id":14936,"date":"2026-01-02T14:17:02","date_gmt":"2026-01-02T12:17:02","guid":{"rendered":"https:\/\/stoffega.com\/?post_type=product&#038;p=14936"},"modified":"2026-01-02T14:17:30","modified_gmt":"2026-01-02T12:17:30","slug":"mini-geldboerse-kork-kopie-2-2-4-2-2-2-2-2-2-2-3-2-2-2","status":"publish","type":"product","link":"https:\/\/stoffega.com\/en\/product\/mini-geldboerse-kork-kopie-2-2-4-2-2-2-2-2-2-2-3-2-2-2","title":{"rendered":"Leo"},"content":{"rendered":"<p>Diese Geldb\u00f6rse\u00a0 besteht aus einem Fach in der Gr\u00f6\u00dfe einer Bankkarte.\u00a0 In dem Fach haben bis zu 5 Karten und Papier- und M\u00fcnzgeld Platz.<\/p>\n<p>Die Geldb\u00f6rse wird mit einem Druckknopf verschlossen.<\/p>","protected":false},"excerpt":{"rendered":"<p>handgefertigt aus hochwertigem portugiesischem Korkleder<\/p>\n<p>Gr\u00f6\u00dfe: ca. 9 cm x 6 cm (genau die Gr\u00f6\u00dfe einer Bankkarte)<\/p>","protected":false},"featured_media":14937,"comment_status":"closed","ping_status":"closed","template":"","meta":[],"product_brand":[],"product_cat":[208],"product_tag":[244,275,245,242,308,250,310,309],"class_list":{"0":"post-14936","1":"product","2":"type-product","3":"status-publish","4":"has-post-thumbnail","6":"product_cat-mini-geldboerse-kork","7":"product_tag-brieftasche","8":"product_tag-geld","9":"product_tag-geldbeutel","10":"product_tag-geldboerse","11":"product_tag-geldtaeschchen","12":"product_tag-geldtasche","13":"product_tag-minigeldbeutel","14":"product_tag-minitasche","15":"product_shipping_class-paeckchen","17":"first","18":"instock","19":"shipping-taxable","20":"purchasable","21":"product-type-simple"},"jetpack_sharing_enabled":true,"_links":{"self":[{"href":"https:\/\/stoffega.com\/en\/wp-json\/wp\/v2\/product\/14936","targetHints":{"allow":["GET"]}}],"collection":[{"href":"https:\/\/stoffega.com\/en\/wp-json\/wp\/v2\/product"}],"about":[{"href":"https:\/\/stoffega.com\/en\/wp-json\/wp\/v2\/types\/product"}],"replies":[{"embeddable":true,"href":"https:\/\/stoffega.com\/en\/wp-json\/wp\/v2\/comments?post=14936"}],"wp:featuredmedia":[{"embeddable":true,"href":"https:\/\/stoffega.com\/en\/wp-json\/wp\/v2\/media\/14937"}],"wp:attachment":[{"href":"https:\/\/stoffega.com\/en\/wp-json\/wp\/v2\/media?parent=14936"}],"wp:term":[{"taxonomy":"product_brand","embeddable":true,"href":"https:\/\/stoffega.com\/en\/wp-json\/wp\/v2\/product_brand?post=14936"},{"taxonomy":"product_cat","embeddable":true,"href":"https:\/\/stoffega.com\/en\/wp-json\/wp\/v2\/product_cat?post=14936"},{"taxonomy":"product_tag","embeddable":true,"href":"https:\/\/stoffega.com\/en\/wp-json\/wp\/v2\/product_tag?post=14936"}],"curies":[{"name":"wp","href":"https:\/\/api.w.org\/{rel}","templated":true}]}}