{"id":14989,"date":"2026-01-02T14:38:11","date_gmt":"2026-01-02T12:38:11","guid":{"rendered":"https:\/\/stoffega.com\/?post_type=product&#038;p=14989"},"modified":"2026-01-02T14:38:44","modified_gmt":"2026-01-02T12:38:44","slug":"grautoene-3-2-2-2-2-2-2-2-2-2-2","status":"publish","type":"product","link":"https:\/\/stoffega.com\/en\/product\/grautoene-3-2-2-2-2-2-2-2-2-2-2","title":{"rendered":"St\u00e4dte"},"content":{"rendered":"<p>Der Beutel ist oben mit einem Metallrahmen verschlossen, der sich durch Zusammendr\u00fccken \u00f6ffnen l\u00e4sst. das Innenfutter ist aus Wachstuch, so dass man auch die feuchte Seife gut verpacken kann, aber nat\u00fcrlich auch andere Kleinigkeiten.<\/p>\n<p>Der Beutel ist bei 30\u00b0 Pflegew\u00e4sche in der Maschine waschbar.<\/p>\n<p><span>Der Beutel ist nach einem eigenen Entwurf gearbeitet.<\/span><\/p>","protected":false},"excerpt":{"rendered":"<p><span>handgefertigt aus hochwertigen Baumwollstoffen und wasserabweisender gewachster Bio-Baumwolle<\/span><\/p>\n<p>Gr\u00f6\u00dfe: ca. 10cm x 12cm<\/p>","protected":false},"featured_media":14991,"comment_status":"closed","ping_status":"closed","template":"","meta":[],"product_brand":[],"product_cat":[276],"product_tag":[281,277,278,283,279,280,282],"class_list":{"0":"post-14989","1":"product","2":"type-product","3":"status-publish","4":"has-post-thumbnail","6":"product_cat-seifenbeutel","7":"product_tag-abwischbar","8":"product_tag-seife","9":"product_tag-seifenbeutel","10":"product_tag-seifentaeschchen","11":"product_tag-seifentasche","12":"product_tag-wachstuch","13":"product_tag-wasserabweisend","14":"product_shipping_class-paeckchen","16":"first","17":"instock","18":"shipping-taxable","19":"purchasable","20":"product-type-simple"},"jetpack_sharing_enabled":true,"_links":{"self":[{"href":"https:\/\/stoffega.com\/en\/wp-json\/wp\/v2\/product\/14989","targetHints":{"allow":["GET"]}}],"collection":[{"href":"https:\/\/stoffega.com\/en\/wp-json\/wp\/v2\/product"}],"about":[{"href":"https:\/\/stoffega.com\/en\/wp-json\/wp\/v2\/types\/product"}],"replies":[{"embeddable":true,"href":"https:\/\/stoffega.com\/en\/wp-json\/wp\/v2\/comments?post=14989"}],"wp:featuredmedia":[{"embeddable":true,"href":"https:\/\/stoffega.com\/en\/wp-json\/wp\/v2\/media\/14991"}],"wp:attachment":[{"href":"https:\/\/stoffega.com\/en\/wp-json\/wp\/v2\/media?parent=14989"}],"wp:term":[{"taxonomy":"product_brand","embeddable":true,"href":"https:\/\/stoffega.com\/en\/wp-json\/wp\/v2\/product_brand?post=14989"},{"taxonomy":"product_cat","embeddable":true,"href":"https:\/\/stoffega.com\/en\/wp-json\/wp\/v2\/product_cat?post=14989"},{"taxonomy":"product_tag","embeddable":true,"href":"https:\/\/stoffega.com\/en\/wp-json\/wp\/v2\/product_tag?post=14989"}],"curies":[{"name":"wp","href":"https:\/\/api.w.org\/{rel}","templated":true}]}}