{"id":15083,"date":"2026-01-13T13:59:13","date_gmt":"2026-01-13T11:59:13","guid":{"rendered":"https:\/\/stoffega.com\/?post_type=product&#038;p=15083"},"modified":"2026-01-13T14:00:00","modified_gmt":"2026-01-13T12:00:00","slug":"blaue-wellen-4-2-2-2-2-3-2-2-3-2-2-2-2-2-2-2","status":"publish","type":"product","link":"https:\/\/stoffega.com\/en\/product\/blaue-wellen-4-2-2-2-2-3-2-2-3-2-2-2-2-2-2-2","title":{"rendered":"Schwarze Bl\u00fcmchen"},"content":{"rendered":"<p>Dieses Kosmetiktasche ist au\u00dfen aus wasser- und schutzabweisenden Kork gearbeitet, was f\u00fcr die Verwendung in Nassr\u00e4umen sehr vorteilhaft ist.<\/p>\n<p>\u00d6ffnet man die Kosmetiktasche ganz, so faltet sich die Tasche komplett zu einem Korb auf, sodass man einen sehr guten \u00dcberblick \u00fcber den ganzen Inhalt hat.\u00a0 Die Tasche hat innen auf einer Seite ein\u00a0 Rei\u00dfverschlussfach,\u00a0 in dem sich die kleineren Dinge gut aufbewahren lassen. Auf der anderen Innenseite hat man 4 Steckf\u00e4cher.<\/p>\n<p>Der Innenstoff der Tasche ist wasserabweisend, sodass ausgeronnene Duschgels oder Lotionen leicht abgewischt werden k\u00f6nnen und nichts in den Koffer hinausrinnt.<\/p>\n<p>Sollte die Tasche schmutzig werden, einfach innen und au\u00dfen mit einem feuchten Tuch mit etwas Seife reinigen.<\/p>\n<p>Das T\u00e4schchen ist nach einem eigenem Schnittmuster gearbeitet.<\/p>","protected":false},"excerpt":{"rendered":"<p><span>handgefertigt aus portugiesischem Kork und hochwertigen wasserabweisenden Innenstoffen\u00a0<\/span><\/p>\n<p>Gr\u00f6\u00dfe: ca. 24cm x 21cm x 12cm<\/p>","protected":false},"featured_media":15084,"comment_status":"closed","ping_status":"closed","template":"","meta":[],"product_brand":[],"product_cat":[155],"product_tag":[165,164,160,163,162,161,166],"class_list":{"0":"post-15083","1":"product","2":"type-product","3":"status-publish","4":"has-post-thumbnail","6":"product_cat-kork-kosmatiktasche","7":"product_tag-badetasche","8":"product_tag-kosmetik","9":"product_tag-kosmetiktasche","10":"product_tag-kulturbeutel","11":"product_tag-taeschchen","12":"product_tag-waschtasche","13":"product_tag-zippertasche","14":"product_shipping_class-paeckchen","16":"first","17":"instock","18":"shipping-taxable","19":"purchasable","20":"product-type-simple"},"jetpack_sharing_enabled":true,"_links":{"self":[{"href":"https:\/\/stoffega.com\/en\/wp-json\/wp\/v2\/product\/15083","targetHints":{"allow":["GET"]}}],"collection":[{"href":"https:\/\/stoffega.com\/en\/wp-json\/wp\/v2\/product"}],"about":[{"href":"https:\/\/stoffega.com\/en\/wp-json\/wp\/v2\/types\/product"}],"replies":[{"embeddable":true,"href":"https:\/\/stoffega.com\/en\/wp-json\/wp\/v2\/comments?post=15083"}],"wp:featuredmedia":[{"embeddable":true,"href":"https:\/\/stoffega.com\/en\/wp-json\/wp\/v2\/media\/15084"}],"wp:attachment":[{"href":"https:\/\/stoffega.com\/en\/wp-json\/wp\/v2\/media?parent=15083"}],"wp:term":[{"taxonomy":"product_brand","embeddable":true,"href":"https:\/\/stoffega.com\/en\/wp-json\/wp\/v2\/product_brand?post=15083"},{"taxonomy":"product_cat","embeddable":true,"href":"https:\/\/stoffega.com\/en\/wp-json\/wp\/v2\/product_cat?post=15083"},{"taxonomy":"product_tag","embeddable":true,"href":"https:\/\/stoffega.com\/en\/wp-json\/wp\/v2\/product_tag?post=15083"}],"curies":[{"name":"wp","href":"https:\/\/api.w.org\/{rel}","templated":true}]}}