{"id":15225,"date":"2026-01-20T14:31:51","date_gmt":"2026-01-20T12:31:51","guid":{"rendered":"https:\/\/stoffega.com\/?post_type=product&#038;p=15225"},"modified":"2026-01-20T14:32:22","modified_gmt":"2026-01-20T12:32:22","slug":"schwarze-faecher-2-2-2-2-2-2-2-2-2-2-2-2-2-2-2-2-2-2-2-2-2-3-2-2-2-2-2-2-2-2-2-2-2-2-2-2-2-2-2-2","status":"publish","type":"product","link":"https:\/\/stoffega.com\/en\/product\/schwarze-faecher-2-2-2-2-2-2-2-2-2-2-2-2-2-2-2-2-2-2-2-2-2-3-2-2-2-2-2-2-2-2-2-2-2-2-2-2-2-2-2-2","title":{"rendered":"Karo"},"content":{"rendered":"<p>So klein und doch ein Raumwunder. Dieses Korkt\u00e4schchen hat zwei Rei\u00dfverschlussf\u00e4cher an den Seiten, die von der H\u00f6he gut f\u00fcr Karten und Papiergeld verwendet werden k\u00f6nnen. In der Mitte ist ein drittes gro\u00dfes Rei\u00dfverschlussfach f\u00fcr M\u00fcnzgeld, Schl\u00fcssel oder \u00c4hnliches.<\/p>\n<p><span>Die Au\u00dfenseite ist aus<\/span><span> hochwertigem portugiesischem Kork\u00a0 gearbeitet, wodurch die Tasche stabil und gut in der Hand liegt. In den Innenf\u00e4chern bieten Designer-Patchworkstoffe ein Highlight f\u00fcr die Augen.<\/span><\/p>\n<p>Das Korkleder ist wasserabweisend und ganz leicht mit einem feuchten Tuch zu reinigen.<\/p>\n<p>&nbsp;<\/p>\n<p>&nbsp;<\/p>\n<p>&nbsp;<\/p>","protected":false},"excerpt":{"rendered":"<p><span>handgefertigt aus\u00a0 portugiesischem Kork und hochwertigen Designerstoffen<\/span><\/p>\n<p>Gr\u00f6\u00dfe: ca. 12cm x 10,5cm x 3cm<\/p>","protected":false},"featured_media":15227,"comment_status":"closed","ping_status":"closed","template":"","meta":[],"product_brand":[],"product_cat":[365],"product_tag":[244,245,242,250,243,162,246,251,166],"class_list":{"0":"post-15225","1":"product","2":"type-product","3":"status-publish","4":"has-post-thumbnail","6":"product_cat-3-zip-boerse","7":"product_tag-brieftasche","8":"product_tag-geldbeutel","9":"product_tag-geldboerse","10":"product_tag-geldtasche","11":"product_tag-portemonnaie","12":"product_tag-taeschchen","13":"product_tag-zipper","14":"product_tag-zippertaeschchen","15":"product_tag-zippertasche","16":"product_shipping_class-paeckchen","18":"first","19":"instock","20":"shipping-taxable","21":"purchasable","22":"product-type-simple"},"jetpack_sharing_enabled":true,"_links":{"self":[{"href":"https:\/\/stoffega.com\/en\/wp-json\/wp\/v2\/product\/15225","targetHints":{"allow":["GET"]}}],"collection":[{"href":"https:\/\/stoffega.com\/en\/wp-json\/wp\/v2\/product"}],"about":[{"href":"https:\/\/stoffega.com\/en\/wp-json\/wp\/v2\/types\/product"}],"replies":[{"embeddable":true,"href":"https:\/\/stoffega.com\/en\/wp-json\/wp\/v2\/comments?post=15225"}],"wp:featuredmedia":[{"embeddable":true,"href":"https:\/\/stoffega.com\/en\/wp-json\/wp\/v2\/media\/15227"}],"wp:attachment":[{"href":"https:\/\/stoffega.com\/en\/wp-json\/wp\/v2\/media?parent=15225"}],"wp:term":[{"taxonomy":"product_brand","embeddable":true,"href":"https:\/\/stoffega.com\/en\/wp-json\/wp\/v2\/product_brand?post=15225"},{"taxonomy":"product_cat","embeddable":true,"href":"https:\/\/stoffega.com\/en\/wp-json\/wp\/v2\/product_cat?post=15225"},{"taxonomy":"product_tag","embeddable":true,"href":"https:\/\/stoffega.com\/en\/wp-json\/wp\/v2\/product_tag?post=15225"}],"curies":[{"name":"wp","href":"https:\/\/api.w.org\/{rel}","templated":true}]}}