{"id":15242,"date":"2026-01-20T14:44:11","date_gmt":"2026-01-20T12:44:11","guid":{"rendered":"https:\/\/stoffega.com\/?post_type=product&#038;p=15242"},"modified":"2026-02-03T21:31:14","modified_gmt":"2026-02-03T19:31:14","slug":"goldene-blaetter-2-2-2-3-2","status":"publish","type":"product","link":"https:\/\/stoffega.com\/en\/product\/goldene-blaetter-2-2-2-3-2","title":{"rendered":"Retro Rotation Allium"},"content":{"rendered":"<p>Fantastischer laminierter Canvas in Bio-Baumwollqualit\u00e4t. Durch die Laminat-Schichte ist der Stoff wasser- und schmutzabweisend und kann so perfekt f\u00fcr Kosmetiktaschen, pflegeleichte Taschen oder T\u00e4schchen, Sch\u00fcrzen und vieles mehr verwendet werden.<\/p>\n<p>F\u00fcr mich der beste laminierte Canvas, da er ganz weich und toll zu verarbeiten ist.<\/p>\n<p>Hersteller: Cloud9 Bio-Stoffe<br \/>\nMaterial: 100% Bio-Baumwolle<br \/>\nGewicht: 280 g\/m2<br \/>\nBreite: 145 cm breit<\/p>\n<p><span>Eine Einheit sind 50cm, bei der Bestellung von mehreren Einheiten, werden diese in einem St\u00fcck geliefert \u2013 z.B.: 3 Einheiten sind 1,5 Meter<\/span><\/p>","protected":false},"excerpt":{"rendered":"<p>aus 20% Leinen und 80% Bio Baumwolle, laminiert<\/p>\n<p>Gr\u00f6\u00dfe:\u00a0 40cm x 140cm<\/p>","protected":false},"featured_media":15862,"comment_status":"closed","ping_status":"closed","template":"","meta":[],"product_brand":[],"product_cat":[549],"product_tag":[432,433,438,437,556,557,558,431,434,386],"class_list":{"0":"post-15242","1":"product","2":"type-product","3":"status-publish","4":"has-post-thumbnail","6":"product_cat-laminierter-bio-baumwollstoff","7":"product_tag-baumwolle","8":"product_tag-baumwollstoff","9":"product_tag-designer","10":"product_tag-designerstoff","11":"product_tag-laminat","12":"product_tag-laminierte-baumwolle","13":"product_tag-laminierter-stoff","14":"product_tag-premiumbaumwolle","15":"product_tag-premiumbaumwollstoff","16":"product_tag-stoff","17":"product_shipping_class-paeckchen","19":"first","20":"instock","21":"shipping-taxable","22":"purchasable","23":"product-type-simple"},"jetpack_sharing_enabled":true,"_links":{"self":[{"href":"https:\/\/stoffega.com\/en\/wp-json\/wp\/v2\/product\/15242","targetHints":{"allow":["GET"]}}],"collection":[{"href":"https:\/\/stoffega.com\/en\/wp-json\/wp\/v2\/product"}],"about":[{"href":"https:\/\/stoffega.com\/en\/wp-json\/wp\/v2\/types\/product"}],"replies":[{"embeddable":true,"href":"https:\/\/stoffega.com\/en\/wp-json\/wp\/v2\/comments?post=15242"}],"wp:featuredmedia":[{"embeddable":true,"href":"https:\/\/stoffega.com\/en\/wp-json\/wp\/v2\/media\/15862"}],"wp:attachment":[{"href":"https:\/\/stoffega.com\/en\/wp-json\/wp\/v2\/media?parent=15242"}],"wp:term":[{"taxonomy":"product_brand","embeddable":true,"href":"https:\/\/stoffega.com\/en\/wp-json\/wp\/v2\/product_brand?post=15242"},{"taxonomy":"product_cat","embeddable":true,"href":"https:\/\/stoffega.com\/en\/wp-json\/wp\/v2\/product_cat?post=15242"},{"taxonomy":"product_tag","embeddable":true,"href":"https:\/\/stoffega.com\/en\/wp-json\/wp\/v2\/product_tag?post=15242"}],"curies":[{"name":"wp","href":"https:\/\/api.w.org\/{rel}","templated":true}]}}