{"id":15251,"date":"2026-01-28T11:17:28","date_gmt":"2026-01-28T09:17:28","guid":{"rendered":"https:\/\/stoffega.com\/?post_type=product&#038;p=15251"},"modified":"2026-01-28T11:18:11","modified_gmt":"2026-01-28T09:18:11","slug":"brauner-glitzerkork-maxibag-2-2-2-3-2-2","status":"publish","type":"product","link":"https:\/\/stoffega.com\/en\/product\/brauner-glitzerkork-maxibag-2-2-2-3-2-2","title":{"rendered":"Glitzerkork beere &#8211; Maxibag"},"content":{"rendered":"<p>In dieser Umh\u00e4ngetasche finden alle wichtigen Dinge Platz, die du ausw\u00e4rts immer mit dabei hast, wie z.B.: Handy, Schl\u00fcssel, Ausweis, Geldb\u00f6rse, aber sie bietet auch Platz f\u00fcr Tabletts oder Hefte bis zum A4-Format<\/p>\n<p>Damit innen alles griffbereit verstaut ist, gibt es auf der einen Seite ein Rei\u00dfverschlussfach und auf der anderen Seite einen Karabiner f\u00fcr den Schl\u00fcssel und ein gro\u00dfes und 2 schmale Steckf\u00e4cher. In den schmalen Steckf\u00e4chern lassen sich z.B.: gut Stifte aufbewahren. Die Tasche ist oben mit einem Rei\u00dfverschluss sicher verschlossen und dieser l\u00e4sst sich komplett \u00f6ffnen, sodass man einen guten Blick in die Tasche hat.<\/p>\n<p>Der Gurt wird oben an der Tasche mit Karabiner befestigt und kann auf die passende L\u00e4nge eingestellt werden. Nat\u00fcrlich kannst du auch den Gurt auch austauschen und andere Gurte verwenden.<\/p>\n<p>Die Tasche ist au\u00dfen komplett aus portugiesischem Korkleder gearbeitet und somit wasserabweisend. Sollte die Tasche einmal schmutzig werden, braucht man sie nur mit einem feuchten Tuch sauber machen.<\/p>","protected":false},"excerpt":{"rendered":"<p>handgefertigt aus portugiesischem Korkleder und\u00a0 hochwertigen Baumwollstoffen<\/p>\n<p>Gr\u00f6\u00dfe: ca. 23cm x 30cm x 11cm<\/p>","protected":false},"featured_media":15254,"comment_status":"closed","ping_status":"closed","template":"","meta":[],"product_brand":[],"product_cat":[471],"product_tag":[316,259,373,260,320,219,256,472,473,319,255,314],"class_list":{"0":"post-15251","1":"product","2":"type-product","3":"status-publish","4":"has-post-thumbnail","6":"product_cat-mini-maxi-bag","7":"product_tag-bag","8":"product_tag-crossbody","9":"product_tag-crossbodybag","10":"product_tag-crossbodytasche","11":"product_tag-handbag","12":"product_tag-handtasche","13":"product_tag-korktasche","14":"product_tag-maxibag","15":"product_tag-minibag","16":"product_tag-schultertasche","17":"product_tag-tasche","18":"product_tag-umhaengetasche","19":"product_shipping_class-paket-2kg","21":"first","22":"instock","23":"shipping-taxable","24":"purchasable","25":"product-type-simple"},"jetpack_sharing_enabled":true,"_links":{"self":[{"href":"https:\/\/stoffega.com\/en\/wp-json\/wp\/v2\/product\/15251","targetHints":{"allow":["GET"]}}],"collection":[{"href":"https:\/\/stoffega.com\/en\/wp-json\/wp\/v2\/product"}],"about":[{"href":"https:\/\/stoffega.com\/en\/wp-json\/wp\/v2\/types\/product"}],"replies":[{"embeddable":true,"href":"https:\/\/stoffega.com\/en\/wp-json\/wp\/v2\/comments?post=15251"}],"wp:featuredmedia":[{"embeddable":true,"href":"https:\/\/stoffega.com\/en\/wp-json\/wp\/v2\/media\/15254"}],"wp:attachment":[{"href":"https:\/\/stoffega.com\/en\/wp-json\/wp\/v2\/media?parent=15251"}],"wp:term":[{"taxonomy":"product_brand","embeddable":true,"href":"https:\/\/stoffega.com\/en\/wp-json\/wp\/v2\/product_brand?post=15251"},{"taxonomy":"product_cat","embeddable":true,"href":"https:\/\/stoffega.com\/en\/wp-json\/wp\/v2\/product_cat?post=15251"},{"taxonomy":"product_tag","embeddable":true,"href":"https:\/\/stoffega.com\/en\/wp-json\/wp\/v2\/product_tag?post=15251"}],"curies":[{"name":"wp","href":"https:\/\/api.w.org\/{rel}","templated":true}]}}