{"id":15372,"date":"2026-01-28T17:45:03","date_gmt":"2026-01-28T15:45:03","guid":{"rendered":"https:\/\/stoffega.com\/?post_type=product&#038;p=15372"},"modified":"2026-01-28T17:45:40","modified_gmt":"2026-01-28T15:45:40","slug":"blaue-linien-2-2-2-2","status":"publish","type":"product","link":"https:\/\/stoffega.com\/en\/product\/blaue-linien-2-2-2-2","title":{"rendered":"Gelbe Blume"},"content":{"rendered":"<p>Diese Brieftasche besticht von au\u00dfen durch ihre schlichte Eleganz, den Rund-Um-Rei\u00dfverschluss und das robuste, aber weiche Leinen.<\/p>\n<p>\u00d6ffnet man die Tasche kommen farblich abgestimmte Patchwork-Designer-Stoffe und ein ausgekl\u00fcgeltes Ordnungssystem zum Vorschein. Neben dem mittigen Rei\u00dfverschlussfach f\u00fcrs Kleingeld, gibt es 2 Seiten-, 8 Karten-und noch 4 weitere Mittelf\u00e4cher, um alles gut und \u00fcbersichtlich zu verstauen. Sogar das Handy findet &#8211; wenn n\u00f6tig &#8211; Platz in dieser Brieftasche.<\/p>\n<p>Die Brieftasche kann bei 30\u00b0 Grad Pflegew\u00e4sche in der Maschine gewaschen werden.<\/p>\n<p><span>Die Tasche ist nach dem von mir adaptierten Schnittmuster \u201eGrete\u201c von machwerk\/IT G\u00f6ttle GmbH.<\/span><\/p>","protected":false},"excerpt":{"rendered":"<p><span>handgefertigt aus hochwertigen Baumwollstoffen und wunderbar weichen Leinenstoffen<\/span><\/p>\n<p>Gr\u00f6\u00dfe: ca. 21cm x 11cm<\/p>","protected":false},"featured_media":15373,"comment_status":"closed","ping_status":"closed","template":"","meta":[],"product_brand":[],"product_cat":[80],"product_tag":[244,275,245,242,250,243],"class_list":{"0":"post-15372","1":"product","2":"type-product","3":"status-publish","4":"has-post-thumbnail","6":"product_cat-zipper-brieftaschen","7":"product_tag-brieftasche","8":"product_tag-geld","9":"product_tag-geldbeutel","10":"product_tag-geldboerse","11":"product_tag-geldtasche","12":"product_tag-portemonnaie","13":"product_shipping_class-paeckchen","15":"first","16":"instock","17":"shipping-taxable","18":"purchasable","19":"product-type-simple"},"jetpack_sharing_enabled":true,"_links":{"self":[{"href":"https:\/\/stoffega.com\/en\/wp-json\/wp\/v2\/product\/15372","targetHints":{"allow":["GET"]}}],"collection":[{"href":"https:\/\/stoffega.com\/en\/wp-json\/wp\/v2\/product"}],"about":[{"href":"https:\/\/stoffega.com\/en\/wp-json\/wp\/v2\/types\/product"}],"replies":[{"embeddable":true,"href":"https:\/\/stoffega.com\/en\/wp-json\/wp\/v2\/comments?post=15372"}],"wp:featuredmedia":[{"embeddable":true,"href":"https:\/\/stoffega.com\/en\/wp-json\/wp\/v2\/media\/15373"}],"wp:attachment":[{"href":"https:\/\/stoffega.com\/en\/wp-json\/wp\/v2\/media?parent=15372"}],"wp:term":[{"taxonomy":"product_brand","embeddable":true,"href":"https:\/\/stoffega.com\/en\/wp-json\/wp\/v2\/product_brand?post=15372"},{"taxonomy":"product_cat","embeddable":true,"href":"https:\/\/stoffega.com\/en\/wp-json\/wp\/v2\/product_cat?post=15372"},{"taxonomy":"product_tag","embeddable":true,"href":"https:\/\/stoffega.com\/en\/wp-json\/wp\/v2\/product_tag?post=15372"}],"curies":[{"name":"wp","href":"https:\/\/api.w.org\/{rel}","templated":true}]}}