{"id":15455,"date":"2026-01-28T18:46:30","date_gmt":"2026-01-28T16:46:30","guid":{"rendered":"https:\/\/stoffega.com\/?post_type=product&#038;p=15455"},"modified":"2026-04-12T11:03:08","modified_gmt":"2026-04-12T09:03:08","slug":"meerestiere-3-2-3-2-2-2-2-2-2-2","status":"publish","type":"product","link":"https:\/\/stoffega.com\/en\/product\/meerestiere-3-2-3-2-2-2-2-2-2-2","title":{"rendered":"Rosen"},"content":{"rendered":"<p>Diese Stifterolle l\u00e4sst jedes Kinderherz h\u00f6her schlagen und nicht nur das von Kindern. Hier kann man 24 Buntstifte und 2 Bleistifte sicher und \u00fcbersichtlich geordnet aufbewahren und findet immer sofort die Farbe, nach der man sucht.<\/p>\n<p>Die Farben der Stiftef\u00e4cher sind exakt auf die Colour-Grip-Farbstifte von Faber Castell abgestimmt, aber nat\u00fcrlich passen auch Stifte jeder anderen Marke in die Rolle.<\/p>\n<p>&nbsp;<\/p>","protected":false},"excerpt":{"rendered":"<p><span>handgefertigt aus hochwertigen Baumwollstoffen<\/span><\/p>\n<p>Gr\u00f6\u00dfe: ca. 58cm x 23cm<\/p>","protected":false},"featured_media":15457,"comment_status":"closed","ping_status":"closed","template":"","meta":[],"product_brand":[],"product_cat":[50],"product_tag":[239,240,211,215,238],"class_list":{"0":"post-15455","1":"product","2":"type-product","3":"status-publish","4":"has-post-thumbnail","6":"product_cat-stiferolle","7":"product_tag-farbrolle","8":"product_tag-farbstifte","9":"product_tag-maeppchen","10":"product_tag-stiftemaeppchen","11":"product_tag-stifterolle","12":"product_shipping_class-paeckchen","14":"first","15":"outofstock","16":"shipping-taxable","17":"purchasable","18":"product-type-simple"},"jetpack_sharing_enabled":true,"_links":{"self":[{"href":"https:\/\/stoffega.com\/en\/wp-json\/wp\/v2\/product\/15455","targetHints":{"allow":["GET"]}}],"collection":[{"href":"https:\/\/stoffega.com\/en\/wp-json\/wp\/v2\/product"}],"about":[{"href":"https:\/\/stoffega.com\/en\/wp-json\/wp\/v2\/types\/product"}],"replies":[{"embeddable":true,"href":"https:\/\/stoffega.com\/en\/wp-json\/wp\/v2\/comments?post=15455"}],"wp:featuredmedia":[{"embeddable":true,"href":"https:\/\/stoffega.com\/en\/wp-json\/wp\/v2\/media\/15457"}],"wp:attachment":[{"href":"https:\/\/stoffega.com\/en\/wp-json\/wp\/v2\/media?parent=15455"}],"wp:term":[{"taxonomy":"product_brand","embeddable":true,"href":"https:\/\/stoffega.com\/en\/wp-json\/wp\/v2\/product_brand?post=15455"},{"taxonomy":"product_cat","embeddable":true,"href":"https:\/\/stoffega.com\/en\/wp-json\/wp\/v2\/product_cat?post=15455"},{"taxonomy":"product_tag","embeddable":true,"href":"https:\/\/stoffega.com\/en\/wp-json\/wp\/v2\/product_tag?post=15455"}],"curies":[{"name":"wp","href":"https:\/\/api.w.org\/{rel}","templated":true}]}}