{"id":15516,"date":"2026-02-01T12:11:45","date_gmt":"2026-02-01T10:11:45","guid":{"rendered":"https:\/\/stoffega.com\/?post_type=product&#038;p=15516"},"modified":"2026-02-01T12:12:27","modified_gmt":"2026-02-01T10:12:27","slug":"baeume-4-2-2-2","status":"publish","type":"product","link":"https:\/\/stoffega.com\/en\/product\/baeume-4-2-2-2","title":{"rendered":"Mandala"},"content":{"rendered":"<p><span>Das <\/span>W\u00e4rme- oder K\u00e4ltekissen ist zu 100% mit Kirschkernen gef\u00fcllt, die wohltuende, langanhaltende W\u00e4rme spenden und ebenso K\u00e4lte optimal speichern k\u00f6nnen. Ein sehr nat\u00fcrlicher Temperaturspeicher, verbunden mit leichter Massagewirkung optimal und einfach einzusetzen.<\/p>\n<p><span>Das Kissen ist in 3 Kammern untergeteilt, sodass die Kerne gleichm\u00e4\u00dfig verteilt bleiben.<\/span><\/p>\n<p>Der Bezug ist abnehmbar und somit bei 30\u00b0 Grad Pflegew\u00e4sche in der Maschine waschbar.<\/p>\n<p>Das Kirschkernkissen ist einfach und sicher in der Anwendung. Das Erw\u00e4rmen in der Mikrowelle dauert nur wenige Minuten, im Backofen ca. 20 min und man genie\u00dft die wohltuende, kuschelige W\u00e4rmequelle. Bei K\u00e4lteanwendung als K\u00e4ltekompresse, f\u00fcr mind. 45 min in den K\u00fchlschrank oder das Gefrierfach legen. K\u00e4lte oder W\u00e4rme, f\u00fcr viele Stellen des K\u00f6rpers geeignet!<\/p>\n<p>Sicherheitshinweise f\u00fcr den Gebrauch von Kern- und K\u00f6rnerkissen: Achten Sie auf die angegebenen Erw\u00e4rmungshinweise. L\u00e4ngere Zeiten oder h\u00f6here Energieleistungen k\u00f6nnen zu Sch\u00e4den f\u00fchren (Entflammungsgefahr). Achten Sie bei der Anwendung des Produktes bei Babys oder Kleinkindern auf unversehrte N\u00e4hte. Benutzung nur unter Aufsicht von Erwachsenen. Pr\u00fcfen Sie nach dem Erw\u00e4rmen die Temperatur des Kissens an Ihrer Armbeuge\/Handgelenk.<span>&nbsp;<\/span><\/p>\n<p>Produktinformation:<\/p>\n<p>Die Kirschkerne beziehe ich bei einem gemeinn\u00fctzigen, inklusiven Unternehmen. Dort werden die Kirschkerne in einem streng kontrollierten Prozess bei 70\u00b0C 24 Stunden getrocknet. Dabei liegt die Feuchtigkeit der Kerne bei max. 6%. Die Kirschkerne werden mechanisch gereinigt. Bei diesem Prozess werden keine Chemikalien verwendet. Deshalb sind die Kirschkerne ann\u00e4hernd geruchsneutral.<\/p>\n<p>&nbsp;<\/p>\n<p>Gerne fertige ich die Kissen auch in Wunschgr\u00f6\u00dfen an.<\/p>","protected":false},"excerpt":{"rendered":"<p><span>handgefertigt aus hochwertigen Baumwollstoffen und wunderbar weichen Essex-Leinen<\/span><\/p>\n<p>Gr\u00f6\u00dfe: ca. 34cm x 17cm<\/p>","protected":false},"featured_media":15517,"comment_status":"closed","ping_status":"closed","template":"","meta":[],"product_brand":[],"product_cat":[124],"product_tag":[444,445,446,441],"class_list":{"0":"post-15516","1":"product","2":"type-product","3":"status-publish","4":"has-post-thumbnail","6":"product_cat-kirschkernkissen","7":"product_tag-kernkissen","8":"product_tag-kirschkernkissen","9":"product_tag-waermeflasche","10":"product_tag-waermekissen","11":"product_shipping_class-paeckchen","13":"first","14":"instock","15":"shipping-taxable","16":"purchasable","17":"product-type-simple"},"jetpack_sharing_enabled":true,"_links":{"self":[{"href":"https:\/\/stoffega.com\/en\/wp-json\/wp\/v2\/product\/15516","targetHints":{"allow":["GET"]}}],"collection":[{"href":"https:\/\/stoffega.com\/en\/wp-json\/wp\/v2\/product"}],"about":[{"href":"https:\/\/stoffega.com\/en\/wp-json\/wp\/v2\/types\/product"}],"replies":[{"embeddable":true,"href":"https:\/\/stoffega.com\/en\/wp-json\/wp\/v2\/comments?post=15516"}],"wp:featuredmedia":[{"embeddable":true,"href":"https:\/\/stoffega.com\/en\/wp-json\/wp\/v2\/media\/15517"}],"wp:attachment":[{"href":"https:\/\/stoffega.com\/en\/wp-json\/wp\/v2\/media?parent=15516"}],"wp:term":[{"taxonomy":"product_brand","embeddable":true,"href":"https:\/\/stoffega.com\/en\/wp-json\/wp\/v2\/product_brand?post=15516"},{"taxonomy":"product_cat","embeddable":true,"href":"https:\/\/stoffega.com\/en\/wp-json\/wp\/v2\/product_cat?post=15516"},{"taxonomy":"product_tag","embeddable":true,"href":"https:\/\/stoffega.com\/en\/wp-json\/wp\/v2\/product_tag?post=15516"}],"curies":[{"name":"wp","href":"https:\/\/api.w.org\/{rel}","templated":true}]}}