{"id":15558,"date":"2026-02-01T12:30:59","date_gmt":"2026-02-01T10:30:59","guid":{"rendered":"https:\/\/stoffega.com\/?post_type=product&#038;p=15558"},"modified":"2026-02-01T12:31:26","modified_gmt":"2026-02-01T10:31:26","slug":"roeschen-2-2-2-2-2-2","status":"publish","type":"product","link":"https:\/\/stoffega.com\/en\/product\/roeschen-2-2-2-2-2-2","title":{"rendered":"Frosch"},"content":{"rendered":"<p><span>Meine Lavendelbl\u00fctenkissen sind zu 100 % mit geschnittenen, getrockneten Lavendelbl\u00fcten\u00a0 gef\u00fcllt. <\/span>Bei den Lavendelbl\u00fcten handelt es sich um ein 100% nat\u00fcrliches Produkt &#8211; frei von Zusatz- und Farbstoffen, die ich von einem gemeinn\u00fctzigem Inklusionsunternehmen beziehe.<\/p>\n<p><span>Der Bezug ist abnehmbar und somit bei 30\u00b0 Grad Pflegew\u00e4sche in der Maschine waschbar.<\/span><\/p>\n<p>Der Geruch der Lavendelbl\u00fcten ist sehr stark und langanhaltend, sodass die Kissen lange einen angenehmen Duft verspr\u00fchen. Der Duft ist aromatisch und beruhigend. Falls der Duft nachl\u00e4sst, einfach das Kissen etwas reiben, dann stellt sich der intensive Geruch wieder her.<\/p>\n<p><strong>Hinweis:<\/strong><\/p>\n<p>Nicht zum Verzehr geeignet!<\/p>\n<p>Die Lavendelbl\u00fctenkissen d\u00fcrfen nicht im Backrohr oder in der Mikrowelle erw\u00e4rmt werden &#8211; Entflammungsgefahr.<\/p>\n<p>Gerne fertige ich die Kissen auch in Wunschgr\u00f6\u00dfen an.<\/p>","protected":false},"excerpt":{"rendered":"<p><span>handgefertigt aus hochwertigen Baumwollstoffen und wunderbar weichen Essex-Leinen<\/span><\/p>\n<p>Gr\u00f6\u00dfe: ca. 19cm x 19cm<\/p>","protected":false},"featured_media":15559,"comment_status":"closed","ping_status":"closed","template":"","meta":[],"product_brand":[],"product_cat":[128],"product_tag":[224,452,453,455,454],"class_list":{"0":"post-15558","1":"product","2":"type-product","3":"status-publish","4":"has-post-thumbnail","6":"product_cat-lavendelbluetenkissen","7":"product_tag-duftkissen","8":"product_tag-lavendel","9":"product_tag-lavendelblueten","10":"product_tag-lavendelbluetenkissen","11":"product_tag-lavendelkissen","12":"product_shipping_class-paeckchen","14":"first","15":"instock","16":"shipping-taxable","17":"purchasable","18":"product-type-simple"},"jetpack_sharing_enabled":true,"_links":{"self":[{"href":"https:\/\/stoffega.com\/en\/wp-json\/wp\/v2\/product\/15558","targetHints":{"allow":["GET"]}}],"collection":[{"href":"https:\/\/stoffega.com\/en\/wp-json\/wp\/v2\/product"}],"about":[{"href":"https:\/\/stoffega.com\/en\/wp-json\/wp\/v2\/types\/product"}],"replies":[{"embeddable":true,"href":"https:\/\/stoffega.com\/en\/wp-json\/wp\/v2\/comments?post=15558"}],"wp:featuredmedia":[{"embeddable":true,"href":"https:\/\/stoffega.com\/en\/wp-json\/wp\/v2\/media\/15559"}],"wp:attachment":[{"href":"https:\/\/stoffega.com\/en\/wp-json\/wp\/v2\/media?parent=15558"}],"wp:term":[{"taxonomy":"product_brand","embeddable":true,"href":"https:\/\/stoffega.com\/en\/wp-json\/wp\/v2\/product_brand?post=15558"},{"taxonomy":"product_cat","embeddable":true,"href":"https:\/\/stoffega.com\/en\/wp-json\/wp\/v2\/product_cat?post=15558"},{"taxonomy":"product_tag","embeddable":true,"href":"https:\/\/stoffega.com\/en\/wp-json\/wp\/v2\/product_tag?post=15558"}],"curies":[{"name":"wp","href":"https:\/\/api.w.org\/{rel}","templated":true}]}}