{"id":15606,"date":"2026-02-01T13:19:59","date_gmt":"2026-02-01T11:19:59","guid":{"rendered":"https:\/\/stoffega.com\/?post_type=product&#038;p=15606"},"modified":"2026-02-01T13:20:48","modified_gmt":"2026-02-01T11:20:48","slug":"schluessel-3-2-2-2-2-2","status":"publish","type":"product","link":"https:\/\/stoffega.com\/en\/product\/schluessel-3-2-2-2-2-2","title":{"rendered":"Leo lila-gr\u00fcn"},"content":{"rendered":"<p>Mein Schl\u00fcsselt\u00e4schchen ist ein praktisches kleines T\u00e4schchen, in dessen unterschiedlichen F\u00e4chern alle wichtigen Dinge gut und sicher verstaut werden k\u00f6nnen.<\/p>\n<p>Im gro\u00dfen Fach ist ein Lederband mit einem Schl\u00fcsselring angen\u00e4ht, sodass man den Schl\u00fcsselbund dranh\u00e4ngen, in das Fach hineingeben und mit dem Gummiband auch sicher verschlie\u00dfen kann.<\/p>\n<p>Im schmalen Fach mit dem Druckknopf finden Bank- oder F\u00fchrerscheinkarte einen Platz.<\/p>\n<p>Auf der R\u00fcckseite befindet sich dann noch ein Rei\u00dfverschlussfach, wo man Geld, andere Schl\u00fcssel oder \u00c4hnliches sicher verwahren kann.<\/p>\n<p>Der Beutel kann mit dem Karabiner an den Hosenbund oder in eine Tasche angebracht werden, sodass er immer griffbereit und sicher verwahrt ist.<\/p>\n<p>Das Schl\u00fcsselt\u00e4schchen kann bei 30\u00b0Grad Pflegew\u00e4sche in der Waschmaschine gewaschen werden.<\/p>\n<p>Der Beutel ist nach einem eigenen Schnittmuster gearbeitet.<\/p>\n<p>&nbsp;<\/p>","protected":false},"excerpt":{"rendered":"<p>handgefertigt aus <span>hochwertigen Leinen- und Baumwollstoffen\u00a0<\/span><\/p>\n<p>Gr\u00f6\u00dfe: ca.\u00a0 11,5cm x 8cm<\/p>","protected":false},"featured_media":15607,"comment_status":"closed","ping_status":"closed","template":"","meta":[],"product_brand":[],"product_cat":[370],"product_tag":[375,309,374,223,248,247,162],"class_list":{"0":"post-15606","1":"product","2":"type-product","3":"status-publish","4":"has-post-thumbnail","6":"product_cat-schluesseltaeschchen","7":"product_tag-keypouch","8":"product_tag-minitasche","9":"product_tag-pouch","10":"product_tag-schluessel","11":"product_tag-schluesseltaeschchen","12":"product_tag-schluesseltasche","13":"product_tag-taeschchen","14":"product_shipping_class-paeckchen","16":"first","17":"instock","18":"shipping-taxable","19":"purchasable","20":"product-type-simple"},"jetpack_sharing_enabled":true,"_links":{"self":[{"href":"https:\/\/stoffega.com\/en\/wp-json\/wp\/v2\/product\/15606","targetHints":{"allow":["GET"]}}],"collection":[{"href":"https:\/\/stoffega.com\/en\/wp-json\/wp\/v2\/product"}],"about":[{"href":"https:\/\/stoffega.com\/en\/wp-json\/wp\/v2\/types\/product"}],"replies":[{"embeddable":true,"href":"https:\/\/stoffega.com\/en\/wp-json\/wp\/v2\/comments?post=15606"}],"wp:featuredmedia":[{"embeddable":true,"href":"https:\/\/stoffega.com\/en\/wp-json\/wp\/v2\/media\/15607"}],"wp:attachment":[{"href":"https:\/\/stoffega.com\/en\/wp-json\/wp\/v2\/media?parent=15606"}],"wp:term":[{"taxonomy":"product_brand","embeddable":true,"href":"https:\/\/stoffega.com\/en\/wp-json\/wp\/v2\/product_brand?post=15606"},{"taxonomy":"product_cat","embeddable":true,"href":"https:\/\/stoffega.com\/en\/wp-json\/wp\/v2\/product_cat?post=15606"},{"taxonomy":"product_tag","embeddable":true,"href":"https:\/\/stoffega.com\/en\/wp-json\/wp\/v2\/product_tag?post=15606"}],"curies":[{"name":"wp","href":"https:\/\/api.w.org\/{rel}","templated":true}]}}