{"id":15658,"date":"2026-02-01T17:50:15","date_gmt":"2026-02-01T15:50:15","guid":{"rendered":"https:\/\/stoffega.com\/?post_type=product&#038;p=15658"},"modified":"2026-02-01T17:51:00","modified_gmt":"2026-02-01T15:51:00","slug":"retro-blumen-2-2-2-2-2-2-2-2","status":"publish","type":"product","link":"https:\/\/stoffega.com\/en\/product\/retro-blumen-2-2-2-2-2-2-2-2","title":{"rendered":"Weihnachtsstern"},"content":{"rendered":"<p>Dieser Beutel ist komplett aus einem hochwertigen Leinenstoff gearbeitet. Die langen Henkel sind mit einer Kreuznaht an der Tasche angebracht und ca. 70cm lang, sodass man sie gut \u00fcber der Schulter tragen kann.<\/p>\n<p>Am inneren Rand befindet sich auch noch ein Schl\u00fcsselband mit einem Karabiner, so ist der Schl\u00fcssel immer griffbereit oder es besteht auch die M\u00f6glichkeit eine Geldb\u00f6rse zu sichern.<\/p>\n<p>Der Beutel ist bei 30\u00b0 Grad in der Maschine waschbar.<\/p>","protected":false},"excerpt":{"rendered":"<p>handgefertigt aus hochwertigen Leinenstoffen<\/p>\n<p>Gr\u00f6\u00dfe: ca. 42cm x 38cm x 8cm<\/p>","protected":false},"featured_media":15659,"comment_status":"closed","ping_status":"closed","template":"","meta":[],"product_brand":[],"product_cat":[75],"product_tag":[425,424,422,427,426,313,423,315],"class_list":{"0":"post-15658","1":"product","2":"type-product","3":"status-publish","4":"has-post-thumbnail","6":"product_cat-einkaufstaschen","7":"product_tag-beuteltasche","8":"product_tag-einkaufen","9":"product_tag-einkaufsbeutel","10":"product_tag-einkaufstasche","11":"product_tag-jutebeutel","12":"product_tag-leinentasche","13":"product_tag-stoffbeutel","14":"product_tag-stofftasche","15":"product_shipping_class-paeckchen","17":"first","18":"instock","19":"shipping-taxable","20":"purchasable","21":"product-type-simple"},"jetpack_sharing_enabled":true,"_links":{"self":[{"href":"https:\/\/stoffega.com\/en\/wp-json\/wp\/v2\/product\/15658","targetHints":{"allow":["GET"]}}],"collection":[{"href":"https:\/\/stoffega.com\/en\/wp-json\/wp\/v2\/product"}],"about":[{"href":"https:\/\/stoffega.com\/en\/wp-json\/wp\/v2\/types\/product"}],"replies":[{"embeddable":true,"href":"https:\/\/stoffega.com\/en\/wp-json\/wp\/v2\/comments?post=15658"}],"wp:featuredmedia":[{"embeddable":true,"href":"https:\/\/stoffega.com\/en\/wp-json\/wp\/v2\/media\/15659"}],"wp:attachment":[{"href":"https:\/\/stoffega.com\/en\/wp-json\/wp\/v2\/media?parent=15658"}],"wp:term":[{"taxonomy":"product_brand","embeddable":true,"href":"https:\/\/stoffega.com\/en\/wp-json\/wp\/v2\/product_brand?post=15658"},{"taxonomy":"product_cat","embeddable":true,"href":"https:\/\/stoffega.com\/en\/wp-json\/wp\/v2\/product_cat?post=15658"},{"taxonomy":"product_tag","embeddable":true,"href":"https:\/\/stoffega.com\/en\/wp-json\/wp\/v2\/product_tag?post=15658"}],"curies":[{"name":"wp","href":"https:\/\/api.w.org\/{rel}","templated":true}]}}