{"id":15783,"date":"2026-02-02T17:41:34","date_gmt":"2026-02-02T15:41:34","guid":{"rendered":"https:\/\/stoffega.com\/?post_type=product&#038;p=15783"},"modified":"2026-02-02T17:43:53","modified_gmt":"2026-02-02T15:43:53","slug":"palm","status":"publish","type":"product","link":"https:\/\/stoffega.com\/en\/product\/palm","title":{"rendered":"Pickle"},"content":{"rendered":"<p>Essex Dyed Linen von Robert Kaufman ist seit Jahren einer meiner liebsten Kombistoffe. Durch die spezielle Zusammensetzung von Leinen und Baumwolle hat der Stoff die Struktur und Haptik von Leinen, verzieht sich aber nicht so schnell und ist damit wunderbar f\u00fcr diverse N\u00e4hprojekte geeignet: Patchwork, Taschen, T\u00e4schchen, Accessoires und vieles mehr. Ich mag sie besonders in Kombination mit bunten Baumwollstoffen. Die Leinen-Unis lassen die Farben besonders strahlen.<\/p>\n<p><span>Herste<\/span>ller: Robert Kaufman Fabrics<br \/>\n<span>Material: 55% Leinen und 45% Baumwolle<\/span><br \/>\n<span>Breite: 110 cm<br \/>\n<\/span>Gewicht: 190g\/qm<\/p>\n<p><span>Eine Einheit sind 50cm, bei der Bestellung von mehreren Einheiten, werden diese in einem St\u00fcck geliefert \u2013 z.B.: 3 Einheiten sind 1,5 Meter<\/span><\/p>\n<p>&nbsp;<\/p>","protected":false},"excerpt":{"rendered":"<p>Essex Dyed Linen von Robert Kaufman bestehen zu 45% aus Baumwolle und zu 55% aus Leinen.<\/p>\n<p>Gewicht: 190g\/qm<br \/>\nGr\u00f6\u00dfe:\u00a0 50cm x 110cm<\/p>","protected":false},"featured_media":15786,"comment_status":"closed","ping_status":"closed","template":"","meta":[],"product_brand":[],"product_cat":[430],"product_tag":[432,433,438,437,561,564,312,562,563,435,436,431,434,386],"class_list":{"0":"post-15783","1":"product","2":"type-product","3":"status-publish","4":"has-post-thumbnail","6":"product_cat-essex-yarn-dyed-leinen","7":"product_tag-baumwolle","8":"product_tag-baumwollstoff","9":"product_tag-designer","10":"product_tag-designerstoff","11":"product_tag-essex","12":"product_tag-essexyarndyed","13":"product_tag-leinen","14":"product_tag-leinenstoff","15":"product_tag-linen","16":"product_tag-patchwork","17":"product_tag-patchworkstoff","18":"product_tag-premiumbaumwolle","19":"product_tag-premiumbaumwollstoff","20":"product_tag-stoff","21":"product_shipping_class-paket-2kg","23":"first","24":"instock","25":"shipping-taxable","26":"purchasable","27":"product-type-simple"},"jetpack_sharing_enabled":true,"_links":{"self":[{"href":"https:\/\/stoffega.com\/en\/wp-json\/wp\/v2\/product\/15783","targetHints":{"allow":["GET"]}}],"collection":[{"href":"https:\/\/stoffega.com\/en\/wp-json\/wp\/v2\/product"}],"about":[{"href":"https:\/\/stoffega.com\/en\/wp-json\/wp\/v2\/types\/product"}],"replies":[{"embeddable":true,"href":"https:\/\/stoffega.com\/en\/wp-json\/wp\/v2\/comments?post=15783"}],"wp:featuredmedia":[{"embeddable":true,"href":"https:\/\/stoffega.com\/en\/wp-json\/wp\/v2\/media\/15786"}],"wp:attachment":[{"href":"https:\/\/stoffega.com\/en\/wp-json\/wp\/v2\/media?parent=15783"}],"wp:term":[{"taxonomy":"product_brand","embeddable":true,"href":"https:\/\/stoffega.com\/en\/wp-json\/wp\/v2\/product_brand?post=15783"},{"taxonomy":"product_cat","embeddable":true,"href":"https:\/\/stoffega.com\/en\/wp-json\/wp\/v2\/product_cat?post=15783"},{"taxonomy":"product_tag","embeddable":true,"href":"https:\/\/stoffega.com\/en\/wp-json\/wp\/v2\/product_tag?post=15783"}],"curies":[{"name":"wp","href":"https:\/\/api.w.org\/{rel}","templated":true}]}}