{"id":15840,"date":"2026-02-03T20:57:10","date_gmt":"2026-02-03T18:57:10","guid":{"rendered":"https:\/\/stoffega.com\/?post_type=product&#038;p=15840"},"modified":"2026-02-03T21:01:27","modified_gmt":"2026-02-03T19:01:27","slug":"polly-canvas-peach","status":"publish","type":"product","link":"https:\/\/stoffega.com\/en\/product\/polly-canvas-peach","title":{"rendered":"Polly Canvas &#8211; peach"},"content":{"rendered":"<p>Der Polly-Canvas ist ein wasser- und schmutzabweisendes Material aus recyceltem Polyester. Es l\u00e4sst sich \u00e4hnlich wie Canvas verarbeiten, ist sehr langlebig und strapazierf\u00e4hig. Ich pers\u00f6nlich verwende es auch sehr gern als Innenfutter von Kosmetiktaschen oder bei Handtaschen und Rucks\u00e4cken.<\/p>\n<p>Hersteller: Mind the maker<br \/>\nHergestellt aus 100% <span>GRS-zertifiziertem <\/span>recyceltem Polyester<br \/>\nGewicht: 280 g\/m2<br \/>\nBreite: 145 cm breit<\/p>\n<p><span>Eine Einheit sind 50cm, bei der Bestellung von mehreren Einheiten, werden diese in einem St\u00fcck geliefert \u2013 z.B.: 3 Einheiten sind 1,5 Meter<\/span><\/p>","protected":false},"excerpt":{"rendered":"<p><span>hergestellt aus GRS-zertifiziertem recyceltem Polyester<\/span><\/p>\n<p>Gr\u00f6\u00dfe:\u00a0 50cm x 145cm<\/p>","protected":false},"featured_media":15841,"comment_status":"closed","ping_status":"closed","template":"","meta":[],"product_brand":[],"product_cat":[565],"product_tag":[311,567,566,386,282],"class_list":{"0":"post-15840","1":"product","2":"type-product","3":"status-publish","4":"has-post-thumbnail","6":"product_cat-polly-canvas-mind-the-maker","7":"product_tag-canvas","8":"product_tag-recyceltes-polyester","9":"product_tag-recycling","10":"product_tag-stoff","11":"product_tag-wasserabweisend","12":"product_shipping_class-paeckchen","14":"first","15":"instock","16":"shipping-taxable","17":"purchasable","18":"product-type-simple"},"jetpack_sharing_enabled":true,"_links":{"self":[{"href":"https:\/\/stoffega.com\/en\/wp-json\/wp\/v2\/product\/15840","targetHints":{"allow":["GET"]}}],"collection":[{"href":"https:\/\/stoffega.com\/en\/wp-json\/wp\/v2\/product"}],"about":[{"href":"https:\/\/stoffega.com\/en\/wp-json\/wp\/v2\/types\/product"}],"replies":[{"embeddable":true,"href":"https:\/\/stoffega.com\/en\/wp-json\/wp\/v2\/comments?post=15840"}],"wp:featuredmedia":[{"embeddable":true,"href":"https:\/\/stoffega.com\/en\/wp-json\/wp\/v2\/media\/15841"}],"wp:attachment":[{"href":"https:\/\/stoffega.com\/en\/wp-json\/wp\/v2\/media?parent=15840"}],"wp:term":[{"taxonomy":"product_brand","embeddable":true,"href":"https:\/\/stoffega.com\/en\/wp-json\/wp\/v2\/product_brand?post=15840"},{"taxonomy":"product_cat","embeddable":true,"href":"https:\/\/stoffega.com\/en\/wp-json\/wp\/v2\/product_cat?post=15840"},{"taxonomy":"product_tag","embeddable":true,"href":"https:\/\/stoffega.com\/en\/wp-json\/wp\/v2\/product_tag?post=15840"}],"curies":[{"name":"wp","href":"https:\/\/api.w.org\/{rel}","templated":true}]}}