{"id":15928,"date":"2026-02-07T19:27:57","date_gmt":"2026-02-07T17:27:57","guid":{"rendered":"https:\/\/stoffega.com\/?post_type=product&#038;p=15928"},"modified":"2026-02-07T19:28:45","modified_gmt":"2026-02-07T17:28:45","slug":"lizard","status":"publish","type":"product","link":"https:\/\/stoffega.com\/en\/product\/lizard","title":{"rendered":"Lizard"},"content":{"rendered":"<p>Heavy Washed Canvas von Mind The Maker ist ein sehr schwerer, dicht gewebter Leinenstoff und damit sehr gut f\u00fcr Taschenprojekte geeignet. Der Stoff entwickelt sich im Gebrauch \u00e4hnlich wie ein Jeansstoff, also man sieht z.B.: Verf\u00e4rbungen bei Falten.<\/p>\n<p><span>Herste<\/span>ller: Mind The Maker<br \/>\n<span>Material: 100% Baumwolle<\/span><br \/>\n<span>Breite: 145 cm<br \/>\n<\/span>Gewicht: 475g\/qm<\/p>\n<p><span>Eine Einheit sind 50cm, bei der Bestellung von mehreren Einheiten, werden diese in einem St\u00fcck geliefert \u2013 z.B.: 3 Einheiten sind 1,5 Meter<\/span><\/p>\n<p>&nbsp;<\/p>","protected":false},"excerpt":{"rendered":"<p>Heavy Washed Canvas von Mind The Maker bestehen zu 100% aus Baumwolle<\/p>\n<p>Gewicht:\u00a0 475g\/qm<br \/>\nGr\u00f6\u00dfe:\u00a0 50cm x 145cm<\/p>","protected":false},"featured_media":15929,"comment_status":"closed","ping_status":"closed","template":"","meta":[],"product_brand":[],"product_cat":[570],"product_tag":[432,433,438,437,573,572,571,312,562,563,386],"class_list":{"0":"post-15928","1":"product","2":"type-product","3":"status-publish","4":"has-post-thumbnail","6":"product_cat-heavy-washed-canvas","7":"product_tag-baumwolle","8":"product_tag-baumwollstoff","9":"product_tag-designer","10":"product_tag-designerstoff","11":"product_tag-heavy-washed-canvas","12":"product_tag-heavywashed","13":"product_tag-heavywashedcanvas","14":"product_tag-leinen","15":"product_tag-leinenstoff","16":"product_tag-linen","17":"product_tag-stoff","18":"product_shipping_class-paket-2kg","20":"first","21":"instock","22":"shipping-taxable","23":"purchasable","24":"product-type-simple"},"jetpack_sharing_enabled":true,"_links":{"self":[{"href":"https:\/\/stoffega.com\/en\/wp-json\/wp\/v2\/product\/15928","targetHints":{"allow":["GET"]}}],"collection":[{"href":"https:\/\/stoffega.com\/en\/wp-json\/wp\/v2\/product"}],"about":[{"href":"https:\/\/stoffega.com\/en\/wp-json\/wp\/v2\/types\/product"}],"replies":[{"embeddable":true,"href":"https:\/\/stoffega.com\/en\/wp-json\/wp\/v2\/comments?post=15928"}],"wp:featuredmedia":[{"embeddable":true,"href":"https:\/\/stoffega.com\/en\/wp-json\/wp\/v2\/media\/15929"}],"wp:attachment":[{"href":"https:\/\/stoffega.com\/en\/wp-json\/wp\/v2\/media?parent=15928"}],"wp:term":[{"taxonomy":"product_brand","embeddable":true,"href":"https:\/\/stoffega.com\/en\/wp-json\/wp\/v2\/product_brand?post=15928"},{"taxonomy":"product_cat","embeddable":true,"href":"https:\/\/stoffega.com\/en\/wp-json\/wp\/v2\/product_cat?post=15928"},{"taxonomy":"product_tag","embeddable":true,"href":"https:\/\/stoffega.com\/en\/wp-json\/wp\/v2\/product_tag?post=15928"}],"curies":[{"name":"wp","href":"https:\/\/api.w.org\/{rel}","templated":true}]}}