{"id":16416,"date":"2026-02-17T16:36:29","date_gmt":"2026-02-17T14:36:29","guid":{"rendered":"https:\/\/stoffega.com\/?post_type=product&#038;p=16416"},"modified":"2026-02-17T16:37:56","modified_gmt":"2026-02-17T14:37:56","slug":"leo-2-2-2-2-2-2","status":"publish","type":"product","link":"https:\/\/stoffega.com\/en\/product\/leo-2-2-2-2-2-2","title":{"rendered":"Marienk\u00e4fer in bunt"},"content":{"rendered":"<p>Diese simple Handytasche oder -h\u00fclle hat am oberen Ende einen Metallrahmen, den man durch einfaches Zusammendr\u00fccken \u00f6ffnen kann. L\u00e4sst man den Rahmen los, schlie\u00dft er sich automatisch wieder und verwahrt den Inhalt der Tasche sicher.<\/p>\n<p>In dieser Tasche kann man von der Gr\u00f6\u00dfe her alle g\u00e4ngigen Handys &#8211; wenn erw\u00fcnscht auch mit Zubeh\u00f6r &#8211; sicher aufbewahren.<\/p>\n<p>Durch die beiden seitlichen D-Ringe und die mitgelieferten Korkkordel und die beiden Karabiner hat man die M\u00f6glichkeit sich selbst den gew\u00fcnschten Tragegurt anzupassen. M\u00f6chte man die Tasche nur als H\u00fclle f\u00fcrs Handy n\u00fctzen, l\u00e4sst man den Gurt einfach weg oder kann auch alternativ die D-Ringe einfach abschneiden.<\/p>\n<p>Der Kork ist ein sehr robustes und wasserabweisendes Naturmaterial. Die Tasche ist mit einem feuchtem Tuch und etwas Seife leicht zu reinigen.<\/p>","protected":false},"excerpt":{"rendered":"<p>handgefertigt aus hochwertigem portugiesischem Korkleder, inklusive 1,6m Korkkordel und 2 Taschenkarabiner<\/p>\n<p>Gr\u00f6\u00dfe: ca. 12 cm x 20 cm<\/p>","protected":false},"featured_media":16417,"comment_status":"closed","ping_status":"closed","template":"","meta":[],"product_brand":[],"product_cat":[580],"product_tag":[295,583,581,220,582,309,255],"class_list":{"0":"post-16416","1":"product","2":"type-product","3":"status-publish","4":"has-post-thumbnail","6":"product_cat-handytasche","7":"product_tag-etui","8":"product_tag-handyetui","9":"product_tag-handyhuelle","10":"product_tag-handytasche","11":"product_tag-huelle","12":"product_tag-minitasche","13":"product_tag-tasche","14":"product_shipping_class-paeckchen","16":"first","17":"instock","18":"shipping-taxable","19":"purchasable","20":"product-type-simple"},"jetpack_sharing_enabled":true,"_links":{"self":[{"href":"https:\/\/stoffega.com\/en\/wp-json\/wp\/v2\/product\/16416","targetHints":{"allow":["GET"]}}],"collection":[{"href":"https:\/\/stoffega.com\/en\/wp-json\/wp\/v2\/product"}],"about":[{"href":"https:\/\/stoffega.com\/en\/wp-json\/wp\/v2\/types\/product"}],"replies":[{"embeddable":true,"href":"https:\/\/stoffega.com\/en\/wp-json\/wp\/v2\/comments?post=16416"}],"wp:featuredmedia":[{"embeddable":true,"href":"https:\/\/stoffega.com\/en\/wp-json\/wp\/v2\/media\/16417"}],"wp:attachment":[{"href":"https:\/\/stoffega.com\/en\/wp-json\/wp\/v2\/media?parent=16416"}],"wp:term":[{"taxonomy":"product_brand","embeddable":true,"href":"https:\/\/stoffega.com\/en\/wp-json\/wp\/v2\/product_brand?post=16416"},{"taxonomy":"product_cat","embeddable":true,"href":"https:\/\/stoffega.com\/en\/wp-json\/wp\/v2\/product_cat?post=16416"},{"taxonomy":"product_tag","embeddable":true,"href":"https:\/\/stoffega.com\/en\/wp-json\/wp\/v2\/product_tag?post=16416"}],"curies":[{"name":"wp","href":"https:\/\/api.w.org\/{rel}","templated":true}]}}