{"id":16498,"date":"2026-02-25T13:28:18","date_gmt":"2026-02-25T11:28:18","guid":{"rendered":"https:\/\/stoffega.com\/?post_type=product&#038;p=16498"},"modified":"2026-02-25T13:29:05","modified_gmt":"2026-02-25T11:29:05","slug":"blumen-korketui-m-2-2-2-2-2-2-2-3-2-2-2","status":"publish","type":"product","link":"https:\/\/stoffega.com\/en\/product\/blumen-korketui-m-2-2-2-2-2-2-2-3-2-2-2","title":{"rendered":"Blumen in apricot &#8211; Korketui M"},"content":{"rendered":"<p>Diese T\u00e4schchen aus Kork passen perfekt als Kosmetiktasche oder Stiftem\u00e4ppchen. Farbstifte, Filzstifte oder Fineliner passen von der L\u00e4nge her gut hinein und da sich das T\u00e4schchen weit \u00f6ffnen l\u00e4sst, hat man immer einen sehr guten \u00dcberblick.<\/p>\n<p>Der Kork ist wasserabweisend und l\u00e4sst sich mit einem feuchten Tuch leicht reinigen.<\/p>\n<p>&nbsp;<\/p>","protected":false},"excerpt":{"rendered":"<p>handgefertigt aus portugiesischem Korkleder und\u00a0 hochwertigen Baumwollstoffen<\/p>\n<p>Gr\u00f6\u00dfe: ca. 20cm x 8,5cm x 10cm<\/p>","protected":false},"featured_media":16499,"comment_status":"closed","ping_status":"closed","template":"","meta":[],"product_brand":[],"product_cat":[151],"product_tag":[348,346,307,214,349,215,347],"class_list":{"0":"post-16498","1":"product","2":"type-product","3":"status-publish","4":"has-post-thumbnail","6":"product_cat-kork-etuis-2-groessen","7":"product_tag-federpenal","8":"product_tag-korketui","9":"product_tag-korktaeschchen","10":"product_tag-kosmetiktaeschchen","11":"product_tag-schuettelpenal","12":"product_tag-stiftemaeppchen","13":"product_tag-stiftetaeschchen","14":"product_shipping_class-paeckchen","16":"first","17":"instock","18":"shipping-taxable","19":"purchasable","20":"product-type-simple"},"jetpack_sharing_enabled":true,"_links":{"self":[{"href":"https:\/\/stoffega.com\/en\/wp-json\/wp\/v2\/product\/16498","targetHints":{"allow":["GET"]}}],"collection":[{"href":"https:\/\/stoffega.com\/en\/wp-json\/wp\/v2\/product"}],"about":[{"href":"https:\/\/stoffega.com\/en\/wp-json\/wp\/v2\/types\/product"}],"replies":[{"embeddable":true,"href":"https:\/\/stoffega.com\/en\/wp-json\/wp\/v2\/comments?post=16498"}],"wp:featuredmedia":[{"embeddable":true,"href":"https:\/\/stoffega.com\/en\/wp-json\/wp\/v2\/media\/16499"}],"wp:attachment":[{"href":"https:\/\/stoffega.com\/en\/wp-json\/wp\/v2\/media?parent=16498"}],"wp:term":[{"taxonomy":"product_brand","embeddable":true,"href":"https:\/\/stoffega.com\/en\/wp-json\/wp\/v2\/product_brand?post=16498"},{"taxonomy":"product_cat","embeddable":true,"href":"https:\/\/stoffega.com\/en\/wp-json\/wp\/v2\/product_cat?post=16498"},{"taxonomy":"product_tag","embeddable":true,"href":"https:\/\/stoffega.com\/en\/wp-json\/wp\/v2\/product_tag?post=16498"}],"curies":[{"name":"wp","href":"https:\/\/api.w.org\/{rel}","templated":true}]}}