{"id":16621,"date":"2026-04-12T06:57:04","date_gmt":"2026-04-12T04:57:04","guid":{"rendered":"https:\/\/stoffega.com\/?post_type=product&#038;p=16621"},"modified":"2026-04-12T06:57:45","modified_gmt":"2026-04-12T04:57:45","slug":"kirschen-3-2-2-2-2-2-2","status":"publish","type":"product","link":"https:\/\/stoffega.com\/en\/product\/kirschen-3-2-2-2-2-2-2","title":{"rendered":"Leo &#8211; medium"},"content":{"rendered":"<p>Die Bauchtasche ist au\u00dfen komplett aus veganem Korkleder gearbeitet. Dies macht sie wasserabweisend und auch leicht mit einem feuchten Tuch zu reinigen.<\/p>\n<p>Das Gurtband ist in der L\u00e4nge verstellbar und wird durch einen Karabiner ge\u00f6ffnet und geschlossen. Die Tasche kann um die H\u00fcfte oder aber auch quer \u00fcber dem Oberk\u00f6rper getragen werden.<\/p>\n<p>Diese Medium-Variante bietet gut Platz f\u00fcr Handy, Geldb\u00f6rse und Schl\u00fcssel. So ist alles sicher verwahrt und die H\u00e4nde sind frei.<\/p>\n<p>Auf der R\u00fcckseite gibt es ein weiteres Rei\u00dfverschlussfach und im Inneren einen Karabiner f\u00fcr den Schl\u00fcssel.<\/p>\n<p>Die Bauchtasche ist nach dem Schnitt Rikka von Hansedelli gearbeitet. Lizenznummer: 30932 210220-1068-ZU-RIK.<\/p>","protected":false},"excerpt":{"rendered":"<div class=\"card-description\">\n<p>handgefertigt aus hochwertigem Korkleder und Baumwollstoffen<\/p>\n<p>Gr\u00f6\u00dfe: Breite ca. 22cm, H\u00f6he ca. 15cm, Tiefe ca. 6cm<\/p>\n<\/div>\n<div class=\"footer\">\n<div class=\"price\">\n<h4><\/h4>\n<\/div>\n<\/div>","protected":false},"featured_media":16622,"comment_status":"closed","ping_status":"closed","template":"","meta":[],"product_brand":[],"product_cat":[145],"product_tag":[252,259,260,254,253,249,257,258,256,255],"class_list":{"0":"post-16621","1":"product","2":"type-product","3":"status-publish","4":"has-post-thumbnail","6":"product_cat-bauchtaschen","7":"product_tag-bauchtasche","8":"product_tag-crossbody","9":"product_tag-crossbodytasche","10":"product_tag-guerteltasche","11":"product_tag-hipbag","12":"product_tag-kork","13":"product_tag-korkbauchtasche","14":"product_tag-korkhipbag","15":"product_tag-korktasche","16":"product_tag-tasche","17":"product_shipping_class-paket-2kg","19":"first","20":"instock","21":"shipping-taxable","22":"purchasable","23":"product-type-simple"},"jetpack_sharing_enabled":true,"_links":{"self":[{"href":"https:\/\/stoffega.com\/en\/wp-json\/wp\/v2\/product\/16621","targetHints":{"allow":["GET"]}}],"collection":[{"href":"https:\/\/stoffega.com\/en\/wp-json\/wp\/v2\/product"}],"about":[{"href":"https:\/\/stoffega.com\/en\/wp-json\/wp\/v2\/types\/product"}],"replies":[{"embeddable":true,"href":"https:\/\/stoffega.com\/en\/wp-json\/wp\/v2\/comments?post=16621"}],"wp:featuredmedia":[{"embeddable":true,"href":"https:\/\/stoffega.com\/en\/wp-json\/wp\/v2\/media\/16622"}],"wp:attachment":[{"href":"https:\/\/stoffega.com\/en\/wp-json\/wp\/v2\/media?parent=16621"}],"wp:term":[{"taxonomy":"product_brand","embeddable":true,"href":"https:\/\/stoffega.com\/en\/wp-json\/wp\/v2\/product_brand?post=16621"},{"taxonomy":"product_cat","embeddable":true,"href":"https:\/\/stoffega.com\/en\/wp-json\/wp\/v2\/product_cat?post=16621"},{"taxonomy":"product_tag","embeddable":true,"href":"https:\/\/stoffega.com\/en\/wp-json\/wp\/v2\/product_tag?post=16621"}],"curies":[{"name":"wp","href":"https:\/\/api.w.org\/{rel}","templated":true}]}}