{"id":16683,"date":"2026-04-12T14:56:07","date_gmt":"2026-04-12T12:56:07","guid":{"rendered":"https:\/\/stoffega.com\/?post_type=product&#038;p=16683"},"modified":"2026-04-12T14:56:54","modified_gmt":"2026-04-12T12:56:54","slug":"glitzerkork-rost-minibag-2-2-2-2-3-2-3-2","status":"publish","type":"product","link":"https:\/\/stoffega.com\/en\/product\/glitzerkork-rost-minibag-2-2-2-2-3-2-3-2","title":{"rendered":"Glitzerkork Camouflage &#8211; Minibag"},"content":{"rendered":"<p>In dieser Umh\u00e4ngetasche finden alle wichtigen Dinge Platz, die du ausw\u00e4rts immer mit dabei hast, wie z.B.: Handy, Schl\u00fcssel, Ausweis, Geldb\u00f6rse.<\/p>\n<p>Damit innen alles griffbereit verstaut ist, gibt es auf der einen Seite ein Rei\u00dfverschlussfach und auf der anderen Seite einen Karabiner f\u00fcr den Schl\u00fcssel und ein gro\u00dfes\u00a0 Steckfach f\u00fcrs Handy und ein kleines Steckfach f\u00fcr Stifte. Die Tasche ist oben mit einem Rei\u00dfverschluss sicher verschlossen und dieser l\u00e4sst sich komplett \u00f6ffnen, sodass man einen guten Blick in die Tasche hat.<\/p>\n<p>Der Gurt wird oben an der Tasche mit Karabiner befestigt und kann auf die passende L\u00e4nge eingestellt werden. Nat\u00fcrlich kannst du auch den Gurt auch austauschen und andere Gurte verwenden.<\/p>\n<p>Die Tasche ist au\u00dfen komplett aus portugiesischem Korkleder gearbeitet und somit wasserabweisend. Sollte die Tasche einmal schmutzig werden, braucht man sie nur mit einem feuchten Tuch sauber machen.<\/p>","protected":false},"excerpt":{"rendered":"<p>handgefertigt aus portugiesischem Korkleder und\u00a0 hochwertigen Baumwollstoffen<\/p>\n<p>Gr\u00f6\u00dfe: ca. 14cm x 20cm x 8cm<\/p>","protected":false},"featured_media":16685,"comment_status":"closed","ping_status":"closed","template":"","meta":[],"product_brand":[],"product_cat":[471],"product_tag":[316,259,373,260,320,219,256,472,473,319,255,314],"class_list":{"0":"post-16683","1":"product","2":"type-product","3":"status-publish","4":"has-post-thumbnail","6":"product_cat-mini-maxi-bag","7":"product_tag-bag","8":"product_tag-crossbody","9":"product_tag-crossbodybag","10":"product_tag-crossbodytasche","11":"product_tag-handbag","12":"product_tag-handtasche","13":"product_tag-korktasche","14":"product_tag-maxibag","15":"product_tag-minibag","16":"product_tag-schultertasche","17":"product_tag-tasche","18":"product_tag-umhaengetasche","19":"product_shipping_class-paket-2kg","21":"first","22":"instock","23":"shipping-taxable","24":"purchasable","25":"product-type-simple"},"jetpack_sharing_enabled":true,"_links":{"self":[{"href":"https:\/\/stoffega.com\/en\/wp-json\/wp\/v2\/product\/16683","targetHints":{"allow":["GET"]}}],"collection":[{"href":"https:\/\/stoffega.com\/en\/wp-json\/wp\/v2\/product"}],"about":[{"href":"https:\/\/stoffega.com\/en\/wp-json\/wp\/v2\/types\/product"}],"replies":[{"embeddable":true,"href":"https:\/\/stoffega.com\/en\/wp-json\/wp\/v2\/comments?post=16683"}],"wp:featuredmedia":[{"embeddable":true,"href":"https:\/\/stoffega.com\/en\/wp-json\/wp\/v2\/media\/16685"}],"wp:attachment":[{"href":"https:\/\/stoffega.com\/en\/wp-json\/wp\/v2\/media?parent=16683"}],"wp:term":[{"taxonomy":"product_brand","embeddable":true,"href":"https:\/\/stoffega.com\/en\/wp-json\/wp\/v2\/product_brand?post=16683"},{"taxonomy":"product_cat","embeddable":true,"href":"https:\/\/stoffega.com\/en\/wp-json\/wp\/v2\/product_cat?post=16683"},{"taxonomy":"product_tag","embeddable":true,"href":"https:\/\/stoffega.com\/en\/wp-json\/wp\/v2\/product_tag?post=16683"}],"curies":[{"name":"wp","href":"https:\/\/api.w.org\/{rel}","templated":true}]}}