{"id":16703,"date":"2026-04-12T15:08:17","date_gmt":"2026-04-12T13:08:17","guid":{"rendered":"https:\/\/stoffega.com\/?post_type=product&#038;p=16703"},"modified":"2026-04-12T15:09:11","modified_gmt":"2026-04-12T13:09:11","slug":"schwarze-wellen-3-2-2-2-3-2-2-3-2-2","status":"publish","type":"product","link":"https:\/\/stoffega.com\/en\/product\/schwarze-wellen-3-2-2-2-3-2-2-3-2-2","title":{"rendered":"Camouflage Natur"},"content":{"rendered":"<p>Die Au\u00dfenseite dieser Brieftasche ist aus hochwertigem portugiesischem Kork\u00a0 gearbeitet, wodurch die Tasche stabil und gut in der Hand liegt. Das Korkleder ist wasserabweisend und ganz leicht mit einem feuchten Tuch zu reinigen.<\/p>\n<p>Hinter den beiden Klappen verbergen sich zwei getrennte Brieftaschenteile: Bei der vorderen Klappe kommt man zum sehr gro\u00dfen und wunderbar \u00fcbersichtlichem M\u00fcnzfach mit einem Steckfach f\u00fcr Geldscheine an der Seite.<\/p>\n<p>Mit der anderen Klappe \u00f6ffnet man den zweiten Teil der Brieftasche mit weiteren 3 Steckf\u00e4chern, einem Vinyl-Sichtfach, einem Rei\u00dfverschlussfach und 8 Hochkant-Kartenf\u00e4chern. Die Kartenf\u00e4cher sind auch aus Kork gearbeitet, wodurch sich die Karten sehr leicht herausnehmen bzw. hineinstecken lassen. Die F\u00e4cher k\u00f6nnen auch mit mehreren Karten belegt werden.<\/p>\n<p>&nbsp;<\/p>","protected":false},"excerpt":{"rendered":"<p><span>handgefertigt aus hochwertigem portugiesischem Kork, wunderbar weichem Essex-Leinen und\u00a0 Baumwollstoffen<\/span><\/p>\n<p>Gr\u00f6\u00dfe: ca. 15,5cm x 10,5cm<\/p>","protected":false},"featured_media":16704,"comment_status":"closed","ping_status":"closed","template":"","meta":[],"product_brand":[],"product_cat":[158],"product_tag":[244,275,245,242,250,243],"class_list":{"0":"post-16703","1":"product","2":"type-product","3":"status-publish","4":"has-post-thumbnail","6":"product_cat-kork-klappe","7":"product_tag-brieftasche","8":"product_tag-geld","9":"product_tag-geldbeutel","10":"product_tag-geldboerse","11":"product_tag-geldtasche","12":"product_tag-portemonnaie","13":"product_shipping_class-paket-2kg","15":"first","16":"instock","17":"shipping-taxable","18":"purchasable","19":"product-type-simple"},"jetpack_sharing_enabled":true,"_links":{"self":[{"href":"https:\/\/stoffega.com\/en\/wp-json\/wp\/v2\/product\/16703","targetHints":{"allow":["GET"]}}],"collection":[{"href":"https:\/\/stoffega.com\/en\/wp-json\/wp\/v2\/product"}],"about":[{"href":"https:\/\/stoffega.com\/en\/wp-json\/wp\/v2\/types\/product"}],"replies":[{"embeddable":true,"href":"https:\/\/stoffega.com\/en\/wp-json\/wp\/v2\/comments?post=16703"}],"wp:featuredmedia":[{"embeddable":true,"href":"https:\/\/stoffega.com\/en\/wp-json\/wp\/v2\/media\/16704"}],"wp:attachment":[{"href":"https:\/\/stoffega.com\/en\/wp-json\/wp\/v2\/media?parent=16703"}],"wp:term":[{"taxonomy":"product_brand","embeddable":true,"href":"https:\/\/stoffega.com\/en\/wp-json\/wp\/v2\/product_brand?post=16703"},{"taxonomy":"product_cat","embeddable":true,"href":"https:\/\/stoffega.com\/en\/wp-json\/wp\/v2\/product_cat?post=16703"},{"taxonomy":"product_tag","embeddable":true,"href":"https:\/\/stoffega.com\/en\/wp-json\/wp\/v2\/product_tag?post=16703"}],"curies":[{"name":"wp","href":"https:\/\/api.w.org\/{rel}","templated":true}]}}