{"id":16710,"date":"2026-04-12T16:51:07","date_gmt":"2026-04-12T14:51:07","guid":{"rendered":"https:\/\/stoffega.com\/?post_type=product&#038;p=16710"},"modified":"2026-04-12T16:52:09","modified_gmt":"2026-04-12T14:52:09","slug":"sydney-new-york-2-2-2","status":"publish","type":"product","link":"https:\/\/stoffega.com\/en\/product\/sydney-new-york-2-2-2","title":{"rendered":"Teddypl\u00fcsch"},"content":{"rendered":"<p>Der Shopper besticht mit seiner edlen Optik und hohen Funktionalit\u00e4t. Die Tasche ist oben offen, sodass schnell alles rein- oder rausgenommen werden kann. Durch ihre Gr\u00f6\u00dfe bietet sie sogar genug Platz f\u00fcr den kleinen Einkauf zwischendurch, einen Laptop, einen Ringbuchordner oder eine Trinkflasche.<\/p>\n<p>Damit deine Wertgegenst\u00e4nde aber sicher verwahrt und auch gleich bei der Hand sind, gibt es innen seitlich ein gro\u00dfes Zipperfach, indem Handy, Brieftasche, Ausweis usw. Platz finden. F\u00fcr den Schl\u00fcssel gibt es einen eigenen Keyfinder mit Karabinerhaken.<\/p>\n<p>Die Tasche wird mit einem Korkriemen \u00fcber die Schulter getragen.<\/p>\n<p>Die Tasche ist bei 30\u00b0 Feinw\u00e4sche waschbar.<\/p>\n<p>Die Tasche ist nach dem Schnitt &#8222;Shopper Rori&#8220; von &#8222;Das mach ich nachts &#8220; mit eigenen Anpassungen gen\u00e4ht.<\/p>","protected":false},"excerpt":{"rendered":"<p>handgefertigt aus hochwertigen Kork- und  Baumwollstoffen, wunderbar weichem Bio-Bsumwoll-Teddypl\u00fcsch<\/p>\n<p>Gr\u00f6\u00dfe: ca. 38cm x 36cm x 10cm<\/p>","protected":false},"featured_media":14850,"comment_status":"closed","ping_status":"closed","template":"","meta":[],"product_brand":[],"product_cat":[146],"product_tag":[320,219,249,319,318,255],"class_list":{"0":"post-16710","1":"product","2":"type-product","3":"status-publish","4":"has-post-thumbnail","6":"product_cat-shopper","7":"product_tag-handbag","8":"product_tag-handtasche","9":"product_tag-kork","10":"product_tag-schultertasche","11":"product_tag-shopper","12":"product_tag-tasche","13":"product_shipping_class-paket-2kg","15":"first","16":"instock","17":"shipping-taxable","18":"purchasable","19":"product-type-simple"},"jetpack_sharing_enabled":true,"_links":{"self":[{"href":"https:\/\/stoffega.com\/en\/wp-json\/wp\/v2\/product\/16710","targetHints":{"allow":["GET"]}}],"collection":[{"href":"https:\/\/stoffega.com\/en\/wp-json\/wp\/v2\/product"}],"about":[{"href":"https:\/\/stoffega.com\/en\/wp-json\/wp\/v2\/types\/product"}],"replies":[{"embeddable":true,"href":"https:\/\/stoffega.com\/en\/wp-json\/wp\/v2\/comments?post=16710"}],"wp:featuredmedia":[{"embeddable":true,"href":"https:\/\/stoffega.com\/en\/wp-json\/wp\/v2\/media\/14850"}],"wp:attachment":[{"href":"https:\/\/stoffega.com\/en\/wp-json\/wp\/v2\/media?parent=16710"}],"wp:term":[{"taxonomy":"product_brand","embeddable":true,"href":"https:\/\/stoffega.com\/en\/wp-json\/wp\/v2\/product_brand?post=16710"},{"taxonomy":"product_cat","embeddable":true,"href":"https:\/\/stoffega.com\/en\/wp-json\/wp\/v2\/product_cat?post=16710"},{"taxonomy":"product_tag","embeddable":true,"href":"https:\/\/stoffega.com\/en\/wp-json\/wp\/v2\/product_tag?post=16710"}],"curies":[{"name":"wp","href":"https:\/\/api.w.org\/{rel}","templated":true}]}}