{"id":16726,"date":"2026-04-12T17:08:34","date_gmt":"2026-04-12T15:08:34","guid":{"rendered":"https:\/\/stoffega.com\/?post_type=product&#038;p=16726"},"modified":"2026-04-12T17:12:39","modified_gmt":"2026-04-12T15:12:39","slug":"marienkaefer-tuerkis-hipbag-m-2-3","status":"publish","type":"product","link":"https:\/\/stoffega.com\/en\/product\/marienkaefer-tuerkis-hipbag-m-2-3","title":{"rendered":"Kopie von Blumen auf blau &#8211; Hipbag M"},"content":{"rendered":"<p>Diese Tasche ist immer eine gute Wahl, denn sie bietet gen\u00fcgend Platz f\u00fcr jede Gelegenheit.<\/p>\n<p>Sie hat ein gro\u00dfes Hauptfach, das \u00fcber die gesamte L\u00e4nge mit einem Rei\u00dfverschluss verschlossen wird und somit einen sehr guten \u00dcberblick \u00fcber den Inhalt der Tasche gibt. Das Hauptfach bietet auch in der Medium-Variante sogar Platz f\u00fcr eine Trinkflasche oder \u00e4hnlich gro\u00dfe Dinge.<\/p>\n<p>Weiters hat man eine gro\u00dfe Tasche an der R\u00fcckseite, eine Innentasche (beide mit Rei\u00dfverschluss) und eine Tasche an der Vorderseite mit Taschenklappe, ideal f\u00fcr alles, was man schnell griffbereit haben m\u00f6chte.<\/p>\n<p>Das Gurtband ist in der L\u00e4nge verstellbar und mit zwei Karabinern angebracht, so dass es auch austauschbar ist. Die Tasche kann quer \u00fcber dem Oberk\u00f6rper bzw. die Medium-Variante auch, wie eine klassische Bauchtasche um die H\u00fcfte getragen werden.<\/p>\n<p>Die Bauchtasche ist au\u00dfen komplett aus veganem Korkleder gearbeitet. Dies macht sie wasserabweisend und auch leicht mit einem feuchten Tuch zu reinigen.<\/p>\n<p>Die Bauchtasche ist &#8211; mit eigenen Adaptierungen &#8211; nach dem Schnitt &#8222;Tasche voll Gl\u00fcck&#8220; von Lotte&amp;Ludwig gearbeitet.<\/p>","protected":false},"excerpt":{"rendered":"<div class=\"card-description\">\n<p>handgefertigt aus hochwertigem Kork- und Baumwollstoffen<\/p>\n<p>Gr\u00f6\u00dfe ca.:\u00a0 \u00a026cm x 15cm x 9cm<\/p>\n<\/div>\n<div class=\"footer\">\n<div class=\"price\">\n<h4><\/h4>\n<\/div>\n<\/div>","protected":false},"featured_media":16727,"comment_status":"closed","ping_status":"closed","template":"","meta":[],"product_brand":[],"product_cat":[546],"product_tag":[252,259,260,254,253,249,257,258,256,255],"class_list":{"0":"post-16726","1":"product","2":"type-product","3":"status-publish","4":"has-post-thumbnail","6":"product_cat-hip-bag-kork","7":"product_tag-bauchtasche","8":"product_tag-crossbody","9":"product_tag-crossbodytasche","10":"product_tag-guerteltasche","11":"product_tag-hipbag","12":"product_tag-kork","13":"product_tag-korkbauchtasche","14":"product_tag-korkhipbag","15":"product_tag-korktasche","16":"product_tag-tasche","17":"product_shipping_class-paket-2kg","19":"first","20":"instock","21":"shipping-taxable","22":"purchasable","23":"product-type-simple"},"jetpack_sharing_enabled":true,"_links":{"self":[{"href":"https:\/\/stoffega.com\/en\/wp-json\/wp\/v2\/product\/16726","targetHints":{"allow":["GET"]}}],"collection":[{"href":"https:\/\/stoffega.com\/en\/wp-json\/wp\/v2\/product"}],"about":[{"href":"https:\/\/stoffega.com\/en\/wp-json\/wp\/v2\/types\/product"}],"replies":[{"embeddable":true,"href":"https:\/\/stoffega.com\/en\/wp-json\/wp\/v2\/comments?post=16726"}],"wp:featuredmedia":[{"embeddable":true,"href":"https:\/\/stoffega.com\/en\/wp-json\/wp\/v2\/media\/16727"}],"wp:attachment":[{"href":"https:\/\/stoffega.com\/en\/wp-json\/wp\/v2\/media?parent=16726"}],"wp:term":[{"taxonomy":"product_brand","embeddable":true,"href":"https:\/\/stoffega.com\/en\/wp-json\/wp\/v2\/product_brand?post=16726"},{"taxonomy":"product_cat","embeddable":true,"href":"https:\/\/stoffega.com\/en\/wp-json\/wp\/v2\/product_cat?post=16726"},{"taxonomy":"product_tag","embeddable":true,"href":"https:\/\/stoffega.com\/en\/wp-json\/wp\/v2\/product_tag?post=16726"}],"curies":[{"name":"wp","href":"https:\/\/api.w.org\/{rel}","templated":true}]}}