{"id":16746,"date":"2026-04-18T11:42:54","date_gmt":"2026-04-18T09:42:54","guid":{"rendered":"https:\/\/stoffega.com\/?post_type=product&#038;p=16746"},"modified":"2026-04-18T11:43:52","modified_gmt":"2026-04-18T09:43:52","slug":"gassibeutel-2-2-2-2-2-2-2-2-3-2-2-2","status":"publish","type":"product","link":"https:\/\/stoffega.com\/en\/product\/gassibeutel-2-2-2-2-2-2-2-2-3-2-2-2","title":{"rendered":"Dogs Life"},"content":{"rendered":"<p>Mein Gassibeutel ist ein praktisches kleines T\u00e4schchen, in dessen unterschiedlichen F\u00e4chern alle wichtigen Dinge f\u00fcr den Spaziergang mit dem Hund gut verstaut werden k\u00f6nnen.<\/p>\n<p>Im gro\u00dfen Fach kann man gut Futter bzw. Leckerlis unterbringen und mit dem Gummiband auch sicher verschlie\u00dfen.<\/p>\n<p>Im schmalen Fach mit dem Druckknopf finden die Kotbeutel Platz.<\/p>\n<p>Auf der R\u00fcckseite befindet sich dann noch ein Rei\u00dfverschlussfach f\u00fcr den mitgehenden Menschen, wo man Geld, Schl\u00fcssel, Karten oder \u00e4hnliches sicher verwahrt.<\/p>\n<p>Der Beutel kann mit dem Karabiner an die Leine, den Hosenbund oder eine Tasche angebracht werden und so hat man auch die H\u00e4nde frei.<\/p>\n<p>Der Gassibeutel kann bei 30\u00b0Grad Pflegew\u00e4sche in der Waschmaschine gewaschen werden.<\/p>\n<p>Der Beutel ist nach einem eigenen Schnittmuster gearbeitet.<\/p>","protected":false},"excerpt":{"rendered":"<p>handgefertigt aus <span>hochwertigen Leinen- und Baumwollstoffen<\/span><\/p>\n<p>Gr\u00f6\u00dfe: ca.\u00a0 15cm x 12cm<\/p>","protected":false},"featured_media":16747,"comment_status":"closed","ping_status":"closed","template":"","meta":[],"product_brand":[],"product_cat":[366],"product_tag":[381,382,376,377,383,379,378,380,309,374,162],"class_list":{"0":"post-16746","1":"product","2":"type-product","3":"status-publish","4":"has-post-thumbnail","6":"product_cat-gassibeutel","7":"product_tag-gassibeutel","8":"product_tag-gassigehen","9":"product_tag-hund","10":"product_tag-hundebeutel","11":"product_tag-hundetaeschchen","12":"product_tag-leckerlibeutel","13":"product_tag-leckerlis","14":"product_tag-leckerlitasche","15":"product_tag-minitasche","16":"product_tag-pouch","17":"product_tag-taeschchen","18":"product_shipping_class-paeckchen","20":"first","21":"instock","22":"shipping-taxable","23":"purchasable","24":"product-type-simple"},"jetpack_sharing_enabled":true,"_links":{"self":[{"href":"https:\/\/stoffega.com\/en\/wp-json\/wp\/v2\/product\/16746","targetHints":{"allow":["GET"]}}],"collection":[{"href":"https:\/\/stoffega.com\/en\/wp-json\/wp\/v2\/product"}],"about":[{"href":"https:\/\/stoffega.com\/en\/wp-json\/wp\/v2\/types\/product"}],"replies":[{"embeddable":true,"href":"https:\/\/stoffega.com\/en\/wp-json\/wp\/v2\/comments?post=16746"}],"wp:featuredmedia":[{"embeddable":true,"href":"https:\/\/stoffega.com\/en\/wp-json\/wp\/v2\/media\/16747"}],"wp:attachment":[{"href":"https:\/\/stoffega.com\/en\/wp-json\/wp\/v2\/media?parent=16746"}],"wp:term":[{"taxonomy":"product_brand","embeddable":true,"href":"https:\/\/stoffega.com\/en\/wp-json\/wp\/v2\/product_brand?post=16746"},{"taxonomy":"product_cat","embeddable":true,"href":"https:\/\/stoffega.com\/en\/wp-json\/wp\/v2\/product_cat?post=16746"},{"taxonomy":"product_tag","embeddable":true,"href":"https:\/\/stoffega.com\/en\/wp-json\/wp\/v2\/product_tag?post=16746"}],"curies":[{"name":"wp","href":"https:\/\/api.w.org\/{rel}","templated":true}]}}