{"id":16787,"date":"2026-04-21T14:25:08","date_gmt":"2026-04-21T12:25:08","guid":{"rendered":"https:\/\/stoffega.com\/?post_type=product&#038;p=16787"},"modified":"2026-04-21T14:25:53","modified_gmt":"2026-04-21T12:25:53","slug":"pinktoene-2-2-2-2-2-2-2","status":"publish","type":"product","link":"https:\/\/stoffega.com\/en\/product\/pinktoene-2-2-2-2-2-2-2","title":{"rendered":"Apricott\u00f6ne"},"content":{"rendered":"<p>Dieses Kosmetiktasche ist au\u00dfen aus wasser- und schutzabweisenden Kork gearbeitet, was f\u00fcr die Verwendung in Nassr\u00e4umen sehr vorteilhaft ist.<\/p>\n<p>Der Innenstoff der Tasche ist auch wasserabweisend, sodass ausgeronnene Duschgels oder Lotionen leicht abgewischt werden k\u00f6nnen und nichts in den Koffer hinausrinnt.<\/p>\n<p>Von der L\u00e4nge her, passt eine elektrische Zahnb\u00fcrste guten die Tasche. Um auch kleinere Dinge gut aufzubewahren, findet man auf einer Seite innen noch ein zus\u00e4tzliches Rei\u00dfverschlussfach.<\/p>\n<p>Nat\u00fcrlich kann die Tasche auch gut als gr\u00f6\u00dferes Federpenal verwendet werden.<\/p>\n<p>Sollte die Tasche schmutzig werden, einfach innen und au\u00dfen mit einem feuchten Tuch mit etwas Seife reinigen.<\/p>\n<p>Das T\u00e4schchen ist nach einem eigenem Schnittmuster gearbeitet.<\/p>","protected":false},"excerpt":{"rendered":"<p><span>handgefertigt aus portugiesischem Kork und hochwertiger wasserabweisender gewachster Biobaumwolle\u00a0<\/span><\/p>\n<p>Gr\u00f6\u00dfe: ca. 23cm x 16cm x 6cm<\/p>","protected":false},"featured_media":16788,"comment_status":"closed","ping_status":"closed","template":"","meta":[],"product_brand":[],"product_cat":[585],"product_tag":[165,249,164,160,163,162,161,282,166],"class_list":{"0":"post-16787","1":"product","2":"type-product","3":"status-publish","4":"has-post-thumbnail","6":"product_cat-waschbeutel-kork","7":"product_tag-badetasche","8":"product_tag-kork","9":"product_tag-kosmetik","10":"product_tag-kosmetiktasche","11":"product_tag-kulturbeutel","12":"product_tag-taeschchen","13":"product_tag-waschtasche","14":"product_tag-wasserabweisend","15":"product_tag-zippertasche","16":"product_shipping_class-paeckchen","18":"first","19":"instock","20":"shipping-taxable","21":"purchasable","22":"product-type-simple"},"jetpack_sharing_enabled":true,"_links":{"self":[{"href":"https:\/\/stoffega.com\/en\/wp-json\/wp\/v2\/product\/16787","targetHints":{"allow":["GET"]}}],"collection":[{"href":"https:\/\/stoffega.com\/en\/wp-json\/wp\/v2\/product"}],"about":[{"href":"https:\/\/stoffega.com\/en\/wp-json\/wp\/v2\/types\/product"}],"replies":[{"embeddable":true,"href":"https:\/\/stoffega.com\/en\/wp-json\/wp\/v2\/comments?post=16787"}],"wp:featuredmedia":[{"embeddable":true,"href":"https:\/\/stoffega.com\/en\/wp-json\/wp\/v2\/media\/16788"}],"wp:attachment":[{"href":"https:\/\/stoffega.com\/en\/wp-json\/wp\/v2\/media?parent=16787"}],"wp:term":[{"taxonomy":"product_brand","embeddable":true,"href":"https:\/\/stoffega.com\/en\/wp-json\/wp\/v2\/product_brand?post=16787"},{"taxonomy":"product_cat","embeddable":true,"href":"https:\/\/stoffega.com\/en\/wp-json\/wp\/v2\/product_cat?post=16787"},{"taxonomy":"product_tag","embeddable":true,"href":"https:\/\/stoffega.com\/en\/wp-json\/wp\/v2\/product_tag?post=16787"}],"curies":[{"name":"wp","href":"https:\/\/api.w.org\/{rel}","templated":true}]}}