{"id":17073,"date":"2026-05-14T21:42:00","date_gmt":"2026-05-14T19:42:00","guid":{"rendered":"https:\/\/stoffega.com\/?post_type=product&#038;p=17073"},"modified":"2026-05-14T21:42:51","modified_gmt":"2026-05-14T19:42:51","slug":"glitzerkork-rosa-walhaibaby-2-2-2-2-4","status":"publish","type":"product","link":"https:\/\/stoffega.com\/en\/product\/glitzerkork-rosa-walhaibaby-2-2-2-2-4","title":{"rendered":"Glitzerkork beere"},"content":{"rendered":"<p>Die Kleinste aus der Schildkr\u00f6ten-Familie ist au\u00dfen mit einem Karabiner ausgestattet, sodass sie sich leicht an Taschen, Rucks\u00e4cke oder G\u00fcrtelschlaufen dazu h\u00e4ngen l\u00e4sst.<\/p>\n<p>\u00d6ffnet man mit dem Rei\u00dfverschluss den Schildkr\u00f6tenpanzer, hat man ein kleines T\u00e4schchen, das genug Platz f\u00fcr Autoschl\u00fcssel, Schl\u00fcssel, Kosmetik, Kopfh\u00f6rer-Case oder andere Kleinigkeiten bietet.<\/p>\n<p>Von der Gr\u00f6\u00dfe passen auch sehr gut Bankkarte, Papier- und M\u00fcnzgeld in die kleine Schildkr\u00f6te.<\/p>\n<p>&nbsp;<\/p>\n<p>&nbsp;<\/p>","protected":false},"excerpt":{"rendered":"<p>handgefertigt aus portugiesischem Kork und hochwertigen\u00a0 Baumwollstoffen<\/p>\n<p>Gr\u00f6\u00dfe:\u00a0 Durchmesser vom K\u00f6rper ca. 11cm<\/p>","protected":false},"featured_media":17074,"comment_status":"closed","ping_status":"closed","template":"","meta":[],"product_brand":[],"product_cat":[587],"product_tag":[295,457,458,464,459,460,461,214,374,588,462,456,349,440,215,347,463,589],"class_list":{"0":"post-17073","1":"product","2":"type-product","3":"status-publish","4":"has-post-thumbnail","6":"product_cat-schildkroeten-minipouch","7":"product_tag-etui","8":"product_tag-federbox","9":"product_tag-federetui","10":"product_tag-federkaestchen","11":"product_tag-federkasten","12":"product_tag-federmaeppchen","13":"product_tag-federpennal","14":"product_tag-kosmetiktaeschchen","15":"product_tag-pouch","16":"product_tag-schildkroete","17":"product_tag-schlamper-etui","18":"product_tag-schlampermaeppchen","19":"product_tag-schuettelpenal","20":"product_tag-stifteetui","21":"product_tag-stiftemaeppchen","22":"product_tag-stiftetaeschchen","23":"product_tag-stiftetasche","24":"product_tag-turtle","25":"product_shipping_class-paeckchen","27":"first","28":"instock","29":"shipping-taxable","30":"purchasable","31":"product-type-simple"},"jetpack_sharing_enabled":true,"_links":{"self":[{"href":"https:\/\/stoffega.com\/en\/wp-json\/wp\/v2\/product\/17073","targetHints":{"allow":["GET"]}}],"collection":[{"href":"https:\/\/stoffega.com\/en\/wp-json\/wp\/v2\/product"}],"about":[{"href":"https:\/\/stoffega.com\/en\/wp-json\/wp\/v2\/types\/product"}],"replies":[{"embeddable":true,"href":"https:\/\/stoffega.com\/en\/wp-json\/wp\/v2\/comments?post=17073"}],"wp:featuredmedia":[{"embeddable":true,"href":"https:\/\/stoffega.com\/en\/wp-json\/wp\/v2\/media\/17074"}],"wp:attachment":[{"href":"https:\/\/stoffega.com\/en\/wp-json\/wp\/v2\/media?parent=17073"}],"wp:term":[{"taxonomy":"product_brand","embeddable":true,"href":"https:\/\/stoffega.com\/en\/wp-json\/wp\/v2\/product_brand?post=17073"},{"taxonomy":"product_cat","embeddable":true,"href":"https:\/\/stoffega.com\/en\/wp-json\/wp\/v2\/product_cat?post=17073"},{"taxonomy":"product_tag","embeddable":true,"href":"https:\/\/stoffega.com\/en\/wp-json\/wp\/v2\/product_tag?post=17073"}],"curies":[{"name":"wp","href":"https:\/\/api.w.org\/{rel}","templated":true}]}}