{"id":1899,"date":"2020-09-15T14:51:48","date_gmt":"2020-09-15T12:51:48","guid":{"rendered":"https:\/\/stoffega.com\/?post_type=product&#038;p=1899"},"modified":"2024-02-12T13:03:41","modified_gmt":"2024-02-12T11:03:41","slug":"orange-blaetter","status":"publish","type":"product","link":"https:\/\/stoffega.com\/en\/product\/orange-blaetter","title":{"rendered":"Foldover-Tasche Leinen &#8211; coming soon"},"content":{"rendered":"<p>Diese Handtasche bietet viel Platz f\u00fcr unterwegs . An den Au\u00dfenseiten gibt es ein extra Zipperfach und ein Einsteckfach, in dem Handy , Schl\u00fcssel, Kopfh\u00f6rer, usw. sicher Platz finden. Im Inneren gibt es zus\u00e4tzlich noch drei Steckf\u00e4cher um Sonnenbrille, Handy, Taschent\u00fccher oder \u00e4hnliches gleich griffbereit zu haben. Die Tasche ist oben sicher mit einem\u00a0 Rei\u00dfverschluss zu verschlie\u00dfen, sodass nichts herausfallen kann.<\/p>\n<p>Die Tasche ist je nach Inhalt in der Gr\u00f6\u00dfe, durch umfalten, anpassbar und kann somit ausreichend Platz bieten oder fein kompakt sein. Mit dem l\u00e4ngenverstellbaren Gurt l\u00e4sst sich die Tasche gut tragen.<\/p>\n<p>&nbsp;<\/p>","protected":false},"excerpt":{"rendered":"<p>handgefertigt aus hochwertigen Baumwollstoffen und wunderbar weichen Essex-Leinen<\/p>\n<p>Gr\u00f6\u00dfe: ca. 46cm x 37cm x 12cm (in gefaltetem Zustand 30cm x 37cm x 12cm)<\/p>","protected":false},"featured_media":8706,"comment_status":"closed","ping_status":"closed","template":"","meta":[],"product_brand":[],"product_cat":[111],"product_tag":[316,259,373,260,469,320,219,313,319,255,314],"class_list":{"0":"post-1899","1":"product","2":"type-product","3":"status-publish","4":"has-post-thumbnail","6":"product_cat-foldover-tasche","7":"product_tag-bag","8":"product_tag-crossbody","9":"product_tag-crossbodybag","10":"product_tag-crossbodytasche","11":"product_tag-foldovertasche","12":"product_tag-handbag","13":"product_tag-handtasche","14":"product_tag-leinentasche","15":"product_tag-schultertasche","16":"product_tag-tasche","17":"product_tag-umhaengetasche","18":"product_shipping_class-paket-2kg","20":"first","21":"instock","22":"shipping-taxable","23":"purchasable","24":"product-type-simple"},"jetpack_sharing_enabled":true,"_links":{"self":[{"href":"https:\/\/stoffega.com\/en\/wp-json\/wp\/v2\/product\/1899","targetHints":{"allow":["GET"]}}],"collection":[{"href":"https:\/\/stoffega.com\/en\/wp-json\/wp\/v2\/product"}],"about":[{"href":"https:\/\/stoffega.com\/en\/wp-json\/wp\/v2\/types\/product"}],"replies":[{"embeddable":true,"href":"https:\/\/stoffega.com\/en\/wp-json\/wp\/v2\/comments?post=1899"}],"wp:featuredmedia":[{"embeddable":true,"href":"https:\/\/stoffega.com\/en\/wp-json\/wp\/v2\/media\/8706"}],"wp:attachment":[{"href":"https:\/\/stoffega.com\/en\/wp-json\/wp\/v2\/media?parent=1899"}],"wp:term":[{"taxonomy":"product_brand","embeddable":true,"href":"https:\/\/stoffega.com\/en\/wp-json\/wp\/v2\/product_brand?post=1899"},{"taxonomy":"product_cat","embeddable":true,"href":"https:\/\/stoffega.com\/en\/wp-json\/wp\/v2\/product_cat?post=1899"},{"taxonomy":"product_tag","embeddable":true,"href":"https:\/\/stoffega.com\/en\/wp-json\/wp\/v2\/product_tag?post=1899"}],"curies":[{"name":"wp","href":"https:\/\/api.w.org\/{rel}","templated":true}]}}