{"id":2092,"date":"2020-11-05T19:07:14","date_gmt":"2020-11-05T17:07:14","guid":{"rendered":"https:\/\/stoffega.com\/?post_type=product&#038;p=2092"},"modified":"2026-01-13T13:03:43","modified_gmt":"2026-01-13T11:03:43","slug":"rosa-dunkelvioletter-weihnachtsbaum-teppich-kopie","status":"publish","type":"product","link":"https:\/\/stoffega.com\/en\/product\/rosa-dunkelvioletter-weihnachtsbaum-teppich-kopie","title":{"rendered":"rosa-dunkelvioletter Weihnachtsbaum-Teppich mit Goldakzenten"},"content":{"rendered":"<p>Dieser Weihnachtsbaum-Teppich (oder christmastree-skirt, wie er auf englisch genannt wird) ist wie ein Quilt gearbeitet und besteht an der Vorderseite aus 20 Segmenten &#8211; die aus Streifen zusammengen\u00e4ht sind -, einer Flieseinlage und einem einf\u00e4rbigen R\u00fcckenstoff. Der Weihnachtsbaum-Teppich ist zur Abdeckung des Bodens unter dem Christbaum gedacht.<\/p>\n<p>Der Weihnachtsbaum-Teppich besteht zu 100% aus Baumwolle und ist damit auch bei 30\u00b0 Grad waschbar.<\/p>\n<p>F\u00fcr Sondergr\u00f6\u00dfen oder spezielle Farbw\u00fcnsche mich bitte einfach telefonisch oder per Mail kontaktieren.<\/p>","protected":false},"excerpt":{"rendered":"<p><span>handgefertigt aus hochwertigen Baumwollstoffen und Leinen<\/span><\/p>\n<p>Gr\u00f6\u00dfe: ca 115cm Durchmesser<\/p>","protected":false},"featured_media":2093,"comment_status":"closed","ping_status":"closed","template":"","meta":[],"product_brand":[],"product_cat":[115],"product_tag":[],"class_list":{"0":"post-2092","1":"product","2":"type-product","3":"status-publish","4":"has-post-thumbnail","6":"product_cat-weihnachtsbaum-teppich","7":"product_shipping_class-paket-2kg","9":"first","10":"instock","11":"sale","12":"sold-individually","13":"shipping-taxable","14":"purchasable","15":"product-type-simple"},"jetpack_sharing_enabled":true,"_links":{"self":[{"href":"https:\/\/stoffega.com\/en\/wp-json\/wp\/v2\/product\/2092","targetHints":{"allow":["GET"]}}],"collection":[{"href":"https:\/\/stoffega.com\/en\/wp-json\/wp\/v2\/product"}],"about":[{"href":"https:\/\/stoffega.com\/en\/wp-json\/wp\/v2\/types\/product"}],"replies":[{"embeddable":true,"href":"https:\/\/stoffega.com\/en\/wp-json\/wp\/v2\/comments?post=2092"}],"wp:featuredmedia":[{"embeddable":true,"href":"https:\/\/stoffega.com\/en\/wp-json\/wp\/v2\/media\/2093"}],"wp:attachment":[{"href":"https:\/\/stoffega.com\/en\/wp-json\/wp\/v2\/media?parent=2092"}],"wp:term":[{"taxonomy":"product_brand","embeddable":true,"href":"https:\/\/stoffega.com\/en\/wp-json\/wp\/v2\/product_brand?post=2092"},{"taxonomy":"product_cat","embeddable":true,"href":"https:\/\/stoffega.com\/en\/wp-json\/wp\/v2\/product_cat?post=2092"},{"taxonomy":"product_tag","embeddable":true,"href":"https:\/\/stoffega.com\/en\/wp-json\/wp\/v2\/product_tag?post=2092"}],"curies":[{"name":"wp","href":"https:\/\/api.w.org\/{rel}","templated":true}]}}