{"id":3113,"date":"2021-02-01T16:47:12","date_gmt":"2021-02-01T14:47:12","guid":{"rendered":"https:\/\/stoffega.com\/?post_type=product&#038;p=3113"},"modified":"2026-01-31T16:28:27","modified_gmt":"2026-01-31T14:28:27","slug":"blume-des-lebens-2","status":"publish","type":"product","link":"https:\/\/stoffega.com\/en\/product\/blume-des-lebens-2","title":{"rendered":"Blauer Stern"},"content":{"rendered":"<p>Meine Meditationskissen bestehen aus einem Innenkissen und einem abnehmbaren \u00dcberzug.<\/p>\n<p>Das Innenkissen ist mit 1,2kg Buchweizenspelze gef\u00fcllt. Buchweizenspelz ist ein nat\u00fcrliches F\u00fcllmaterial und passt sich perfekt der K\u00f6rperdynamik an. Durch einen Klettverschluss bzw. Rei\u00dfverschluss, kann die F\u00fcllung angepasst oder ausgetauscht werden.<\/p>\n<p>Der \u00dcberzug ist aus hochwertigem Essex-Leinen gearbeitet und ist mit einem Reisverschluss auf der Unterseite abnehmbar und bei 30\u00b0 Grad Pflegew\u00e4sche waschbar.<\/p>\n<p>Das Kissen kann f\u00fcr Yoga, Meditation, Gymnastik und \u00e4hnliches zum Sitzen am Boden verwendet werden, wodurch eine entspanntere Sitzposition erreicht wird.<\/p>\n<p>Gerne kann ich das Kissen auch von der Gr\u00f6\u00dfe her ma\u00dfanfertigen bzw. ist es auch m\u00f6glich den \u00dcberzug ohne Innenkissen zu kaufen. (\u20ac 69.-).<\/p>\n<p>Im applizierten Stern befindet sich ein kleiner Schmutzfleck.<\/p>\n<p>Die Fotos von den Innenkissen sind Symbolfotos und k\u00f6nnen von den verwendeten Stoffen abweichen.<\/p>","protected":false},"excerpt":{"rendered":"<p><span>handgefertigt aus hochwertigen Baumwollstoffen und wunderbar weichen Essex-Leinen<\/span><\/p>\n<p>Gr\u00f6\u00dfe: Durchmesser ca. 30cm x H\u00f6he 15cm<\/p>","protected":false},"featured_media":6106,"comment_status":"closed","ping_status":"closed","template":"","meta":[],"product_brand":[],"product_cat":[125],"product_tag":[178,173,177,176,175,174,168,169,172,170,171],"class_list":{"0":"post-3113","1":"product","2":"type-product","3":"status-publish","4":"has-post-thumbnail","6":"product_cat-meditationskissen","7":"product_tag-bodenkissen","8":"product_tag-dinkelspelze","9":"product_tag-gymnastik","10":"product_tag-gymnastikkissen","11":"product_tag-hocker","12":"product_tag-kissen","13":"product_tag-meditation","14":"product_tag-meditationskissen","15":"product_tag-sitzkissen","16":"product_tag-yoga","17":"product_tag-yogakissen","18":"product_shipping_class-paket-2kg","20":"first","21":"instock","22":"sale","23":"shipping-taxable","24":"purchasable","25":"product-type-simple"},"jetpack_sharing_enabled":true,"_links":{"self":[{"href":"https:\/\/stoffega.com\/en\/wp-json\/wp\/v2\/product\/3113","targetHints":{"allow":["GET"]}}],"collection":[{"href":"https:\/\/stoffega.com\/en\/wp-json\/wp\/v2\/product"}],"about":[{"href":"https:\/\/stoffega.com\/en\/wp-json\/wp\/v2\/types\/product"}],"replies":[{"embeddable":true,"href":"https:\/\/stoffega.com\/en\/wp-json\/wp\/v2\/comments?post=3113"}],"wp:featuredmedia":[{"embeddable":true,"href":"https:\/\/stoffega.com\/en\/wp-json\/wp\/v2\/media\/6106"}],"wp:attachment":[{"href":"https:\/\/stoffega.com\/en\/wp-json\/wp\/v2\/media?parent=3113"}],"wp:term":[{"taxonomy":"product_brand","embeddable":true,"href":"https:\/\/stoffega.com\/en\/wp-json\/wp\/v2\/product_brand?post=3113"},{"taxonomy":"product_cat","embeddable":true,"href":"https:\/\/stoffega.com\/en\/wp-json\/wp\/v2\/product_cat?post=3113"},{"taxonomy":"product_tag","embeddable":true,"href":"https:\/\/stoffega.com\/en\/wp-json\/wp\/v2\/product_tag?post=3113"}],"curies":[{"name":"wp","href":"https:\/\/api.w.org\/{rel}","templated":true}]}}