{"id":3115,"date":"2021-02-01T17:13:47","date_gmt":"2021-02-01T15:13:47","guid":{"rendered":"https:\/\/stoffega.com\/?post_type=product&#038;p=3115"},"modified":"2026-01-31T16:45:43","modified_gmt":"2026-01-31T14:45:43","slug":"orange-dreiecke","status":"publish","type":"product","link":"https:\/\/stoffega.com\/en\/product\/orange-dreiecke","title":{"rendered":"orange Dreiecke"},"content":{"rendered":"<p>Dieser Polster\u00fcberzug wurde nach eigenem Entwurf aus Designer-Patchworkstoffen gearbeitet. F\u00fcr die R\u00fcckseite wurde ein Teddy-Fleece-Stoff verwendet, der zum gem\u00fctlichen Kuscheln einl\u00e4dt.<\/p>\n<p>Der Kissen\u00fcberzug l\u00e4sst sich an der Unterseite mit einem Rei\u00dfverschluss \u00f6ffnen und kann auch in der Waschmaschine bei 30 Grad gewaschen werden.<\/p>","protected":false},"excerpt":{"rendered":"<p>handgefertigt aus hochwertigen Baumwollstoffen und kuscheligen Teddy-Fleece<\/p>\n<p>Gr\u00f6\u00dfe: ca. 50cm x 50cm<\/p>\n<p>Polster-Inlet ist im Lieferumfang nicht enthalten.<\/p>","protected":false},"featured_media":6654,"comment_status":"closed","ping_status":"closed","template":"","meta":[],"product_brand":[],"product_cat":[47],"product_tag":[],"class_list":{"0":"post-3115","1":"product","2":"type-product","3":"status-publish","4":"has-post-thumbnail","6":"product_cat-polster","7":"product_shipping_class-paeckchen","9":"first","10":"instock","11":"sale","12":"sold-individually","13":"shipping-taxable","14":"purchasable","15":"product-type-simple"},"jetpack_sharing_enabled":true,"_links":{"self":[{"href":"https:\/\/stoffega.com\/en\/wp-json\/wp\/v2\/product\/3115","targetHints":{"allow":["GET"]}}],"collection":[{"href":"https:\/\/stoffega.com\/en\/wp-json\/wp\/v2\/product"}],"about":[{"href":"https:\/\/stoffega.com\/en\/wp-json\/wp\/v2\/types\/product"}],"replies":[{"embeddable":true,"href":"https:\/\/stoffega.com\/en\/wp-json\/wp\/v2\/comments?post=3115"}],"wp:featuredmedia":[{"embeddable":true,"href":"https:\/\/stoffega.com\/en\/wp-json\/wp\/v2\/media\/6654"}],"wp:attachment":[{"href":"https:\/\/stoffega.com\/en\/wp-json\/wp\/v2\/media?parent=3115"}],"wp:term":[{"taxonomy":"product_brand","embeddable":true,"href":"https:\/\/stoffega.com\/en\/wp-json\/wp\/v2\/product_brand?post=3115"},{"taxonomy":"product_cat","embeddable":true,"href":"https:\/\/stoffega.com\/en\/wp-json\/wp\/v2\/product_cat?post=3115"},{"taxonomy":"product_tag","embeddable":true,"href":"https:\/\/stoffega.com\/en\/wp-json\/wp\/v2\/product_tag?post=3115"}],"curies":[{"name":"wp","href":"https:\/\/api.w.org\/{rel}","templated":true}]}}