{"id":3134,"date":"2021-02-01T21:06:31","date_gmt":"2021-02-01T19:06:31","guid":{"rendered":"https:\/\/stoffega.com\/?post_type=product&#038;p=3134"},"modified":"2022-02-09T18:59:54","modified_gmt":"2022-02-09T16:59:54","slug":"petrol","status":"publish","type":"product","link":"https:\/\/stoffega.com\/en\/product\/petrol","title":{"rendered":"petrol"},"content":{"rendered":"<p>Dieses au\u00dfergew\u00f6hnliche Stifte-M\u00e4ppchen ist auf der Au\u00dfenseite aus einem durchg\u00e4ngigen Rei\u00dfverschluss gearbeitet. Es bietet genug Platz um Schreibzeug oder andere Dinge in einer Tasche sicher zu verstauen.<\/p>\n<p>Das Innenfutter besteht aus einen hochwertigen Designerstoff.<\/p>\n<p>&nbsp;<\/p>","protected":false},"excerpt":{"rendered":"<p>handgefertigt aus einem hochwertigen Rei\u00dfverschluss mit einem Baumwollstoff als Innenfutter<\/p>\n<p>Gr\u00f6\u00dfe: ca. 20cm x 7cm (ja nach Ausf\u00fchrung des Rei\u00dfverschlusses kann die Gr\u00f6\u00dfe etwas variieren)<\/p>","protected":false},"featured_media":0,"comment_status":"closed","ping_status":"closed","template":"","meta":[],"product_brand":[],"product_cat":[15],"product_tag":[],"class_list":{"0":"post-3134","1":"product","2":"type-product","3":"status-publish","5":"product_cat-other","6":"product_shipping_class-paeckchen","8":"first","9":"outofstock","10":"sold-individually","11":"shipping-taxable","12":"purchasable","13":"product-type-simple"},"jetpack_sharing_enabled":true,"_links":{"self":[{"href":"https:\/\/stoffega.com\/en\/wp-json\/wp\/v2\/product\/3134","targetHints":{"allow":["GET"]}}],"collection":[{"href":"https:\/\/stoffega.com\/en\/wp-json\/wp\/v2\/product"}],"about":[{"href":"https:\/\/stoffega.com\/en\/wp-json\/wp\/v2\/types\/product"}],"replies":[{"embeddable":true,"href":"https:\/\/stoffega.com\/en\/wp-json\/wp\/v2\/comments?post=3134"}],"wp:attachment":[{"href":"https:\/\/stoffega.com\/en\/wp-json\/wp\/v2\/media?parent=3134"}],"wp:term":[{"taxonomy":"product_brand","embeddable":true,"href":"https:\/\/stoffega.com\/en\/wp-json\/wp\/v2\/product_brand?post=3134"},{"taxonomy":"product_cat","embeddable":true,"href":"https:\/\/stoffega.com\/en\/wp-json\/wp\/v2\/product_cat?post=3134"},{"taxonomy":"product_tag","embeddable":true,"href":"https:\/\/stoffega.com\/en\/wp-json\/wp\/v2\/product_tag?post=3134"}],"curies":[{"name":"wp","href":"https:\/\/api.w.org\/{rel}","templated":true}]}}