{"id":3509,"date":"2021-06-01T18:04:14","date_gmt":"2021-06-01T16:04:14","guid":{"rendered":"https:\/\/stoffega.com\/?post_type=product&#038;p=3509"},"modified":"2026-02-05T15:02:52","modified_gmt":"2026-02-05T13:02:52","slug":"sydney-new-york","status":"publish","type":"product","link":"https:\/\/stoffega.com\/en\/product\/sydney-new-york","title":{"rendered":"Sydney \/ New York"},"content":{"rendered":"<p>Der Shopper besticht mit seiner edlen Optik und hohen Funktionalit\u00e4t. Die Tasche ist oben offen, sodass schnell alles rein- oder rausgenommen werden kann. Durch ihre Gr\u00f6\u00dfe bietet sie sogar genug Platz f\u00fcr den kleinen Einkauf zwischendurch, einen Laptop, einen Ringbuchordner oder eine Trinkflasche.<\/p>\n<p>Damit deine Wertgegenst\u00e4nde aber sicher verwahrt und auch gleich bei der Hand sind, gibt es innen seitlich ein gro\u00dfes Zipperfach, indem Handy, Brieftasche, Ausweis usw. Platz finden. F\u00fcr den Schl\u00fcssel gibt es einen eigenen Keyfinder mit Karabinerhaken.<\/p>\n<p>Die Tasche wird mit Lederriemen \u00fcber die Schulter getragen. Diese Lederriemen kann man vor dem Waschen der Tasche ganz einfach mit einem Schraubenzieher abmontieren und dann wieder entsprechend leicht aufschrauben.<\/p>\n<p>Die Tasche (ohne Lederriemen) ist bei 30\u00b0 Feinw\u00e4sche waschbar.<\/p>\n<p>Das Modell kann auf Wunsch auch mit den St\u00e4dten: Sydney, New York, Bankok, Tokio, London, Paris, Amsterdam oder Rom angefertigt werden. Bitte einfach eine Nachricht mit deinen beiden Wunsch-St\u00e4dten schreiben.<\/p>\n<p>Die Tasche ist nach dem Schnitt &#8222;Shopper Rori&#8220; von &#8222;Das mach ich nachts &#8220; mit eigenen Anpassungen gen\u00e4ht.<\/p>","protected":false},"excerpt":{"rendered":"<p>handgefertigt aus hochwertigen Baumwollstoffen, wunderbar weichen Essex-Leinen und mit echten Lederriemen<\/p>\n<p>Gr\u00f6\u00dfe: ca. 38cm x 36cm x 10cm<\/p>","protected":false},"featured_media":3404,"comment_status":"closed","ping_status":"closed","template":"","meta":[],"product_brand":[],"product_cat":[568,146],"product_tag":[320,219,321,319,318,255],"class_list":{"0":"post-3509","1":"product","2":"type-product","3":"status-publish","4":"has-post-thumbnail","6":"product_cat-sale","7":"product_cat-shopper","8":"product_tag-handbag","9":"product_tag-handtasche","10":"product_tag-leder","11":"product_tag-schultertasche","12":"product_tag-shopper","13":"product_tag-tasche","14":"product_shipping_class-paket-2kg","16":"first","17":"instock","18":"sale","19":"shipping-taxable","20":"purchasable","21":"product-type-simple"},"jetpack_sharing_enabled":true,"_links":{"self":[{"href":"https:\/\/stoffega.com\/en\/wp-json\/wp\/v2\/product\/3509","targetHints":{"allow":["GET"]}}],"collection":[{"href":"https:\/\/stoffega.com\/en\/wp-json\/wp\/v2\/product"}],"about":[{"href":"https:\/\/stoffega.com\/en\/wp-json\/wp\/v2\/types\/product"}],"replies":[{"embeddable":true,"href":"https:\/\/stoffega.com\/en\/wp-json\/wp\/v2\/comments?post=3509"}],"wp:featuredmedia":[{"embeddable":true,"href":"https:\/\/stoffega.com\/en\/wp-json\/wp\/v2\/media\/3404"}],"wp:attachment":[{"href":"https:\/\/stoffega.com\/en\/wp-json\/wp\/v2\/media?parent=3509"}],"wp:term":[{"taxonomy":"product_brand","embeddable":true,"href":"https:\/\/stoffega.com\/en\/wp-json\/wp\/v2\/product_brand?post=3509"},{"taxonomy":"product_cat","embeddable":true,"href":"https:\/\/stoffega.com\/en\/wp-json\/wp\/v2\/product_cat?post=3509"},{"taxonomy":"product_tag","embeddable":true,"href":"https:\/\/stoffega.com\/en\/wp-json\/wp\/v2\/product_tag?post=3509"}],"curies":[{"name":"wp","href":"https:\/\/api.w.org\/{rel}","templated":true}]}}