{"id":3809,"date":"2021-11-09T18:28:43","date_gmt":"2021-11-09T16:28:43","guid":{"rendered":"https:\/\/stoffega.com\/?post_type=product&#038;p=3809"},"modified":"2026-01-31T16:34:04","modified_gmt":"2026-01-31T14:34:04","slug":"minikissen-lavendelblueten","status":"publish","type":"product","link":"https:\/\/stoffega.com\/en\/product\/minikissen-lavendelblueten","title":{"rendered":"Minikissen Lavendelbl\u00fcten"},"content":{"rendered":"<p>Diese kleinen Mini-Kissen gibt es in den unterschiedlichsten Farben und Mustern. Gerne kannst du bei deiner Bestellung Farbw\u00fcnsche im Kommentarfeld angeben.<\/p>\n<p><span>Meine Lavendelbl\u00fctenkissen sind zu 100 % mit geschnittenen, getrockneten Lavendelbl\u00fcten\u00a0 gef\u00fcllt.\u00a0<\/span>Bei den Lavendelbl\u00fcten handelt es sich um ein 100% nat\u00fcrliches Produkt \u2013 frei von Zusatz- und Farbstoffen, die ich von einem gemeinn\u00fctzigem Inklusionsunternehmen beziehe.<\/p>\n<p>Der Geruch der Lavendelbl\u00fcten ist sehr stark und langanhaltend, sodass die Kissen lange einen angenehmen Duft verspr\u00fchen. Der Duft ist aromatisch und beruhigend. Falls der Duft nachl\u00e4sst, einfach das Kissen etwas reiben, dann stellt sich der intensive Geruch wieder her.<\/p>\n<p><strong>Hinweis:<\/strong><\/p>\n<p>Nicht zum Verzehr geeignet!<\/p>\n<p>Die Lavendelbl\u00fctenkissen d\u00fcrfen nicht im Backrohr oder in der Mirkrowelle erw\u00e4rmt werden \u2013 Entflammungsgefahr.<\/p>\n<p>Gerne fertige ich die Kissen auch in Wunschgr\u00f6\u00dfen an.<\/p>","protected":false},"excerpt":{"rendered":"<p><span>handgefertigt aus hochwertigen Leinenstoffen<\/span><\/p>\n<p>Gr\u00f6\u00dfe: ca. 10cm x 10cm x 10cm<\/p>","protected":false},"featured_media":3810,"comment_status":"closed","ping_status":"closed","template":"","meta":[],"product_brand":[],"product_cat":[152],"product_tag":[],"class_list":{"0":"post-3809","1":"product","2":"type-product","3":"status-publish","4":"has-post-thumbnail","6":"product_cat-mini-kissen","7":"product_shipping_class-paeckchen","9":"first","10":"instock","11":"sale","12":"shipping-taxable","13":"purchasable","14":"product-type-simple"},"jetpack_sharing_enabled":true,"_links":{"self":[{"href":"https:\/\/stoffega.com\/en\/wp-json\/wp\/v2\/product\/3809","targetHints":{"allow":["GET"]}}],"collection":[{"href":"https:\/\/stoffega.com\/en\/wp-json\/wp\/v2\/product"}],"about":[{"href":"https:\/\/stoffega.com\/en\/wp-json\/wp\/v2\/types\/product"}],"replies":[{"embeddable":true,"href":"https:\/\/stoffega.com\/en\/wp-json\/wp\/v2\/comments?post=3809"}],"wp:featuredmedia":[{"embeddable":true,"href":"https:\/\/stoffega.com\/en\/wp-json\/wp\/v2\/media\/3810"}],"wp:attachment":[{"href":"https:\/\/stoffega.com\/en\/wp-json\/wp\/v2\/media?parent=3809"}],"wp:term":[{"taxonomy":"product_brand","embeddable":true,"href":"https:\/\/stoffega.com\/en\/wp-json\/wp\/v2\/product_brand?post=3809"},{"taxonomy":"product_cat","embeddable":true,"href":"https:\/\/stoffega.com\/en\/wp-json\/wp\/v2\/product_cat?post=3809"},{"taxonomy":"product_tag","embeddable":true,"href":"https:\/\/stoffega.com\/en\/wp-json\/wp\/v2\/product_tag?post=3809"}],"curies":[{"name":"wp","href":"https:\/\/api.w.org\/{rel}","templated":true}]}}