{"id":3813,"date":"2021-11-09T18:38:37","date_gmt":"2021-11-09T16:38:37","guid":{"rendered":"https:\/\/stoffega.com\/?post_type=product&#038;p=3813"},"modified":"2026-01-31T16:33:07","modified_gmt":"2026-01-31T14:33:07","slug":"minikissen-zirbe","status":"publish","type":"product","link":"https:\/\/stoffega.com\/en\/product\/minikissen-zirbe","title":{"rendered":"Minikissen Zirbe"},"content":{"rendered":"<p>Diese kleinen Mini-Kissen gibt es in den unterschiedlichsten Farben und Mustern. Gerne kannst du bei deiner Bestellung Farbw\u00fcnsche im Kommentarfeld angeben.<\/p>\n<p><span>Meine Zirbenkissen sind mit 100% heimischen Zirbenholzflocken 1. Qualit\u00e4t gef\u00fcllt.<\/span><\/p>\n<p>Durch die K\u00f6rperw\u00e4rme werden \u00e4therischen \u00d6le und somit die Wirkung der Zirbe freigesetzt. Zirbenflocken knistern leise und verstr\u00f6men einen wunderbaren Duft. Es wird empfohlen das Kissen zeitweise an der frischen Luft zu l\u00fcften, dabei sollte es nicht nass oder feucht werden.<\/p>\n<p>Die Zirbe, auch Zirbelkiefer genannt ist ein Kieferngew\u00e4chs, beheimatet in den Regionen der Alpen und Karpaten. Bereits seit Jahrhunderten verwendet der Mensch das Holz der Zirbe als Werkstoff im Holz- und M\u00f6belbau. Es ist wegen seiner Weichheit, der leichten Verarbeitbarkeit und aufgrund des wohlriechenden, aromatischen Geruchs, der das Holz verstr\u00f6mt, beliebt.<\/p>\n<p>Die verwendeten Zirbenflocken sind besonders harzreich, wodurch der Duft besonders intensiv ist und Sie\u00a0 ihn lange genie\u00dfen k\u00f6nnen. Die verwendeten Flocken werden speziell als F\u00fcllmaterial f\u00fcr Kissen gehobelt. Wir verwenden keine Abfallsp\u00e4ne!\u00a0Die Wirkung der Zirbe ergibt sich aus den im Holz enthaltenden \u00e4therischen \u00d6len, diese sind f\u00fcr den Duft verantwortlich. Es wird ihm ein beruhigender, entspannender Effekt nachgesagt.<\/p>\n<p>Gerne fertige ich die Kissen auch in Wunschgr\u00f6\u00dfen an.<\/p>","protected":false},"excerpt":{"rendered":"<p><span>handgefertigt aus hochwertigen Leinenstoffen<\/span><\/p>\n<p>Gr\u00f6\u00dfe: ca. 10cm x 10cm x 10cm<\/p>","protected":false},"featured_media":3810,"comment_status":"closed","ping_status":"closed","template":"","meta":[],"product_brand":[],"product_cat":[152],"product_tag":[],"class_list":{"0":"post-3813","1":"product","2":"type-product","3":"status-publish","4":"has-post-thumbnail","6":"product_cat-mini-kissen","7":"product_shipping_class-paeckchen","9":"first","10":"instock","11":"sale","12":"shipping-taxable","13":"purchasable","14":"product-type-simple"},"jetpack_sharing_enabled":true,"_links":{"self":[{"href":"https:\/\/stoffega.com\/en\/wp-json\/wp\/v2\/product\/3813","targetHints":{"allow":["GET"]}}],"collection":[{"href":"https:\/\/stoffega.com\/en\/wp-json\/wp\/v2\/product"}],"about":[{"href":"https:\/\/stoffega.com\/en\/wp-json\/wp\/v2\/types\/product"}],"replies":[{"embeddable":true,"href":"https:\/\/stoffega.com\/en\/wp-json\/wp\/v2\/comments?post=3813"}],"wp:featuredmedia":[{"embeddable":true,"href":"https:\/\/stoffega.com\/en\/wp-json\/wp\/v2\/media\/3810"}],"wp:attachment":[{"href":"https:\/\/stoffega.com\/en\/wp-json\/wp\/v2\/media?parent=3813"}],"wp:term":[{"taxonomy":"product_brand","embeddable":true,"href":"https:\/\/stoffega.com\/en\/wp-json\/wp\/v2\/product_brand?post=3813"},{"taxonomy":"product_cat","embeddable":true,"href":"https:\/\/stoffega.com\/en\/wp-json\/wp\/v2\/product_cat?post=3813"},{"taxonomy":"product_tag","embeddable":true,"href":"https:\/\/stoffega.com\/en\/wp-json\/wp\/v2\/product_tag?post=3813"}],"curies":[{"name":"wp","href":"https:\/\/api.w.org\/{rel}","templated":true}]}}