{"id":4175,"date":"2021-11-14T17:18:58","date_gmt":"2021-11-14T15:18:58","guid":{"rendered":"https:\/\/stoffega.com\/?post_type=product&#038;p=4175"},"modified":"2022-02-09T19:01:57","modified_gmt":"2022-02-09T17:01:57","slug":"gelbe-blaetter-5","status":"publish","type":"product","link":"https:\/\/stoffega.com\/en\/product\/gelbe-blaetter-5","title":{"rendered":"gelbe Bl\u00e4tter"},"content":{"rendered":"<p>Diese Tasche besticht durch ihre geniale Einfachheit. Durch das Gummiband schlie\u00dft die Tasche immer sicher, egal ob sie wenig Inhalt enth\u00e4lt oder gut gef\u00fcllt ist.<\/p>\n<p>Die Au\u00dfenseite ist aus<span> Essex-Leinen und einem Baumwoll-Kanvas gearbeitet, wodurch die Tasche stabil und gut in der Hand liegt.<\/span><\/p>","protected":false},"excerpt":{"rendered":"<p><span>handgefertigt aus hochwertigen Baumwollstoffen und wunderbar weichen Essex-Leinen<\/span><\/p>\n<p>Gr\u00f6\u00dfe: ca. 20cm x 25cm (in geschlossenem Zustand 20cm x 17cm)<\/p>","protected":false},"featured_media":0,"comment_status":"closed","ping_status":"closed","template":"","meta":[],"product_brand":[],"product_cat":[15],"product_tag":[],"class_list":{"0":"post-4175","1":"product","2":"type-product","3":"status-publish","5":"product_cat-other","6":"product_shipping_class-paeckchen","8":"first","9":"outofstock","10":"sold-individually","11":"shipping-taxable","12":"purchasable","13":"product-type-simple"},"jetpack_sharing_enabled":true,"_links":{"self":[{"href":"https:\/\/stoffega.com\/en\/wp-json\/wp\/v2\/product\/4175","targetHints":{"allow":["GET"]}}],"collection":[{"href":"https:\/\/stoffega.com\/en\/wp-json\/wp\/v2\/product"}],"about":[{"href":"https:\/\/stoffega.com\/en\/wp-json\/wp\/v2\/types\/product"}],"replies":[{"embeddable":true,"href":"https:\/\/stoffega.com\/en\/wp-json\/wp\/v2\/comments?post=4175"}],"wp:attachment":[{"href":"https:\/\/stoffega.com\/en\/wp-json\/wp\/v2\/media?parent=4175"}],"wp:term":[{"taxonomy":"product_brand","embeddable":true,"href":"https:\/\/stoffega.com\/en\/wp-json\/wp\/v2\/product_brand?post=4175"},{"taxonomy":"product_cat","embeddable":true,"href":"https:\/\/stoffega.com\/en\/wp-json\/wp\/v2\/product_cat?post=4175"},{"taxonomy":"product_tag","embeddable":true,"href":"https:\/\/stoffega.com\/en\/wp-json\/wp\/v2\/product_tag?post=4175"}],"curies":[{"name":"wp","href":"https:\/\/api.w.org\/{rel}","templated":true}]}}