{"id":4443,"date":"2021-11-20T21:45:33","date_gmt":"2021-11-20T19:45:33","guid":{"rendered":"https:\/\/stoffega.com\/?post_type=product&#038;p=4443"},"modified":"2023-05-06T08:38:43","modified_gmt":"2023-05-06T06:38:43","slug":"blaetter-6","status":"publish","type":"product","link":"https:\/\/stoffega.com\/en\/product\/blaetter-6","title":{"rendered":"Rosa Kreise"},"content":{"rendered":"<p>Diese Handtasche bietet viel Platz f\u00fcr unterwegs und durch die gro\u00dfe obere \u00d6ffnung einen guten \u00dcberblick \u00fcber den Inhalt. An der Au\u00dfenseite gibt es ein extra Zipperfach, in dem Handy , Schl\u00fcssel, Kopfh\u00f6rer sicher Platz finden. Im Innereren gibt es ein weiteres Zipperfach um auch die Geldb\u00f6rse oder den Ausweis sicher zu verwahren. Die Tasche ist leicht mit einem Magnetknopf zu verschlie\u00dfen.<\/p>\n<p>Der Tr\u00e4ger ist gr\u00f6\u00dfenverstellbar und so l\u00e4sst sich die Tasche\u00a0 als Schulter- oder Umh\u00e4ngetasche tragen.<\/p>\n<p>&nbsp;<\/p>","protected":false},"excerpt":{"rendered":"<p>handgefertigt aus hochwertigen Baumwollstoffen und wunderbar weichen Essex-Leinen<\/p>\n<p>Gr\u00f6\u00dfe: ca. 40cm x 37cm<\/p>","protected":false},"featured_media":0,"comment_status":"closed","ping_status":"closed","template":"","meta":[],"product_brand":[],"product_cat":[15],"product_tag":[260,320,219,321,319,318,255,314],"class_list":{"0":"post-4443","1":"product","2":"type-product","3":"status-publish","5":"product_cat-other","6":"product_tag-crossbodytasche","7":"product_tag-handbag","8":"product_tag-handtasche","9":"product_tag-leder","10":"product_tag-schultertasche","11":"product_tag-shopper","12":"product_tag-tasche","13":"product_tag-umhaengetasche","14":"product_shipping_class-paeckchen","16":"first","17":"outofstock","18":"shipping-taxable","19":"purchasable","20":"product-type-simple"},"jetpack_sharing_enabled":true,"_links":{"self":[{"href":"https:\/\/stoffega.com\/en\/wp-json\/wp\/v2\/product\/4443","targetHints":{"allow":["GET"]}}],"collection":[{"href":"https:\/\/stoffega.com\/en\/wp-json\/wp\/v2\/product"}],"about":[{"href":"https:\/\/stoffega.com\/en\/wp-json\/wp\/v2\/types\/product"}],"replies":[{"embeddable":true,"href":"https:\/\/stoffega.com\/en\/wp-json\/wp\/v2\/comments?post=4443"}],"wp:attachment":[{"href":"https:\/\/stoffega.com\/en\/wp-json\/wp\/v2\/media?parent=4443"}],"wp:term":[{"taxonomy":"product_brand","embeddable":true,"href":"https:\/\/stoffega.com\/en\/wp-json\/wp\/v2\/product_brand?post=4443"},{"taxonomy":"product_cat","embeddable":true,"href":"https:\/\/stoffega.com\/en\/wp-json\/wp\/v2\/product_cat?post=4443"},{"taxonomy":"product_tag","embeddable":true,"href":"https:\/\/stoffega.com\/en\/wp-json\/wp\/v2\/product_tag?post=4443"}],"curies":[{"name":"wp","href":"https:\/\/api.w.org\/{rel}","templated":true}]}}