{"id":475,"date":"2020-03-21T18:36:41","date_gmt":"2020-03-21T16:36:41","guid":{"rendered":"https:\/\/stoffega.live-website.com\/?post_type=product&#038;p=475"},"modified":"2021-04-18T12:18:39","modified_gmt":"2021-04-18T10:18:39","slug":"gelb-rosa-streifen","status":"publish","type":"product","link":"https:\/\/stoffega.com\/en\/product\/gelb-rosa-streifen","title":{"rendered":"gelb\/rosa Streifen"},"content":{"rendered":"<p>Dieses T\u00e4schchen ist ein gro\u00dfartiger Begleiter in Ihrer Tasche um Ihre wichtigsten Dinge zu verstauen. Der Rei\u00dfverschluss entlang der runden Oberkante l\u00e4sst sich komplett \u00f6ffnen und es bietet sich somit einen guten \u00dcberblick \u00fcber den Inhalt.<\/p>\n<p>Jedes T\u00e4schchen ist ein Unikat, da es aus kleinen Srcaps &#8211; \u00fcbriggebliebenen Restst\u00fccken gr\u00f6\u00dferer Patchworkprojekte &#8211; gefertigt wurde. Das Innenfutter besteht aus einem passenden Designer-Stoff aus hochwertiger Baumwolle.<\/p>","protected":false},"excerpt":{"rendered":"<p>handgefertigt aus hochwertigen Baumwollstoffen<\/p>\n<p>Gr\u00f6\u00dfe: ca. 21cm x 13cm<\/p>","protected":false},"featured_media":0,"comment_status":"closed","ping_status":"closed","template":"","meta":[],"product_brand":[],"product_cat":[15],"product_tag":[],"class_list":{"0":"post-475","1":"product","2":"type-product","3":"status-publish","5":"product_cat-other","6":"product_shipping_class-paeckchen","8":"first","9":"outofstock","10":"sold-individually","11":"shipping-taxable","12":"purchasable","13":"product-type-simple"},"jetpack_sharing_enabled":true,"_links":{"self":[{"href":"https:\/\/stoffega.com\/en\/wp-json\/wp\/v2\/product\/475","targetHints":{"allow":["GET"]}}],"collection":[{"href":"https:\/\/stoffega.com\/en\/wp-json\/wp\/v2\/product"}],"about":[{"href":"https:\/\/stoffega.com\/en\/wp-json\/wp\/v2\/types\/product"}],"replies":[{"embeddable":true,"href":"https:\/\/stoffega.com\/en\/wp-json\/wp\/v2\/comments?post=475"}],"wp:attachment":[{"href":"https:\/\/stoffega.com\/en\/wp-json\/wp\/v2\/media?parent=475"}],"wp:term":[{"taxonomy":"product_brand","embeddable":true,"href":"https:\/\/stoffega.com\/en\/wp-json\/wp\/v2\/product_brand?post=475"},{"taxonomy":"product_cat","embeddable":true,"href":"https:\/\/stoffega.com\/en\/wp-json\/wp\/v2\/product_cat?post=475"},{"taxonomy":"product_tag","embeddable":true,"href":"https:\/\/stoffega.com\/en\/wp-json\/wp\/v2\/product_tag?post=475"}],"curies":[{"name":"wp","href":"https:\/\/api.w.org\/{rel}","templated":true}]}}