{"id":5038,"date":"2022-06-25T14:48:52","date_gmt":"2022-06-25T12:48:52","guid":{"rendered":"https:\/\/stoffega.com\/?post_type=product&#038;p=5038"},"modified":"2025-10-26T11:09:41","modified_gmt":"2025-10-26T09:09:41","slug":"korktasche","status":"publish","type":"product","link":"https:\/\/stoffega.com\/en\/product\/korktasche","title":{"rendered":"Monstera"},"content":{"rendered":"<p>In dieser Umh\u00e4ngetasche finden alle wichtigen Dinge Platz, die du ausw\u00e4rts immer mit dabei hast, wie z.B.: Handy, Schl\u00fcssel, Ausweis, Geldb\u00f6rse u\u00e4.<\/p>\n<p>Damit alles ordentlich verstaut ist, gibt es au\u00dfen ein Steck- und ein Rei\u00dfverschlussfach und innen ebenfalls noch ein weiteres Rei\u00dfverschlussfach.<\/p>\n<p>Der Gurt ist seitlich an der Tasche mit Karabiner befestigt und kann auf die passende L\u00e4nge eingestellt werden. Nat\u00fcrlich kannst du auch verschiedene Gurte verwenden.<\/p>\n<p>Die Tasche ist au\u00dfen komplett aus portugiesischem Korkleder gearbeitet und somit wasserabweisend. Sollte die Tasche einmal schmutzig werden, braucht man sie nur mit einem feuchten Tuch sauber machen.<\/p>","protected":false},"excerpt":{"rendered":"<p>handgefertigt aus portugiesischem Korkleder und\u00a0 hochwertigen Baumwollstoffen<\/p>\n<p>Gr\u00f6\u00dfe: ca. 23cm x 18cm x 6cm<\/p>","protected":false},"featured_media":13839,"comment_status":"closed","ping_status":"closed","template":"","meta":[],"product_brand":[],"product_cat":[203],"product_tag":[316,259,373,260,320,219,319,255,314],"class_list":{"0":"post-5038","1":"product","2":"type-product","3":"status-publish","4":"has-post-thumbnail","6":"product_cat-korktasche-medium","7":"product_tag-bag","8":"product_tag-crossbody","9":"product_tag-crossbodybag","10":"product_tag-crossbodytasche","11":"product_tag-handbag","12":"product_tag-handtasche","13":"product_tag-schultertasche","14":"product_tag-tasche","15":"product_tag-umhaengetasche","16":"product_shipping_class-paket-2kg","18":"first","19":"instock","20":"shipping-taxable","21":"purchasable","22":"product-type-simple"},"jetpack_sharing_enabled":true,"_links":{"self":[{"href":"https:\/\/stoffega.com\/en\/wp-json\/wp\/v2\/product\/5038","targetHints":{"allow":["GET"]}}],"collection":[{"href":"https:\/\/stoffega.com\/en\/wp-json\/wp\/v2\/product"}],"about":[{"href":"https:\/\/stoffega.com\/en\/wp-json\/wp\/v2\/types\/product"}],"replies":[{"embeddable":true,"href":"https:\/\/stoffega.com\/en\/wp-json\/wp\/v2\/comments?post=5038"}],"wp:featuredmedia":[{"embeddable":true,"href":"https:\/\/stoffega.com\/en\/wp-json\/wp\/v2\/media\/13839"}],"wp:attachment":[{"href":"https:\/\/stoffega.com\/en\/wp-json\/wp\/v2\/media?parent=5038"}],"wp:term":[{"taxonomy":"product_brand","embeddable":true,"href":"https:\/\/stoffega.com\/en\/wp-json\/wp\/v2\/product_brand?post=5038"},{"taxonomy":"product_cat","embeddable":true,"href":"https:\/\/stoffega.com\/en\/wp-json\/wp\/v2\/product_cat?post=5038"},{"taxonomy":"product_tag","embeddable":true,"href":"https:\/\/stoffega.com\/en\/wp-json\/wp\/v2\/product_tag?post=5038"}],"curies":[{"name":"wp","href":"https:\/\/api.w.org\/{rel}","templated":true}]}}