{"id":5893,"date":"2023-02-12T19:56:09","date_gmt":"2023-02-12T17:56:09","guid":{"rendered":"https:\/\/stoffega.com\/?post_type=product&#038;p=5893"},"modified":"2023-02-12T21:10:30","modified_gmt":"2023-02-12T19:10:30","slug":"fische","status":"publish","type":"product","link":"https:\/\/stoffega.com\/en\/product\/fische","title":{"rendered":"Fische"},"content":{"rendered":"<p>Dieses kleine Korkt\u00e4schchen ist aus hochwertigem Korkleder gearbeitet. Das Korkleder ist wasserabweisend und man kann es mit einem feuchten Tuch leicht reinigen.<\/p>\n<p>Das T\u00e4schchen ist gro\u00df genug f\u00fcr Kleingeld, Kopfh\u00f6rer, Ladekabel oder \u00e4hnliches.<\/p>\n<p>&nbsp;<\/p>","protected":false},"excerpt":{"rendered":"<p>handgefertigt aus hochwertigem Korkleder<\/p>\n<p>Gr\u00f6\u00dfe: ca. 10 cm x 10 cm x 10 cm<\/p>","protected":false},"featured_media":0,"comment_status":"closed","ping_status":"closed","template":"","meta":[],"product_brand":[],"product_cat":[15],"product_tag":[244,245,242,308,307,309,162],"class_list":{"0":"post-5893","1":"product","2":"type-product","3":"status-publish","5":"product_cat-other","6":"product_tag-brieftasche","7":"product_tag-geldbeutel","8":"product_tag-geldboerse","9":"product_tag-geldtaeschchen","10":"product_tag-korktaeschchen","11":"product_tag-minitasche","12":"product_tag-taeschchen","13":"product_shipping_class-paeckchen","15":"first","16":"instock","17":"shipping-taxable","18":"purchasable","19":"product-type-simple"},"jetpack_sharing_enabled":true,"_links":{"self":[{"href":"https:\/\/stoffega.com\/en\/wp-json\/wp\/v2\/product\/5893","targetHints":{"allow":["GET"]}}],"collection":[{"href":"https:\/\/stoffega.com\/en\/wp-json\/wp\/v2\/product"}],"about":[{"href":"https:\/\/stoffega.com\/en\/wp-json\/wp\/v2\/types\/product"}],"replies":[{"embeddable":true,"href":"https:\/\/stoffega.com\/en\/wp-json\/wp\/v2\/comments?post=5893"}],"wp:attachment":[{"href":"https:\/\/stoffega.com\/en\/wp-json\/wp\/v2\/media?parent=5893"}],"wp:term":[{"taxonomy":"product_brand","embeddable":true,"href":"https:\/\/stoffega.com\/en\/wp-json\/wp\/v2\/product_brand?post=5893"},{"taxonomy":"product_cat","embeddable":true,"href":"https:\/\/stoffega.com\/en\/wp-json\/wp\/v2\/product_cat?post=5893"},{"taxonomy":"product_tag","embeddable":true,"href":"https:\/\/stoffega.com\/en\/wp-json\/wp\/v2\/product_tag?post=5893"}],"curies":[{"name":"wp","href":"https:\/\/api.w.org\/{rel}","templated":true}]}}