{"id":6717,"date":"2023-04-10T08:00:46","date_gmt":"2023-04-10T06:00:46","guid":{"rendered":"https:\/\/stoffega.com\/?post_type=product&#038;p=6717"},"modified":"2025-06-09T19:30:29","modified_gmt":"2025-06-09T17:30:29","slug":"waldblumen-3","status":"publish","type":"product","link":"https:\/\/stoffega.com\/en\/product\/waldblumen-3","title":{"rendered":"Panther"},"content":{"rendered":"<div class=\"icon-box featured-box icon-box-top text-left\">\n<div class=\"icon-box-text last-reset\">\n<div id=\"text-284114472\" class=\"text\">\n<p class=\"p1\">Diese Rucksacktasche ist als kleine City-Rucksack-Tasche konzipiert. Trage sie als<span>\u00a0<\/span>Umh\u00e4ngetasche<span>\u00a0<\/span>mit dem langen Tr\u00e4ger oder &#8222;verwandle&#8220; diesen mit einem Handgriff in Rucksacktr\u00e4ger, um die Tasche als\u00a0Rucksack oder Slingbag<span>\u00a0<\/span>zu tragen.<\/p>\n<p class=\"p1\">Ein besonderer und praktischer Hingucker ist die Aufsatztasche mit umlaufendem Rei\u00dfverschluss. Da drinnen findest du\u00a0 Steckf\u00e4cher f\u00fcrs Handy und f\u00fcr Stifte und ein zus\u00e4tzliches Rei\u00dfverschlussfach. Die Tasche hat innen und auf der R\u00fcckseite noch weitere Rei\u00dfverschluss- und Steckf\u00e4cher.<\/p>\n<p>Der Heavy Canvas ist ein sehr kompaktes dicht gewebtes Leinen und nimmt somit nicht so schnell Wasser oder Verschmutzung an. Bei Bedarf kann der Rucksack bei 30\u00b0 Schonw\u00e4sche in der Maschine gewaschen werden.<\/p>\n<p>Dieser Rucksack ist nach dem Schnittmuster &#8222;Rucksacktasche Tykka&#8220; von Hansedelli gearbeitet.<\/p>\n<\/div>\n<\/div>\n<\/div>\n<div class=\"icon-box featured-box icon-box-top text-left\">\n<div class=\"icon-box-text last-reset\">\n<div id=\"text-742968446\" class=\"text\">\n<p>&nbsp;<\/p>\n<\/div>\n<\/div>\n<\/div>","protected":false},"excerpt":{"rendered":"<p>handgefertigt aus hochwertigen Leinen- und Baumwollstoffen und Heavy Canvas<\/p>\n<p>Gr\u00f6\u00dfe: ca. 23cm x 28cm x 9cm<\/p>","protected":false},"featured_media":13291,"comment_status":"closed","ping_status":"closed","template":"","meta":[],"product_brand":[],"product_cat":[363],"product_tag":[331,259,373,260,372,219,328,371,255,314],"class_list":{"0":"post-6717","1":"product","2":"type-product","3":"status-publish","4":"has-post-thumbnail","6":"product_cat-rucksacktasche-tykka","7":"product_tag-backbag","8":"product_tag-crossbody","9":"product_tag-crossbodybag","10":"product_tag-crossbodytasche","11":"product_tag-daybag","12":"product_tag-handtasche","13":"product_tag-rucksack","14":"product_tag-rucksacktasche","15":"product_tag-tasche","16":"product_tag-umhaengetasche","17":"product_shipping_class-paket-2kg","19":"first","20":"instock","21":"shipping-taxable","22":"purchasable","23":"product-type-simple"},"jetpack_sharing_enabled":true,"_links":{"self":[{"href":"https:\/\/stoffega.com\/en\/wp-json\/wp\/v2\/product\/6717","targetHints":{"allow":["GET"]}}],"collection":[{"href":"https:\/\/stoffega.com\/en\/wp-json\/wp\/v2\/product"}],"about":[{"href":"https:\/\/stoffega.com\/en\/wp-json\/wp\/v2\/types\/product"}],"replies":[{"embeddable":true,"href":"https:\/\/stoffega.com\/en\/wp-json\/wp\/v2\/comments?post=6717"}],"wp:featuredmedia":[{"embeddable":true,"href":"https:\/\/stoffega.com\/en\/wp-json\/wp\/v2\/media\/13291"}],"wp:attachment":[{"href":"https:\/\/stoffega.com\/en\/wp-json\/wp\/v2\/media?parent=6717"}],"wp:term":[{"taxonomy":"product_brand","embeddable":true,"href":"https:\/\/stoffega.com\/en\/wp-json\/wp\/v2\/product_brand?post=6717"},{"taxonomy":"product_cat","embeddable":true,"href":"https:\/\/stoffega.com\/en\/wp-json\/wp\/v2\/product_cat?post=6717"},{"taxonomy":"product_tag","embeddable":true,"href":"https:\/\/stoffega.com\/en\/wp-json\/wp\/v2\/product_tag?post=6717"}],"curies":[{"name":"wp","href":"https:\/\/api.w.org\/{rel}","templated":true}]}}