{"id":6733,"date":"2023-04-12T12:30:18","date_gmt":"2023-04-12T10:30:18","guid":{"rendered":"https:\/\/stoffega.com\/?post_type=product&#038;p=6733"},"modified":"2025-06-06T00:57:27","modified_gmt":"2025-06-05T22:57:27","slug":"gelbe-pusteblumen-3-3-2","status":"publish","type":"product","link":"https:\/\/stoffega.com\/en\/product\/gelbe-pusteblumen-3-3-2","title":{"rendered":"V\u00f6gel"},"content":{"rendered":"<p>Diese Tasche eignet sich perfekt f\u00fcr die Aufbewahrung von Strick- oder H\u00e4kelprojekten.<\/p>\n<p>Die Tasche l\u00e4sst sich mit dem Kordelzug leicht und schnell \u00f6ffnen und bietet dann einen guten \u00dcberblick \u00fcber den gesamten Inhalt. Der Innenteil ist sehr ger\u00e4umig und hat rundherum an den Seiten Steckf\u00e4cher in unterschiedlichen Breiten, so dass man seine Utensilien &#8211; z.B. Nadeln, Schere, Ma\u00dfband, Wolle, Anleitung, Brille,&#8230;..\u00a0 &#8211; gut sortiert aufbewahren kann.<\/p>\n<p>Au\u00dfen gibt es noch ein extra Rei\u00dfverschlussfach und die Tasche hat zwei Tragegriffe und einen abnehmbaren Tragegurt.<\/p>\n<p>Nat\u00fcrlich kann man diese Projekttasche auch f\u00fcr andere Hobbys\u00a0 oder anderes z.B.: als Handtasche verwenden.<\/p>\n<p>Die Tasche ist bei 30\u00b0 Grad Pflegew\u00e4sche in der Maschine waschbar.<\/p>\n<p>&nbsp;<\/p>","protected":false},"excerpt":{"rendered":"<p><span>handgefertigt aus hochwertigen Baumwollstoffen<\/span><\/p>\n<p>Gr\u00f6\u00dfe: ca. 38 cm x 27 cm x 16 cm<\/p>","protected":false},"featured_media":12674,"comment_status":"closed","ping_status":"closed","template":"","meta":[],"product_brand":[],"product_cat":[54],"product_tag":[267,266,268,271,270,269,263,264,262,261,265],"class_list":{"0":"post-6733","1":"product","2":"type-product","3":"status-publish","4":"has-post-thumbnail","6":"product_cat-projekttasche","7":"product_tag-haekelbeutel","8":"product_tag-haekeln","9":"product_tag-haekeltasche","10":"product_tag-handarbeiten","11":"product_tag-handarbeitsbeutel","12":"product_tag-handarbeitstasche","13":"product_tag-projektbeutel","14":"product_tag-projekttasche","15":"product_tag-strickbeutel","16":"product_tag-stricken","17":"product_tag-stricktasche","18":"product_shipping_class-paket-2kg","20":"first","21":"instock","22":"shipping-taxable","23":"purchasable","24":"product-type-simple"},"jetpack_sharing_enabled":true,"_links":{"self":[{"href":"https:\/\/stoffega.com\/en\/wp-json\/wp\/v2\/product\/6733","targetHints":{"allow":["GET"]}}],"collection":[{"href":"https:\/\/stoffega.com\/en\/wp-json\/wp\/v2\/product"}],"about":[{"href":"https:\/\/stoffega.com\/en\/wp-json\/wp\/v2\/types\/product"}],"replies":[{"embeddable":true,"href":"https:\/\/stoffega.com\/en\/wp-json\/wp\/v2\/comments?post=6733"}],"wp:featuredmedia":[{"embeddable":true,"href":"https:\/\/stoffega.com\/en\/wp-json\/wp\/v2\/media\/12674"}],"wp:attachment":[{"href":"https:\/\/stoffega.com\/en\/wp-json\/wp\/v2\/media?parent=6733"}],"wp:term":[{"taxonomy":"product_brand","embeddable":true,"href":"https:\/\/stoffega.com\/en\/wp-json\/wp\/v2\/product_brand?post=6733"},{"taxonomy":"product_cat","embeddable":true,"href":"https:\/\/stoffega.com\/en\/wp-json\/wp\/v2\/product_cat?post=6733"},{"taxonomy":"product_tag","embeddable":true,"href":"https:\/\/stoffega.com\/en\/wp-json\/wp\/v2\/product_tag?post=6733"}],"curies":[{"name":"wp","href":"https:\/\/api.w.org\/{rel}","templated":true}]}}