{"id":7007,"date":"2023-05-27T12:22:58","date_gmt":"2023-05-27T10:22:58","guid":{"rendered":"https:\/\/stoffega.com\/?post_type=product&#038;p=7007"},"modified":"2026-01-28T15:43:59","modified_gmt":"2026-01-28T13:43:59","slug":"weisse-punkte-auf-lila-2-2","status":"publish","type":"product","link":"https:\/\/stoffega.com\/en\/product\/weisse-punkte-auf-lila-2-2","title":{"rendered":"Weltkarte"},"content":{"rendered":"<p>Diese Brieftasche ist ein echter Allrounder. In den beiden gro\u00dfen Zipper-F\u00e4chern findet je nach Vorliebe das Kleingeld, die Geldscheine oder das &#8222;Zettelzeug&#8220; genug Platz. Wenn man die Brieftasche mit dem Magnetknopf \u00f6ffnet, hat man auf der einen Seite 4 Kartenf\u00e4cher und auf der anderen Seite ein Sichtfenster aus Vinyl f\u00fcr F\u00fchrerschein, Fahrscheine, Fotos, usw. Weiters gibt es hinter dem Vinylfach auch noch ein Steckfach in dem Geldscheine gut Platz finden.<\/p>\n<p>Dadurch, dass sich die beiden Bereiche der Brieftasche mit dem Magnetknopf verschlie\u00dfen lassen, bietet sich dieser Platz auch gut an, um das Handy, Einkaufszettel oder sonstige Kleinigkeiten, die man in der Hand hat, sicher zu verstauen.<\/p>\n<p>Das h\u00f6here Rei\u00dfverschlussfach ist auch so gro\u00df, dass ein Reisepass drin Platz findet.<\/p>\n<p>Seitlich gibt es 2 Schlaufen mit D-Ringen, an denen man optional mit einem Karabiner einen Handgurt oder einen Schultergurt aus Kork anbringen kann. Bitte bei der Bestellung im Kommentarfeld angeben ob und wenn ja, welche Variante du m\u00f6chtest. F\u00fcr den Schultergurt ist dann ein Aufpreis von \u20ac 5.- zu bezahlen.<\/p>\n<p>Die Brieftasche ist bei 30\u00b0 Grad in der Maschine waschbar.<\/p>","protected":false},"excerpt":{"rendered":"<p><span>handgefertigt aus hochwertigen Baumwollstoffen und wunderbar weichen Essex-Leinen<\/span><\/p>\n<p>Gr\u00f6\u00dfe: ca. 20cm x 11cm (geschlossen)<\/p>","protected":false},"featured_media":14258,"comment_status":"closed","ping_status":"closed","template":"","meta":[],"product_brand":[],"product_cat":[78],"product_tag":[244,275,245,242,250,243],"class_list":{"0":"post-7007","1":"product","2":"type-product","3":"status-publish","4":"has-post-thumbnail","6":"product_cat-double-zip","7":"product_tag-brieftasche","8":"product_tag-geld","9":"product_tag-geldbeutel","10":"product_tag-geldboerse","11":"product_tag-geldtasche","12":"product_tag-portemonnaie","13":"product_shipping_class-paeckchen","15":"first","16":"instock","17":"shipping-taxable","18":"purchasable","19":"product-type-simple"},"jetpack_sharing_enabled":true,"_links":{"self":[{"href":"https:\/\/stoffega.com\/en\/wp-json\/wp\/v2\/product\/7007","targetHints":{"allow":["GET"]}}],"collection":[{"href":"https:\/\/stoffega.com\/en\/wp-json\/wp\/v2\/product"}],"about":[{"href":"https:\/\/stoffega.com\/en\/wp-json\/wp\/v2\/types\/product"}],"replies":[{"embeddable":true,"href":"https:\/\/stoffega.com\/en\/wp-json\/wp\/v2\/comments?post=7007"}],"wp:featuredmedia":[{"embeddable":true,"href":"https:\/\/stoffega.com\/en\/wp-json\/wp\/v2\/media\/14258"}],"wp:attachment":[{"href":"https:\/\/stoffega.com\/en\/wp-json\/wp\/v2\/media?parent=7007"}],"wp:term":[{"taxonomy":"product_brand","embeddable":true,"href":"https:\/\/stoffega.com\/en\/wp-json\/wp\/v2\/product_brand?post=7007"},{"taxonomy":"product_cat","embeddable":true,"href":"https:\/\/stoffega.com\/en\/wp-json\/wp\/v2\/product_cat?post=7007"},{"taxonomy":"product_tag","embeddable":true,"href":"https:\/\/stoffega.com\/en\/wp-json\/wp\/v2\/product_tag?post=7007"}],"curies":[{"name":"wp","href":"https:\/\/api.w.org\/{rel}","templated":true}]}}