{"id":7712,"date":"2023-10-28T12:50:38","date_gmt":"2023-10-28T10:50:38","guid":{"rendered":"https:\/\/stoffega.com\/?post_type=product&#038;p=7712"},"modified":"2026-02-17T15:05:47","modified_gmt":"2026-02-17T13:05:47","slug":"braunes-karo-4","status":"publish","type":"product","link":"https:\/\/stoffega.com\/en\/product\/braunes-karo-4","title":{"rendered":"Bl\u00e4tter"},"content":{"rendered":"<p>Diese Geldb\u00f6rse\u00a0 hat am oberen Ende einen Metallrahmen, den man durch Zusammendr\u00fccken \u00f6ffnen kann. So sind M\u00fcnzen und Papiergeld sicher verwahrt.<\/p>","protected":false},"excerpt":{"rendered":"<p>handgefertigt aus hochwertigem portugiesischem Korkleder<\/p>\n<p>Gr\u00f6\u00dfe: ca. 9 cm x 6 cm<\/p>","protected":false},"featured_media":16358,"comment_status":"closed","ping_status":"closed","template":"","meta":[],"product_brand":[],"product_cat":[342],"product_tag":[244,275,245,242,308,250,310,309],"class_list":{"0":"post-7712","1":"product","2":"type-product","3":"status-publish","4":"has-post-thumbnail","6":"product_cat-schnapp-geldboerse","7":"product_tag-brieftasche","8":"product_tag-geld","9":"product_tag-geldbeutel","10":"product_tag-geldboerse","11":"product_tag-geldtaeschchen","12":"product_tag-geldtasche","13":"product_tag-minigeldbeutel","14":"product_tag-minitasche","15":"product_shipping_class-paeckchen","17":"first","18":"instock","19":"shipping-taxable","20":"purchasable","21":"product-type-simple"},"jetpack_sharing_enabled":true,"_links":{"self":[{"href":"https:\/\/stoffega.com\/en\/wp-json\/wp\/v2\/product\/7712","targetHints":{"allow":["GET"]}}],"collection":[{"href":"https:\/\/stoffega.com\/en\/wp-json\/wp\/v2\/product"}],"about":[{"href":"https:\/\/stoffega.com\/en\/wp-json\/wp\/v2\/types\/product"}],"replies":[{"embeddable":true,"href":"https:\/\/stoffega.com\/en\/wp-json\/wp\/v2\/comments?post=7712"}],"wp:featuredmedia":[{"embeddable":true,"href":"https:\/\/stoffega.com\/en\/wp-json\/wp\/v2\/media\/16358"}],"wp:attachment":[{"href":"https:\/\/stoffega.com\/en\/wp-json\/wp\/v2\/media?parent=7712"}],"wp:term":[{"taxonomy":"product_brand","embeddable":true,"href":"https:\/\/stoffega.com\/en\/wp-json\/wp\/v2\/product_brand?post=7712"},{"taxonomy":"product_cat","embeddable":true,"href":"https:\/\/stoffega.com\/en\/wp-json\/wp\/v2\/product_cat?post=7712"},{"taxonomy":"product_tag","embeddable":true,"href":"https:\/\/stoffega.com\/en\/wp-json\/wp\/v2\/product_tag?post=7712"}],"curies":[{"name":"wp","href":"https:\/\/api.w.org\/{rel}","templated":true}]}}