{"id":7944,"date":"2024-01-09T09:15:06","date_gmt":"2024-01-09T07:15:06","guid":{"rendered":"https:\/\/stoffega.com\/?post_type=product&#038;p=7944"},"modified":"2025-10-27T13:04:27","modified_gmt":"2025-10-27T11:04:27","slug":"rucksack-canvas-2","status":"publish","type":"product","link":"https:\/\/stoffega.com\/en\/product\/rucksack-canvas-2","title":{"rendered":"B\u00fccher mit blauem Canvas"},"content":{"rendered":"<p><span>Dieser sehr ger\u00e4umiger Rucksack mit einem Roll Top bietet wirklich viel Stauraum f\u00fcr alles was im Alltag so mit muss.<\/span><\/p>\n<p><span>Der\u00a0<\/span>Oberteil des Rucksacks ist aus Heavy Canvas gearbeitet, dies ist ein sehr strapazierf\u00e4higes, sehr dicht gewebtes Leinen aus 100% Baumwolle, welches dem Rucksack die n\u00f6tige Stabilit\u00e4t gibt.<\/p>\n<p>Der Boden und der R\u00fccken sind aus Kork gearbeitet, da der Kork sehr robust und wasserabweisend ist. Sie sind ebenso, wie die Tr\u00e4ger noch extra gepolstert.<\/p>\n<p>Die Tr\u00e4ger sind aus Heavy Canvas und ergonomisch geformt f\u00fcr einen besseren Tragekomfort. Bei Bedarf kann ein Brustgurt dazu bestellt werden. Die Tr\u00e4ger sind mittels Leiterschnalle mit einem Griff auf die richtige L\u00e4nge einstellbar.<\/p>\n<p>Der Rucksack hat 3 zus\u00e4tzliche Rei\u00dfverschlussf\u00e4cher: Vorne, am R\u00fccken (f\u00fcr Wertsachen nah am K\u00f6rper) und im Inneren<\/p>\n<p>Innen gibt es auch ein Steckfach, das auch f\u00fcr Laptops geeignet ist.<\/p>\n<p>An den Seiten befinden sich zwei Steckf\u00e4cher f\u00fcr Trinkflaschen oder \u00e4hnliches, was schnell erreichbar ein soll.<\/p>\n<p><span>Sollte der Rucksack einmal schmutzig werden, wann man ihn bei 30\u00b0 Schonwaschprogramm in der Waschmaschine waschen.<\/span><\/p>\n<p>&nbsp;<\/p>","protected":false},"excerpt":{"rendered":"<p>handgefertigt aus hochwertigen Kork- und Baumwollstoffen und Heavy Canvas<\/p>\n<p>Gr\u00f6\u00dfe: ca. 30cm x 46cm (ausgerollt 68cm) x 13cm<\/p>","protected":false},"featured_media":13319,"comment_status":"closed","ping_status":"closed","template":"","meta":[],"product_brand":[],"product_cat":[364],"product_tag":[331,403,402,328,371],"class_list":{"0":"post-7944","1":"product","2":"type-product","3":"status-publish","4":"has-post-thumbnail","6":"product_cat-rucksack-canvas","7":"product_tag-backbag","8":"product_tag-rolltop","9":"product_tag-rolltoprucksack","10":"product_tag-rucksack","11":"product_tag-rucksacktasche","12":"product_shipping_class-paket-2kg","14":"first","15":"instock","16":"shipping-taxable","17":"purchasable","18":"product-type-simple"},"jetpack_sharing_enabled":true,"_links":{"self":[{"href":"https:\/\/stoffega.com\/en\/wp-json\/wp\/v2\/product\/7944","targetHints":{"allow":["GET"]}}],"collection":[{"href":"https:\/\/stoffega.com\/en\/wp-json\/wp\/v2\/product"}],"about":[{"href":"https:\/\/stoffega.com\/en\/wp-json\/wp\/v2\/types\/product"}],"replies":[{"embeddable":true,"href":"https:\/\/stoffega.com\/en\/wp-json\/wp\/v2\/comments?post=7944"}],"wp:featuredmedia":[{"embeddable":true,"href":"https:\/\/stoffega.com\/en\/wp-json\/wp\/v2\/media\/13319"}],"wp:attachment":[{"href":"https:\/\/stoffega.com\/en\/wp-json\/wp\/v2\/media?parent=7944"}],"wp:term":[{"taxonomy":"product_brand","embeddable":true,"href":"https:\/\/stoffega.com\/en\/wp-json\/wp\/v2\/product_brand?post=7944"},{"taxonomy":"product_cat","embeddable":true,"href":"https:\/\/stoffega.com\/en\/wp-json\/wp\/v2\/product_cat?post=7944"},{"taxonomy":"product_tag","embeddable":true,"href":"https:\/\/stoffega.com\/en\/wp-json\/wp\/v2\/product_tag?post=7944"}],"curies":[{"name":"wp","href":"https:\/\/api.w.org\/{rel}","templated":true}]}}