{"id":8023,"date":"2024-01-09T15:24:46","date_gmt":"2024-01-09T13:24:46","guid":{"rendered":"https:\/\/stoffega.com\/?post_type=product&#038;p=8023"},"modified":"2026-04-12T10:57:02","modified_gmt":"2026-04-12T08:57:02","slug":"rot-schwarz-gruen-2-2","status":"publish","type":"product","link":"https:\/\/stoffega.com\/en\/product\/rot-schwarz-gruen-2-2","title":{"rendered":"Bunte Bl\u00e4tter"},"content":{"rendered":"<p>In dieser kleinen Umh\u00e4ngetasche finden alle wichtigen Dinge Platz, die du ausw\u00e4rts immer mit dabei hast, wie z.B.: Handy, Schl\u00fcssel, Ausweis, Geldb\u00f6rse u\u00e4.<\/p>\n<p>Das gro\u00dfe Rei\u00dfverschlussfach hat innen 2 Einsteckf\u00e4cher f\u00fcr Karten und auf der R\u00fcckseite der Tasche gibt es noch ein zweites etwas kleineres Rei\u00dfverschlussfach. Vorne im schr\u00e4gen Einsteckfach ist z.B. ein guter Platz f\u00fcr die Einkaufsliste, ein Hundesackerl oder ein Taschentuch.<\/p>\n<p>Die Kordel ist seitlich an der Tasche mit Schlaufen befestigt und kann mit einem Knopf auf die passende L\u00e4nge eingestellt werden.<\/p>\n<p>Die Tasche ist au\u00dfen komplett aus portugiesischem Korkleder gearbeitet und somit wasserabweisend. Sollte die Tasche einmal schmutzig werden, braucht man sie nur mit einem feuchten Tuch sauber machen.<\/p>","protected":false},"excerpt":{"rendered":"<p>handgefertigt aus portugiesischem Korkleder und\u00a0 hochwertigen Baumwollstoffen<\/p>\n<p>Gr\u00f6\u00dfe: ca. 14cm x 20cm x 1,5cm<\/p>","protected":false},"featured_media":13906,"comment_status":"closed","ping_status":"closed","template":"","meta":[],"product_brand":[],"product_cat":[143],"product_tag":[333,307,256,162,317,314],"class_list":{"0":"post-8023","1":"product","2":"type-product","3":"status-publish","4":"has-post-thumbnail","6":"product_cat-mini-umhaengetasche","7":"product_tag-kleine-tasche","8":"product_tag-korktaeschchen","9":"product_tag-korktasche","10":"product_tag-taeschchen","11":"product_tag-umhaengetaeschchen","12":"product_tag-umhaengetasche","13":"product_shipping_class-paket-2kg","15":"first","16":"outofstock","17":"shipping-taxable","18":"purchasable","19":"product-type-simple"},"jetpack_sharing_enabled":true,"_links":{"self":[{"href":"https:\/\/stoffega.com\/en\/wp-json\/wp\/v2\/product\/8023","targetHints":{"allow":["GET"]}}],"collection":[{"href":"https:\/\/stoffega.com\/en\/wp-json\/wp\/v2\/product"}],"about":[{"href":"https:\/\/stoffega.com\/en\/wp-json\/wp\/v2\/types\/product"}],"replies":[{"embeddable":true,"href":"https:\/\/stoffega.com\/en\/wp-json\/wp\/v2\/comments?post=8023"}],"wp:featuredmedia":[{"embeddable":true,"href":"https:\/\/stoffega.com\/en\/wp-json\/wp\/v2\/media\/13906"}],"wp:attachment":[{"href":"https:\/\/stoffega.com\/en\/wp-json\/wp\/v2\/media?parent=8023"}],"wp:term":[{"taxonomy":"product_brand","embeddable":true,"href":"https:\/\/stoffega.com\/en\/wp-json\/wp\/v2\/product_brand?post=8023"},{"taxonomy":"product_cat","embeddable":true,"href":"https:\/\/stoffega.com\/en\/wp-json\/wp\/v2\/product_cat?post=8023"},{"taxonomy":"product_tag","embeddable":true,"href":"https:\/\/stoffega.com\/en\/wp-json\/wp\/v2\/product_tag?post=8023"}],"curies":[{"name":"wp","href":"https:\/\/api.w.org\/{rel}","templated":true}]}}