{"id":8162,"date":"2024-01-16T09:43:54","date_gmt":"2024-01-16T07:43:54","guid":{"rendered":"https:\/\/stoffega.com\/?post_type=product&#038;p=8162"},"modified":"2025-09-29T12:12:44","modified_gmt":"2025-09-29T10:12:44","slug":"haeuser-2","status":"publish","type":"product","link":"https:\/\/stoffega.com\/en\/product\/haeuser-2","title":{"rendered":"Korkstreifen"},"content":{"rendered":"<p>Diese H\u00fclle passt in der Gr\u00f6\u00dfe genau f\u00fcr den Mutterkindpass oder den Heimtierpass. Sie ist aus hochwertigem Korkleder gearbeitet. Das Korkleder ist wasserabweisend und man kann es mit einem feuchten Tuch leicht reinigen. So ist der Pass gut vor Feuchtigkeit und Schmutz gesch\u00fctzt.<\/p>\n<p>Auf einer Innenseite befindet sich ein Steckfach f\u00fcr Karten.<\/p>\n<p>&nbsp;<\/p>","protected":false},"excerpt":{"rendered":"<p>handgefertigt aus hochwertigem portugiesischem Kork<\/p>\n<p>Gr\u00f6\u00dfe: ca. 11,5 cm x 17,5 cm<\/p>","protected":false},"featured_media":10876,"comment_status":"closed","ping_status":"closed","template":"","meta":[],"product_brand":[],"product_cat":[284],"product_tag":[286,289,287,285,291,290,288],"class_list":{"0":"post-8162","1":"product","2":"type-product","3":"status-publish","4":"has-post-thumbnail","6":"product_cat-mutterkind-heimtierpass","7":"product_tag-heimtierpass","8":"product_tag-korkhuelle","9":"product_tag-mukipass","10":"product_tag-mutterkindpass","11":"product_tag-pass","12":"product_tag-passhuelle","13":"product_tag-schutzhuelle","14":"product_shipping_class-paeckchen","16":"first","17":"outofstock","18":"shipping-taxable","19":"purchasable","20":"product-type-simple"},"jetpack_sharing_enabled":true,"_links":{"self":[{"href":"https:\/\/stoffega.com\/en\/wp-json\/wp\/v2\/product\/8162","targetHints":{"allow":["GET"]}}],"collection":[{"href":"https:\/\/stoffega.com\/en\/wp-json\/wp\/v2\/product"}],"about":[{"href":"https:\/\/stoffega.com\/en\/wp-json\/wp\/v2\/types\/product"}],"replies":[{"embeddable":true,"href":"https:\/\/stoffega.com\/en\/wp-json\/wp\/v2\/comments?post=8162"}],"wp:featuredmedia":[{"embeddable":true,"href":"https:\/\/stoffega.com\/en\/wp-json\/wp\/v2\/media\/10876"}],"wp:attachment":[{"href":"https:\/\/stoffega.com\/en\/wp-json\/wp\/v2\/media?parent=8162"}],"wp:term":[{"taxonomy":"product_brand","embeddable":true,"href":"https:\/\/stoffega.com\/en\/wp-json\/wp\/v2\/product_brand?post=8162"},{"taxonomy":"product_cat","embeddable":true,"href":"https:\/\/stoffega.com\/en\/wp-json\/wp\/v2\/product_cat?post=8162"},{"taxonomy":"product_tag","embeddable":true,"href":"https:\/\/stoffega.com\/en\/wp-json\/wp\/v2\/product_tag?post=8162"}],"curies":[{"name":"wp","href":"https:\/\/api.w.org\/{rel}","templated":true}]}}