{"id":8362,"date":"2024-02-07T08:15:56","date_gmt":"2024-02-07T06:15:56","guid":{"rendered":"https:\/\/stoffega.com\/?post_type=product&#038;p=8362"},"modified":"2026-01-15T15:07:56","modified_gmt":"2026-01-15T13:07:56","slug":"kork-mit-braunen-streifen-6-2-2","status":"publish","type":"product","link":"https:\/\/stoffega.com\/en\/product\/kork-mit-braunen-streifen-6-2-2","title":{"rendered":"Braune Wellen"},"content":{"rendered":"<p>Diese Brieftasche besticht von au\u00dfen durch ihre schlichte Eleganz, den Rund-Um-Rei\u00dfverschluss und das Korkleder. Das Korkleder f\u00fchlt sich weich und samtig an und dies verst\u00e4rkt sich durch die Ben\u00fctzung noch mehr.<\/p>\n<p>\u00d6ffnet man die Tasche kommen farblich abgestimmte Patchwork-Designer-Stoffe, Essex-Leinen und ein ausgekl\u00fcgeltes Ordnungssystem zum Vorschein. Die Brieftasche ist innen auf das N\u00f6tigste beschr\u00e4nkt, damit sie schlanker ist, als meine anderen Modelle.\u00a0 Sie hat aber trotzdem 1 Rei\u00dfverschlussfach f\u00fcrs Kleingeld, 6 Karten-und 3 Steckf\u00e4cher, um alles gut zu verstauen. Weiters hat die Brieftasche ein Steckfach aus Vinyl in dem man Fotos, F\u00fchrerschein oder Fahrkarten gut sichtbar einstecken kann. Wenn n\u00f6tig findet auch das Handy Platz in dieser Brieftasche.<\/p>\n<p><span>Das Korkleder ist sehr robust und wasserfest. Es kann sehr einfach mit einem feuchten Tuch sanft gereinigt werden.\u00a0<\/span><\/p>\n<p><span> Die Brieftasche ist nach einem eigenen Entwurf gefertigt.<\/span><\/p>","protected":false},"excerpt":{"rendered":"<p><span>handgefertigt aus Korkleder, hochwertigen Baumwollstoffen und wunderbar weichen Essex-Leinen<\/span><\/p>\n<p>Gr\u00f6\u00dfe: ca. 21cm x 11cm<\/p>","protected":false},"featured_media":15191,"comment_status":"closed","ping_status":"closed","template":"","meta":[],"product_brand":[],"product_cat":[116],"product_tag":[244,275,245,242,250,243],"class_list":{"0":"post-8362","1":"product","2":"type-product","3":"status-publish","4":"has-post-thumbnail","6":"product_cat-kork-brieftasche","7":"product_tag-brieftasche","8":"product_tag-geld","9":"product_tag-geldbeutel","10":"product_tag-geldboerse","11":"product_tag-geldtasche","12":"product_tag-portemonnaie","13":"product_shipping_class-paeckchen","15":"first","16":"instock","17":"shipping-taxable","18":"purchasable","19":"product-type-simple"},"jetpack_sharing_enabled":true,"_links":{"self":[{"href":"https:\/\/stoffega.com\/en\/wp-json\/wp\/v2\/product\/8362","targetHints":{"allow":["GET"]}}],"collection":[{"href":"https:\/\/stoffega.com\/en\/wp-json\/wp\/v2\/product"}],"about":[{"href":"https:\/\/stoffega.com\/en\/wp-json\/wp\/v2\/types\/product"}],"replies":[{"embeddable":true,"href":"https:\/\/stoffega.com\/en\/wp-json\/wp\/v2\/comments?post=8362"}],"wp:featuredmedia":[{"embeddable":true,"href":"https:\/\/stoffega.com\/en\/wp-json\/wp\/v2\/media\/15191"}],"wp:attachment":[{"href":"https:\/\/stoffega.com\/en\/wp-json\/wp\/v2\/media?parent=8362"}],"wp:term":[{"taxonomy":"product_brand","embeddable":true,"href":"https:\/\/stoffega.com\/en\/wp-json\/wp\/v2\/product_brand?post=8362"},{"taxonomy":"product_cat","embeddable":true,"href":"https:\/\/stoffega.com\/en\/wp-json\/wp\/v2\/product_cat?post=8362"},{"taxonomy":"product_tag","embeddable":true,"href":"https:\/\/stoffega.com\/en\/wp-json\/wp\/v2\/product_tag?post=8362"}],"curies":[{"name":"wp","href":"https:\/\/api.w.org\/{rel}","templated":true}]}}