{"id":8715,"date":"2024-02-11T19:32:28","date_gmt":"2024-02-11T17:32:28","guid":{"rendered":"https:\/\/stoffega.com\/?post_type=product&#038;p=8715"},"modified":"2026-01-20T18:59:54","modified_gmt":"2026-01-20T16:59:54","slug":"braune-blaetter-2-2","status":"publish","type":"product","link":"https:\/\/stoffega.com\/en\/product\/braune-blaetter-2-2","title":{"rendered":"Blaue  Blumen &#8211; L"},"content":{"rendered":"<p>Dieses Kosmetiktasche besticht durch Ihre ungew\u00f6hnliche Form. Im geschlossenen Zustand ist der Taschenboden eher rund , wodurch die Tasche sehr platzsparend in jedem Koffer Platz findet.<\/p>\n<p>\u00d6ffnet man die Kosmetiktasche mit beiden Zippern ganz, so faltet sich die Tasche komplett auf, sodass man einen sehr guten \u00dcberblick \u00fcber den ganzen Inhalt hat.\u00a0 Weiters hat die Tasche noch ein Seitenfach mit Rei\u00dfverschluss,\u00a0 in dem sich die kleineren Dinge gut aufbewahren lassen.<\/p>\n<p>Der Innenstoff der Tasche ist wasserabweisend, sodass ausgeronnene Duschgels oder Lotionen keine Probleme verursachen.<\/p>\n<p>In der gro\u00dfen Version dieser Tasche ist ausreichend Platz f\u00fcr alle Kosmetika, die man zum Verreisen ben\u00f6tigt.<\/p>\n<p><span>Das T\u00e4schchen ist nach einem Schnittmuster von \u201eDas mach ich nachts GmbH\u201c\/Barbara Borchert gearbeitet, welches von mir noch adaptiert wurde.<\/span><\/p>","protected":false},"excerpt":{"rendered":"<p><span>handgefertigt aus wunderbar weichen Essex-Leinen und hochwertigen wasserabweisenden Innenstoffen\u00a0<\/span><\/p>\n<p>Gr\u00f6\u00dfe: ca. 27cm x 17cm x 13cm (geschlossen)\u00a0 ca. 27cm x 22cm x 11cm (ge\u00f6ffnet)<\/p>","protected":false},"featured_media":11449,"comment_status":"closed","ping_status":"closed","template":"","meta":[],"product_brand":[],"product_cat":[83],"product_tag":[165,164,160,163,162,161,166],"class_list":{"0":"post-8715","1":"product","2":"type-product","3":"status-publish","4":"has-post-thumbnail","6":"product_cat-kosmetik-pouches","7":"product_tag-badetasche","8":"product_tag-kosmetik","9":"product_tag-kosmetiktasche","10":"product_tag-kulturbeutel","11":"product_tag-taeschchen","12":"product_tag-waschtasche","13":"product_tag-zippertasche","14":"product_shipping_class-paeckchen","16":"first","17":"instock","18":"sale","19":"shipping-taxable","20":"purchasable","21":"product-type-simple"},"jetpack_sharing_enabled":true,"_links":{"self":[{"href":"https:\/\/stoffega.com\/en\/wp-json\/wp\/v2\/product\/8715","targetHints":{"allow":["GET"]}}],"collection":[{"href":"https:\/\/stoffega.com\/en\/wp-json\/wp\/v2\/product"}],"about":[{"href":"https:\/\/stoffega.com\/en\/wp-json\/wp\/v2\/types\/product"}],"replies":[{"embeddable":true,"href":"https:\/\/stoffega.com\/en\/wp-json\/wp\/v2\/comments?post=8715"}],"wp:featuredmedia":[{"embeddable":true,"href":"https:\/\/stoffega.com\/en\/wp-json\/wp\/v2\/media\/11449"}],"wp:attachment":[{"href":"https:\/\/stoffega.com\/en\/wp-json\/wp\/v2\/media?parent=8715"}],"wp:term":[{"taxonomy":"product_brand","embeddable":true,"href":"https:\/\/stoffega.com\/en\/wp-json\/wp\/v2\/product_brand?post=8715"},{"taxonomy":"product_cat","embeddable":true,"href":"https:\/\/stoffega.com\/en\/wp-json\/wp\/v2\/product_cat?post=8715"},{"taxonomy":"product_tag","embeddable":true,"href":"https:\/\/stoffega.com\/en\/wp-json\/wp\/v2\/product_tag?post=8715"}],"curies":[{"name":"wp","href":"https:\/\/api.w.org\/{rel}","templated":true}]}}