{"id":8847,"date":"2024-02-11T22:15:14","date_gmt":"2024-02-11T20:15:14","guid":{"rendered":"https:\/\/stoffega.com\/?post_type=product&#038;p=8847"},"modified":"2024-02-11T22:36:43","modified_gmt":"2024-02-11T20:36:43","slug":"coming-soon","status":"publish","type":"product","link":"https:\/\/stoffega.com\/en\/product\/coming-soon","title":{"rendered":"coming soon"},"content":{"rendered":"<p>Deine individuelle H\u00fclle f\u00fcr Tablet, E-Book-Reader und Co.<\/p>\n<p>Das Lux-Cover ist eine ma\u00dfgeschneiderte Tablet-H\u00fclle mit Aufstellfunktion, die f\u00fcr ALLE Tablets und E-Book-Reader bestellbar ist. Eine kleine Auswahl der g\u00e4ngigsten Tablet und E-Book-Reader habe ich auch auf Lager.<\/p>\n<p>Das Cover hat eine praktische Aufstellfunktion,. Ideal zum Lesen, Arbeiten oder Filme schauen.<\/p>\n<p>&nbsp;<\/p>\n<p><span>Das Cover ist nach dem Schnittmuster von Spatz und Lux gearbeitet. Lizenznummer: 283084-LUX001-172<\/span><\/p>","protected":false},"excerpt":{"rendered":"<div class=\"card-description\">\n<p>handgefertigt aus hochwertigem portugiesischem Korkleder und \/ oder Leinenstoffen<\/p>\n<p>Gr\u00f6\u00dfe: ca.<\/p>\n<p>&nbsp;<\/p>\n<\/div>\n<div class=\"footer\">\n<div class=\"price\">\n<h4><\/h4>\n<\/div>\n<\/div>","protected":false},"featured_media":8706,"comment_status":"closed","ping_status":"closed","template":"","meta":[],"product_brand":[],"product_cat":[465],"product_tag":[466,467,186,183,189,187,184,190,185,182,188],"class_list":{"0":"post-8847","1":"product","2":"type-product","3":"status-publish","4":"has-post-thumbnail","6":"product_cat-lux-cover","7":"product_tag-e-book-reader-case","8":"product_tag-e-book-reader-huelle","9":"product_tag-laptopcase","10":"product_tag-laptophuelle","11":"product_tag-laptoptasche","12":"product_tag-notebookcase","13":"product_tag-notebookhuelle","14":"product_tag-notebooktasche","15":"product_tag-tablettcase","16":"product_tag-tabletthuelle","17":"product_tag-tabletttasche","18":"product_shipping_class-paeckchen","20":"first","21":"instock","22":"shipping-taxable","23":"purchasable","24":"product-type-simple"},"jetpack_sharing_enabled":true,"_links":{"self":[{"href":"https:\/\/stoffega.com\/en\/wp-json\/wp\/v2\/product\/8847","targetHints":{"allow":["GET"]}}],"collection":[{"href":"https:\/\/stoffega.com\/en\/wp-json\/wp\/v2\/product"}],"about":[{"href":"https:\/\/stoffega.com\/en\/wp-json\/wp\/v2\/types\/product"}],"replies":[{"embeddable":true,"href":"https:\/\/stoffega.com\/en\/wp-json\/wp\/v2\/comments?post=8847"}],"wp:featuredmedia":[{"embeddable":true,"href":"https:\/\/stoffega.com\/en\/wp-json\/wp\/v2\/media\/8706"}],"wp:attachment":[{"href":"https:\/\/stoffega.com\/en\/wp-json\/wp\/v2\/media?parent=8847"}],"wp:term":[{"taxonomy":"product_brand","embeddable":true,"href":"https:\/\/stoffega.com\/en\/wp-json\/wp\/v2\/product_brand?post=8847"},{"taxonomy":"product_cat","embeddable":true,"href":"https:\/\/stoffega.com\/en\/wp-json\/wp\/v2\/product_cat?post=8847"},{"taxonomy":"product_tag","embeddable":true,"href":"https:\/\/stoffega.com\/en\/wp-json\/wp\/v2\/product_tag?post=8847"}],"curies":[{"name":"wp","href":"https:\/\/api.w.org\/{rel}","templated":true}]}}