{"id":9134,"date":"2024-02-23T22:43:51","date_gmt":"2024-02-23T20:43:51","guid":{"rendered":"https:\/\/stoffega.com\/?post_type=product&#038;p=9134"},"modified":"2025-01-10T10:46:28","modified_gmt":"2025-01-10T08:46:28","slug":"gutschein-e-10","status":"publish","type":"product","link":"https:\/\/stoffega.com\/en\/product\/gutschein-e-10","title":{"rendered":"Gutschein \u20ac 10.-"},"content":{"rendered":"<p>Gerne kannst du bei mir auch Gutscheine zum Verschenken bestellen. Du gibst einfach die gew\u00fcnschte Summe in den Warenkorb. Du kannst dann ausw\u00e4hlen, ob der Gutschein gleich direkt an die oder den Beschenkten oder zu dir geschickt werden soll. Ich verpacke die Gutscheine immer mit einer Kleinigkeit aus meinem Shop und nat\u00fcrlich einem Flyer, dass man wei\u00df, wo man ihn einl\u00f6sen kann.<\/p>","protected":false},"excerpt":{"rendered":"<p>Gutscheine in der St\u00fcckelung zu \u20ac 10.-<\/p>","protected":false},"featured_media":10777,"comment_status":"closed","ping_status":"closed","template":"","meta":[],"product_brand":[],"product_cat":[516],"product_tag":[487,488,485,486],"class_list":{"0":"post-9134","1":"product","2":"type-product","3":"status-publish","4":"has-post-thumbnail","6":"product_cat-gutschein","7":"product_tag-bon","8":"product_tag-coupon","9":"product_tag-gutschein","10":"product_tag-gutschrift","12":"first","13":"instock","14":"shipping-taxable","15":"purchasable","16":"product-type-simple"},"jetpack_sharing_enabled":true,"_links":{"self":[{"href":"https:\/\/stoffega.com\/en\/wp-json\/wp\/v2\/product\/9134","targetHints":{"allow":["GET"]}}],"collection":[{"href":"https:\/\/stoffega.com\/en\/wp-json\/wp\/v2\/product"}],"about":[{"href":"https:\/\/stoffega.com\/en\/wp-json\/wp\/v2\/types\/product"}],"replies":[{"embeddable":true,"href":"https:\/\/stoffega.com\/en\/wp-json\/wp\/v2\/comments?post=9134"}],"wp:featuredmedia":[{"embeddable":true,"href":"https:\/\/stoffega.com\/en\/wp-json\/wp\/v2\/media\/10777"}],"wp:attachment":[{"href":"https:\/\/stoffega.com\/en\/wp-json\/wp\/v2\/media?parent=9134"}],"wp:term":[{"taxonomy":"product_brand","embeddable":true,"href":"https:\/\/stoffega.com\/en\/wp-json\/wp\/v2\/product_brand?post=9134"},{"taxonomy":"product_cat","embeddable":true,"href":"https:\/\/stoffega.com\/en\/wp-json\/wp\/v2\/product_cat?post=9134"},{"taxonomy":"product_tag","embeddable":true,"href":"https:\/\/stoffega.com\/en\/wp-json\/wp\/v2\/product_tag?post=9134"}],"curies":[{"name":"wp","href":"https:\/\/api.w.org\/{rel}","templated":true}]}}