{"id":9753,"date":"2024-03-31T15:50:56","date_gmt":"2024-03-31T13:50:56","guid":{"rendered":"https:\/\/stoffega.com\/?post_type=product&#038;p=9753"},"modified":"2024-08-22T21:58:56","modified_gmt":"2024-08-22T19:58:56","slug":"coming-soon-3-2-2","status":"publish","type":"product","link":"https:\/\/stoffega.com\/en\/product\/coming-soon-3-2-2","title":{"rendered":"Pinke Blumen  &#8211; Halfmoonbag M"},"content":{"rendered":"<p>Meine Halfmoonbag bietet nicht nur einen trendigen Look, sondern ist auch \u00fcberzeugend praktisch und durchdacht in der Handhabung. Das gro\u00dfe Innenfach l\u00e4sst sich durch den oberen Rei\u00dfverschluss weit \u00f6ffnen und sicher verschlie\u00dfen und bietet ausreichend Platz f\u00fcr alles was mit muss.<\/p>\n<p>Zus\u00e4tzlich bieten die jeweils zwei Steck- und Rei\u00dfverschlussf\u00e4cher die n\u00f6tige Ordnung in der Tasche, sodass alles gut auffindbar ist.<\/p>\n<div class=\"multicolumn-card content-container\">\n<div class=\"multicolumn-card__info\">\n<div class=\"rte\">\n<p><span class=\"metafield-multi_line_text_field\">Die kompakte Gr\u00f6\u00dfe macht sie zum idealen Begleiter f\u00fcr den Alltag, egal ob als Crossbodybag oder \u00fcber die Schulter getragen.<\/span><\/p>\n<p><span class=\"metafield-multi_line_text_field\">Der Taschengurt ist mit zwei Karabinern angebracht und l\u00e4sst sich so nach Belieben auch wechseln.<\/span><\/p>\n<p><span class=\"metafield-multi_line_text_field\">Das Halbmond-Design verleiht der Tasche eine moderne und zugleich zeitlose \u00c4sthetik, die sich m\u00fchelos in jede Garderobe integriert. <\/span><span class=\"metafield-multi_line_text_field\">Hergestellt aus hochwertigen Leinenstoffen (auch als Innenfutter), bietet die Tasche eine robuste und langlebige Qualit\u00e4t. Sollte die Tasche einmal schmutzig werden, l\u00e4sst sie sich bei 30\u00b0 Grad Pflegew\u00e4sche in der Maschine waschen.<\/span><\/p>\n<\/div>\n<\/div>\n<\/div>","protected":false},"excerpt":{"rendered":"<div class=\"card-description\">\n<p>handgefertigt aus hochwertigen Leinen- und Baumwollstoffen<\/p>\n<p>Gr\u00f6\u00dfe: Breite ca. 35cm, H\u00f6he ca. 17cm, Tiefe ca. 12cm<\/p>\n<\/div>\n<div class=\"footer\">\n<div class=\"price\">\n<h4><\/h4>\n<\/div>\n<\/div>","protected":false},"featured_media":9754,"comment_status":"closed","ping_status":"closed","template":"","meta":[],"product_brand":[],"product_cat":[474],"product_tag":[252,259,260,254,475,219,253,249,257,258,256,476,255],"class_list":{"0":"post-9753","1":"product","2":"type-product","3":"status-publish","4":"has-post-thumbnail","6":"product_cat-halfmoon-bag","7":"product_tag-bauchtasche","8":"product_tag-crossbody","9":"product_tag-crossbodytasche","10":"product_tag-guerteltasche","11":"product_tag-halfmoonbag","12":"product_tag-handtasche","13":"product_tag-hipbag","14":"product_tag-kork","15":"product_tag-korkbauchtasche","16":"product_tag-korkhipbag","17":"product_tag-korktasche","18":"product_tag-moonbag","19":"product_tag-tasche","20":"product_shipping_class-paket-2kg","22":"first","23":"instock","24":"shipping-taxable","25":"purchasable","26":"product-type-simple"},"jetpack_sharing_enabled":true,"_links":{"self":[{"href":"https:\/\/stoffega.com\/en\/wp-json\/wp\/v2\/product\/9753","targetHints":{"allow":["GET"]}}],"collection":[{"href":"https:\/\/stoffega.com\/en\/wp-json\/wp\/v2\/product"}],"about":[{"href":"https:\/\/stoffega.com\/en\/wp-json\/wp\/v2\/types\/product"}],"replies":[{"embeddable":true,"href":"https:\/\/stoffega.com\/en\/wp-json\/wp\/v2\/comments?post=9753"}],"wp:featuredmedia":[{"embeddable":true,"href":"https:\/\/stoffega.com\/en\/wp-json\/wp\/v2\/media\/9754"}],"wp:attachment":[{"href":"https:\/\/stoffega.com\/en\/wp-json\/wp\/v2\/media?parent=9753"}],"wp:term":[{"taxonomy":"product_brand","embeddable":true,"href":"https:\/\/stoffega.com\/en\/wp-json\/wp\/v2\/product_brand?post=9753"},{"taxonomy":"product_cat","embeddable":true,"href":"https:\/\/stoffega.com\/en\/wp-json\/wp\/v2\/product_cat?post=9753"},{"taxonomy":"product_tag","embeddable":true,"href":"https:\/\/stoffega.com\/en\/wp-json\/wp\/v2\/product_tag?post=9753"}],"curies":[{"name":"wp","href":"https:\/\/api.w.org\/{rel}","templated":true}]}}